{"id":2173,"date":"2026-03-22T12:04:25","date_gmt":"2026-03-22T12:04:25","guid":{"rendered":"https:\/\/nordglaze.no\/?page_id=2173"},"modified":"2026-03-23T19:25:56","modified_gmt":"2026-03-23T19:25:56","slug":"__trashed","status":"publish","type":"page","link":"https:\/\/nordglaze.no\/da\/__trashed\/","title":{"rendered":"Tips om HSE"},"content":{"rendered":"<div class=\"wp-block-group alignfull is-content-justification-center is-layout-constrained wp-container-core-group-is-layout-df757ecc wp-block-group-is-layout-constrained\" style=\"margin-top:0;margin-bottom:0;padding-top:calc( 0.5 * var(--wp--style--root--padding-right, var(--wp--custom--gap--horizontal)));padding-right:var(--wp--style--root--padding-right, var(--wp--custom--gap--horizontal));padding-bottom:calc( 0.5 * var(--wp--style--root--padding-right, var(--wp--custom--gap--horizontal)));padding-left:var(--wp--style--root--padding-left, var(--wp--custom--gap--horizontal))\">\n<div style=\"height:calc( 0.25 * var(--wp--style--root--padding-right, var(--wp--custom--gap--horizontal)))\" aria-hidden=\"true\" class=\"wp-block-spacer\"><\/div>\n\n\n\n<div class=\"wp-block-columns alignwide is-layout-flex wp-container-core-columns-is-layout-9ef7a111 wp-block-columns-is-layout-flex\" style=\"margin-top:0px;margin-bottom:0px\">\n<div class=\"wp-block-column is-layout-flow wp-block-column-is-layout-flow\">\n<div class=\"wp-block-cover is-light\" style=\"min-height:800px;aspect-ratio:unset;\"><img loading=\"lazy\" decoding=\"async\" width=\"683\" height=\"1024\" class=\"wp-block-cover__image-background wp-image-2175 size-large\" alt=\"\" src=\"https:\/\/nordglaze.no\/wp-content\/uploads\/2026\/03\/DSC00009-7-683x1024.png\" data-object-fit=\"cover\" srcset=\"https:\/\/nordglaze.no\/wp-content\/uploads\/2026\/03\/DSC00009-7-683x1024.png 683w, https:\/\/nordglaze.no\/wp-content\/uploads\/2026\/03\/DSC00009-7-200x300.png 200w, https:\/\/nordglaze.no\/wp-content\/uploads\/2026\/03\/DSC00009-7-768x1151.png 768w, https:\/\/nordglaze.no\/wp-content\/uploads\/2026\/03\/DSC00009-7-8x12.png 8w, https:\/\/nordglaze.no\/wp-content\/uploads\/2026\/03\/DSC00009-7-300x450.png 300w, https:\/\/nordglaze.no\/wp-content\/uploads\/2026\/03\/DSC00009-7-600x899.png 600w, https:\/\/nordglaze.no\/wp-content\/uploads\/2026\/03\/DSC00009-7.png 1024w\" sizes=\"auto, (max-width: 683px) 100vw, 683px\" \/><span aria-hidden=\"true\" class=\"wp-block-cover__background has-background-dim-0 has-background-dim\" style=\"background-color:#b7a894\"><\/span><div class=\"wp-block-cover__inner-container is-layout-constrained wp-block-cover-is-layout-constrained\">\n<p class=\"has-text-align-center has-large-font-size\"><\/p>\n<\/div><\/div>\n<\/div>\n\n\n\n<div class=\"wp-block-column is-vertically-aligned-center is-layout-flow wp-block-column-is-layout-flow\">\n<div class=\"wp-block-group is-layout-constrained wp-container-core-group-is-layout-4a5aaad9 wp-block-group-is-layout-constrained\" style=\"margin-top:0;margin-bottom:0;padding-top:20px;padding-right:50px;padding-bottom:20px;padding-left:50px\">\n<h3 class=\"wp-block-heading\">Trygg og god glasuropplevelse<\/h3>\n\n\n\n<div class=\"wp-block-group is-layout-constrained wp-container-core-group-is-layout-cc91c3e3 wp-block-group-is-layout-constrained\">\n<div class=\"wp-block-group is-layout-constrained wp-container-core-group-is-layout-e415b0de wp-block-group-is-layout-constrained\">\n<h5 class=\"wp-block-heading\" style=\"text-transform:capitalize\"><strong>Unng\u00e5 hudkontakt<\/strong><\/h5>\n\n\n\n<p>Glasur inneholder kjemikalier som ikke b\u00f8r komme p\u00e5 huden.<br>Bruk hansker eller pensel n\u00e5r du jobber.<\/p>\n<\/div>\n\n\n\n<hr class=\"wp-block-separator has-alpha-channel-opacity is-style-wide\"\/>\n\n\n\n<div class=\"wp-block-group is-layout-constrained wp-container-core-group-is-layout-e415b0de wp-block-group-is-layout-constrained\">\n<h5 class=\"wp-block-heading\" style=\"text-transform:capitalize\"><strong>Unng\u00e5 st\u00f8v<\/strong><\/h5>\n\n\n\n<p>T\u00f8rr glasur kan bli til fint st\u00f8v.<br>Bruk st\u00f8vmaske n\u00e5r du skraper eller pusser.<\/p>\n<\/div>\n\n\n\n<hr class=\"wp-block-separator has-alpha-channel-opacity is-style-wide\"\/>\n\n\n\n<div class=\"wp-block-group is-layout-constrained wp-container-core-group-is-layout-e415b0de wp-block-group-is-layout-constrained\">\n<h5 class=\"wp-block-heading\" style=\"text-transform:capitalize\"><strong>Ikke varm opp for rask t\u00f8rk<\/strong><\/h5>\n\n\n\n<p>Vi anbefaler ikke \u00e5 fremskynde t\u00f8rking med varme.<br>Det kan frigj\u00f8re gasser som ikke er bra \u00e5 puste inn.<br>P\u00e5f\u00f8r heller tynne lag. Da t\u00f8rker det raskt av seg selv.<\/p>\n<\/div>\n\n\n\n<hr class=\"wp-block-separator has-alpha-channel-opacity is-style-wide\"\/>\n<\/div>\n\n\n\n<div class=\"wp-block-group is-layout-constrained wp-container-core-group-is-layout-cc91c3e3 wp-block-group-is-layout-constrained\">\n<div class=\"wp-block-group is-layout-constrained wp-container-core-group-is-layout-e415b0de wp-block-group-is-layout-constrained\">\n<h5 class=\"wp-block-heading\" style=\"text-transform:capitalize\"><strong>Unng\u00e5 hudkontakt<\/strong><\/h5>\n\n\n\n<p>Glasur inneholder kjemikalier som ikke b\u00f8r komme p\u00e5 huden.<br>Bruk hansker eller pensel n\u00e5r du jobber.<\/p>\n<\/div>\n\n\n\n<hr class=\"wp-block-separator has-alpha-channel-opacity is-style-wide\"\/>\n\n\n\n<div class=\"wp-block-group is-layout-constrained wp-container-core-group-is-layout-e415b0de wp-block-group-is-layout-constrained\">\n<h5 class=\"wp-block-heading\" style=\"text-transform:capitalize\"><strong>Bruk god ventilasjon<\/strong><\/h5>\n\n\n\n<p>Jobb helst i et rom med god lufting.<br>Har du ikke det, \u00e5pne vinduer og luft godt.<\/p>\n<\/div>\n\n\n\n<hr class=\"wp-block-separator has-alpha-channel-opacity is-style-wide\"\/>\n\n\n\n<div class=\"wp-block-group is-layout-constrained wp-container-core-group-is-layout-e415b0de wp-block-group-is-layout-constrained\">\n<h5 class=\"wp-block-heading\" style=\"text-transform:capitalize\"><strong>Hold det rent<\/strong><\/h5>\n\n\n\n<p>Vask hender, bord og utstyr godt etter bruk.<br>Unng\u00e5 at glasur sprer seg i rommet.<\/p>\n<\/div>\n<\/div>\n\n\n\n<div class=\"wp-block-group is-layout-constrained wp-container-core-group-is-layout-cc91c3e3 wp-block-group-is-layout-constrained\">\n<div class=\"wp-block-group is-layout-constrained wp-container-core-group-is-layout-e415b0de wp-block-group-is-layout-constrained\">\n<h5 class=\"wp-block-heading\" style=\"text-transform:capitalize\"><strong>Se etter merking<br><\/strong><\/h5>\n\n\n\n<p>Noen glasurer er ikke matsikre.<br>Dette st\u00e5r alltid i produktbeskrivelsen eller boksen. Ikke-matsikre glasurer kan brukes til dekor.<br>De egner seg til alt som ikke skal brukes til mat eller drikke.<\/p>\n<\/div>\n\n\n\n<hr class=\"wp-block-separator has-alpha-channel-opacity is-style-wide\"\/>\n\n\n\n<div class=\"wp-block-group is-layout-constrained wp-container-core-group-is-layout-e415b0de wp-block-group-is-layout-constrained\">\n<h5 class=\"wp-block-heading\" style=\"text-transform:capitalize\"><strong>Ikke spis eller drikk<\/strong><\/h5>\n\n\n\n<p>Unng\u00e5 \u00e5 spise eller drikke mens du jobber.<br>Du vil ikke f\u00e5 glasur i munnen.<\/p>\n<\/div>\n\n\n\n<hr class=\"wp-block-separator has-alpha-channel-opacity is-style-wide\"\/>\n\n\n\n<div class=\"wp-block-group is-layout-constrained wp-container-core-group-is-layout-e415b0de wp-block-group-is-layout-constrained\">\n<h5 class=\"wp-block-heading\" style=\"text-transform:capitalize\"><strong>Hold det utilgjengelig<\/strong><\/h5>\n\n\n\n<p>Hold glasur unna barn og dyr.<br>Oppbevar det trygt n\u00e5r det ikke er i bruk.<\/p>\n<\/div>\n\n\n\n<hr class=\"wp-block-separator has-alpha-channel-opacity is-style-wide\"\/>\n\n\n\n<div class=\"wp-block-group is-layout-constrained wp-container-core-group-is-layout-e415b0de wp-block-group-is-layout-constrained\">\n<h5 class=\"wp-block-heading\" style=\"text-transform:capitalize\"><strong>Bruk eget utstyr<\/strong><\/h5>\n\n\n\n<p>Bruk eget utstyr til glasur.<br>Ikke bruk kj\u00f8kkenutstyr.<\/p>\n<\/div>\n\n\n\n<div class=\"wp-block-group is-layout-constrained wp-container-core-group-is-layout-e415b0de wp-block-group-is-layout-constrained\">\n<h5 class=\"wp-block-heading\" style=\"text-transform:capitalize\"><\/h5>\n\n\n\n<p><\/p>\n\n\n\n<p>V\u00e5re glasurer er trygge \u00e5 bruke.<br>N\u00e5r du f\u00f8lger v\u00e5re anbefalinger, kan du jobbe trygt.<\/p>\n<\/div>\n<\/div>\n\n\n\n<div class=\"wp-block-group is-layout-constrained wp-container-core-group-is-layout-cc91c3e3 wp-block-group-is-layout-constrained\"><\/div>\n<\/div>\n<\/div>\n<\/div>\n\n\n\n<div style=\"height:calc( 0.25 * var(--wp--style--root--padding-right, var(--wp--custom--gap--horizontal)))\" aria-hidden=\"true\" class=\"wp-block-spacer\"><\/div>\n<\/div>\n\n\n\n<p><\/p>","protected":false},"excerpt":{"rendered":"<p>Trygg og god glasuropplevelse Unng\u00e5 hudkontakt Glasur inneholder kjemikalier som ikke b\u00f8r komme p\u00e5 huden.Bruk hansker eller pensel n\u00e5r du [&hellip;]<\/p>\n","protected":false},"author":1,"featured_media":0,"parent":0,"menu_order":0,"comment_status":"closed","ping_status":"closed","template":"","meta":{"_uag_custom_page_level_css":"","site-sidebar-layout":"default","site-content-layout":"","ast-site-content-layout":"default","site-content-style":"default","site-sidebar-style":"default","ast-global-header-display":"","ast-banner-title-visibility":"","ast-main-header-display":"","ast-hfb-above-header-display":"","ast-hfb-below-header-display":"","ast-hfb-mobile-header-display":"","site-post-title":"","ast-breadcrumbs-content":"","ast-featured-img":"","footer-sml-layout":"","ast-disable-related-posts":"","theme-transparent-header-meta":"","adv-header-id-meta":"","stick-header-meta":"","header-above-stick-meta":"","header-main-stick-meta":"","header-below-stick-meta":"","astra-migrate-meta-layouts":"default","ast-page-background-enabled":"default","ast-page-background-meta":{"desktop":{"background-color":"var(--ast-global-color-5)","background-image":"","background-repeat":"repeat","background-position":"center center","background-size":"auto","background-attachment":"scroll","background-type":"","background-media":"","overlay-type":"","overlay-color":"","overlay-opacity":"","overlay-gradient":""},"tablet":{"background-color":"","background-image":"","background-repeat":"repeat","background-position":"center center","background-size":"auto","background-attachment":"scroll","background-type":"","background-media":"","overlay-type":"","overlay-color":"","overlay-opacity":"","overlay-gradient":""},"mobile":{"background-color":"","background-image":"","background-repeat":"repeat","background-position":"center center","background-size":"auto","background-attachment":"scroll","background-type":"","background-media":"","overlay-type":"","overlay-color":"","overlay-opacity":"","overlay-gradient":""}},"ast-content-background-meta":{"desktop":{"background-color":"var(--ast-global-color-4)","background-image":"","background-repeat":"repeat","background-position":"center center","background-size":"auto","background-attachment":"scroll","background-type":"","background-media":"","overlay-type":"","overlay-color":"","overlay-opacity":"","overlay-gradient":""},"tablet":{"background-color":"var(--ast-global-color-4)","background-image":"","background-repeat":"repeat","background-position":"center center","background-size":"auto","background-attachment":"scroll","background-type":"","background-media":"","overlay-type":"","overlay-color":"","overlay-opacity":"","overlay-gradient":""},"mobile":{"background-color":"var(--ast-global-color-4)","background-image":"","background-repeat":"repeat","background-position":"center center","background-size":"auto","background-attachment":"scroll","background-type":"","background-media":"","overlay-type":"","overlay-color":"","overlay-opacity":"","overlay-gradient":""}},"footnotes":""},"class_list":["post-2173","page","type-page","status-publish","hentry"],"uagb_featured_image_src":{"full":false,"thumbnail":false,"medium":false,"medium_large":false,"large":false,"1536x1536":false,"2048x2048":false,"trp-custom-language-flag":false,"woocommerce_thumbnail":false,"woocommerce_single":false,"woocommerce_gallery_thumbnail":false,"variation_swatches_image_size":false,"variation_swatches_tooltip_size":false},"uagb_author_info":{"display_name":"jennifer-admin","author_link":"https:\/\/nordglaze.no\/da\/author\/jennifer-admin\/"},"uagb_comment_info":0,"uagb_excerpt":"Trygg og god glasuropplevelse Unng\u00e5 hudkontakt Glasur inneholder kjemikalier som ikke b\u00f8r komme p\u00e5 huden.Bruk hansker eller pensel n\u00e5r du [&hellip;]","_links":{"self":[{"href":"https:\/\/nordglaze.no\/da\/wp-json\/wp\/v2\/pages\/2173","targetHints":{"allow":["GET"]}}],"collection":[{"href":"https:\/\/nordglaze.no\/da\/wp-json\/wp\/v2\/pages"}],"about":[{"href":"https:\/\/nordglaze.no\/da\/wp-json\/wp\/v2\/types\/page"}],"author":[{"embeddable":true,"href":"https:\/\/nordglaze.no\/da\/wp-json\/wp\/v2\/users\/1"}],"replies":[{"embeddable":true,"href":"https:\/\/nordglaze.no\/da\/wp-json\/wp\/v2\/comments?post=2173"}],"version-history":[{"count":7,"href":"https:\/\/nordglaze.no\/da\/wp-json\/wp\/v2\/pages\/2173\/revisions"}],"predecessor-version":[{"id":2293,"href":"https:\/\/nordglaze.no\/da\/wp-json\/wp\/v2\/pages\/2173\/revisions\/2293"}],"wp:attachment":[{"href":"https:\/\/nordglaze.no\/da\/wp-json\/wp\/v2\/media?parent=2173"}],"curies":[{"name":"wp","href":"https:\/\/api.w.org\/{rel}","templated":true}]}}