{"id":257,"date":"2026-01-22T17:53:10","date_gmt":"2026-01-22T17:53:10","guid":{"rendered":"https:\/\/nordglaze.no\/?page_id=257"},"modified":"2026-03-10T19:23:29","modified_gmt":"2026-03-10T19:23:29","slug":"er-du-bedrift-eller-skole","status":"publish","type":"page","link":"https:\/\/nordglaze.no\/da\/er-du-bedrift-eller-skole\/","title":{"rendered":"Distribution og samarbejde i Skandinavien"},"content":{"rendered":"\n<div class=\"wp-block-cover alignfull is-light\" style=\"min-height:759px;aspect-ratio:unset;\"><img loading=\"lazy\" decoding=\"async\" width=\"1024\" height=\"683\" class=\"wp-block-cover__image-background wp-image-395 size-full\" alt=\"j\n\" src=\"https:\/\/nordglaze.no\/wp-content\/uploads\/2026\/01\/Keramikk-hender-.png\" style=\"object-position:9% 50%\" data-object-fit=\"cover\" data-object-position=\"9% 50%\" srcset=\"https:\/\/nordglaze.no\/wp-content\/uploads\/2026\/01\/Keramikk-hender-.png 1024w, https:\/\/nordglaze.no\/wp-content\/uploads\/2026\/01\/Keramikk-hender--300x200.png 300w, https:\/\/nordglaze.no\/wp-content\/uploads\/2026\/01\/Keramikk-hender--600x400.png 600w, https:\/\/nordglaze.no\/wp-content\/uploads\/2026\/01\/Keramikk-hender--64x43.png 64w, https:\/\/nordglaze.no\/wp-content\/uploads\/2026\/01\/Keramikk-hender--768x512.png 768w\" sizes=\"auto, (max-width: 1024px) 100vw, 1024px\" \/><span aria-hidden=\"true\" class=\"wp-block-cover__background has-background-dim\" style=\"background-color:#bfaf99\"><\/span><div class=\"wp-block-cover__inner-container is-layout-constrained wp-block-cover-is-layout-constrained\">\n<div style=\"height:50px\" aria-hidden=\"true\" class=\"wp-block-spacer\"><\/div>\n\n\n\n<h1 class=\"wp-block-heading has-text-align-center has-white-color has-text-color has-link-color has-inter-font-family has-x-large-font-size wp-elements-2fff537265239d8ff50f083d1a5c9f6d\">B2B &#8211; Samarbeid med Nordglaze<\/h1>\n\n\n\n<div class=\"wp-block-columns is-layout-flex wp-container-core-columns-is-layout-28f84493 wp-block-columns-is-layout-flex\">\n<div class=\"wp-block-column is-layout-flow wp-container-core-column-is-layout-6144d665 wp-block-column-is-layout-flow\" style=\"padding-top:var(--wp--preset--spacing--80);padding-right:var(--wp--preset--spacing--80);padding-bottom:var(--wp--preset--spacing--80);padding-left:var(--wp--preset--spacing--80)\">\n<div class=\"wp-block-uagb-info-box uagb-block-0603c4fb uagb-infobox__content-wrap  uagb-infobox-icon-above-title uagb-infobox-image-valign-top\"><div class=\"uagb-ifb-content\"><div class=\"uagb-ifb-icon-wrap\"><svg xmlns=\"https:\/\/www.w3.org\/2000\/svg\" viewBox=\"0 0 512 512\"><path d=\"M0 256C0 114.6 114.6 0 256 0C397.4 0 512 114.6 512 256C512 397.4 397.4 512 256 512C114.6 512 0 397.4 0 256zM371.8 211.8C382.7 200.9 382.7 183.1 371.8 172.2C360.9 161.3 343.1 161.3 332.2 172.2L224 280.4L179.8 236.2C168.9 225.3 151.1 225.3 140.2 236.2C129.3 247.1 129.3 264.9 140.2 275.8L204.2 339.8C215.1 350.7 232.9 350.7 243.8 339.8L371.8 211.8z\"><\/path><\/svg><\/div><div class=\"uagb-ifb-title-wrap\"><h3 class=\"uagb-ifb-title\">B2B-Nordglazeteamet<\/h3><\/div><p class=\"uagb-ifb-desc\">Er du forhandler, distribut\u00f8r eller nettbutikk med fokus p\u00e5 keramikk og kreative materialer?<br>S\u00f8k om \u00e5 bli&nbsp;<strong>Nordglaze Partner<\/strong>&nbsp;og f\u00e5 tilgang til profesjonelle betingelser, volumpriser og prioritert samarbeid.<\/p><\/div><\/div>\n\n\n\n<div class=\"wp-block-uagb-info-box uagb-block-97776cbd uagb-infobox__content-wrap  uagb-infobox-icon-above-title uagb-infobox-image-valign-top\"><div class=\"uagb-ifb-content\"><div class=\"uagb-ifb-icon-wrap\"><svg xmlns=\"https:\/\/www.w3.org\/2000\/svg\" viewBox=\"0 0 512 512\"><path d=\"M0 256C0 114.6 114.6 0 256 0C397.4 0 512 114.6 512 256C512 397.4 397.4 512 256 512C114.6 512 0 397.4 0 256zM371.8 211.8C382.7 200.9 382.7 183.1 371.8 172.2C360.9 161.3 343.1 161.3 332.2 172.2L224 280.4L179.8 236.2C168.9 225.3 151.1 225.3 140.2 236.2C129.3 247.1 129.3 264.9 140.2 275.8L204.2 339.8C215.1 350.7 232.9 350.7 243.8 339.8L371.8 211.8z\"><\/path><\/svg><\/div><div class=\"uagb-ifb-title-wrap\"><h3 class=\"uagb-ifb-title\"><strong>Nordglaze Samarbeidspartner<\/strong><\/h3><\/div><p class=\"uagb-ifb-desc\">Er du skole, keramikkverksted eller har jevnlig behov for st\u00f8rre volumer?<br>Som&nbsp;<strong>Nordglaze Fagpartner<\/strong>&nbsp;f\u00e5r du tilpassede priser og stabile leveranser.<\/p><\/div><\/div>\n<\/div>\n<\/div>\n<\/div><\/div>\n\n\n\n<p class=\"has-background\" style=\"background-color:#e6d5be59\"><strong>Interessert i samarbeid?<\/strong><\/p>\n\n\n<style id=\"wpforms-css-vars-1613\">\n\t\t\t\t#wpforms-1613 {\n\t\t\t\t--wpforms-container-padding: 0px;\n--wpforms-container-border-width: 1px;\n--wpforms-container-border-radius: 3px;\n--wpforms-background-color: rgba(0, 0, 0, 0);\n--wpforms-field-size-input-height: 43px;\n--wpforms-field-size-input-spacing: 15px;\n--wpforms-field-size-font-size: 16px;\n--wpforms-field-size-line-height: 19px;\n--wpforms-field-size-padding-h: 14px;\n--wpforms-field-size-checkbox-size: 16px;\n--wpforms-field-size-sublabel-spacing: 5px;\n--wpforms-field-size-icon-size: 1;\n--wpforms-label-size-font-size: 16px;\n--wpforms-label-size-line-height: 19px;\n--wpforms-label-size-sublabel-font-size: 14px;\n--wpforms-label-size-sublabel-line-height: 17px;\n--wpforms-button-size-font-size: 17px;\n--wpforms-button-size-height: 41px;\n--wpforms-button-size-padding-h: 15px;\n--wpforms-button-size-margin-top: 10px;\n--wpforms-container-shadow-size-box-shadow: none;\n\t\t\t}\n\t\t\t<\/style><div class=\"wpforms-container wpforms-container-full wpforms-render-modern\" id=\"wpforms-1613\"><form id=\"wpforms-form-1613\" class=\"wpforms-validate wpforms-form wpforms-ajax-form\" data-formid=\"1613\" method=\"post\" enctype=\"multipart\/form-data\" action=\"\/da\/wp-json\/wp\/v2\/pages\/257\" data-token=\"ae3b068afe1bd24c6c0f00e53bc6d6bd\" data-token-time=\"1775416672\"><noscript class=\"wpforms-error-noscript\">Please enable JavaScript in your browser to complete this form.<\/noscript><div id=\"wpforms-error-noscript\" style=\"display: none;\">Please enable JavaScript in your browser to complete this form.<\/div><div class=\"wpforms-field-container\"><div id=\"wpforms-1613-field_1-container\" class=\"wpforms-field wpforms-field-name\" data-field-id=\"1\"><label class=\"wpforms-field-label\" for=\"wpforms-1613-field_1\">Kontaktperson <span class=\"wpforms-required-label\" aria-hidden=\"true\">*<\/span><\/label><input type=\"text\" id=\"wpforms-1613-field_1\" class=\"wpforms-field-medium wpforms-field-required\" name=\"wpforms[fields][1]\" aria-errormessage=\"wpforms-1613-field_1-error\" required><\/div>\t\t<div id=\"wpforms-1613-field_2-container\"\n\t\t\tclass=\"wpforms-field wpforms-field-text\"\n\t\t\tdata-field-type=\"text\"\n\t\t\tdata-field-id=\"2\"\n\t\t\t>\n\t\t\t<label class=\"wpforms-field-label\" for=\"wpforms-1613-field_2\" >Firmanavn Organisasjonsnummer innkj\u00f8psvolum<\/label>\n\t\t\t<input type=\"text\" id=\"wpforms-1613-field_2\" class=\"wpforms-field-medium\" name=\"wpforms[fields][2]\" >\n\t\t<\/div>\n\t\t<div id=\"wpforms-1613-field_3-container\" class=\"wpforms-field wpforms-field-email\" data-field-id=\"3\"><label class=\"wpforms-field-label\" for=\"wpforms-1613-field_3\">E-post <span class=\"wpforms-required-label\" aria-hidden=\"true\">*<\/span><\/label><input type=\"email\" id=\"wpforms-1613-field_3\" class=\"wpforms-field-medium wpforms-field-required\" name=\"wpforms[fields][3]\" spellcheck=\"false\" aria-errormessage=\"wpforms-1613-field_3-error\" required><\/div><div id=\"wpforms-1613-field_4-container\" class=\"wpforms-field wpforms-field-text\" data-field-id=\"4\"><label class=\"wpforms-field-label\" for=\"wpforms-1613-field_4\">Firmanavn <span class=\"wpforms-required-label\" aria-hidden=\"true\">*<\/span><\/label><input type=\"text\" id=\"wpforms-1613-field_4\" class=\"wpforms-field-medium wpforms-field-required\" name=\"wpforms[fields][4]\" aria-errormessage=\"wpforms-1613-field_4-error\" required><\/div><div id=\"wpforms-1613-field_5-container\" class=\"wpforms-field wpforms-field-text\" data-field-id=\"5\"><label class=\"wpforms-field-label\" for=\"wpforms-1613-field_5\">Organisasjonsnummer <span class=\"wpforms-required-label\" aria-hidden=\"true\">*<\/span><\/label><input type=\"text\" id=\"wpforms-1613-field_5\" class=\"wpforms-field-medium wpforms-field-required\" name=\"wpforms[fields][5]\" aria-errormessage=\"wpforms-1613-field_5-error\" required><\/div><div id=\"wpforms-1613-field_6-container\" class=\"wpforms-field wpforms-field-select wpforms-field-select-style-classic\" data-field-id=\"6\"><label class=\"wpforms-field-label\" for=\"wpforms-1613-field_6\">Type virksomhet <span class=\"wpforms-required-label\" aria-hidden=\"true\">*<\/span><\/label><select id=\"wpforms-1613-field_6\" class=\"wpforms-field-medium wpforms-field-required\" name=\"wpforms[fields][6]\" required=\"required\"><option value=\"\" class=\"placeholder\" disabled  selected='selected'>--- Select Choice ---<\/option><option value=\"Verksted\"  class=\"choice-1 depth-1\"  >Verksted<\/option><option value=\"Forhandler \/ butikk\"  class=\"choice-2 depth-1\"  >Forhandler \/ butikk<\/option><option value=\"Nettbutikk\"  class=\"choice-3 depth-1\"  >Nettbutikk<\/option><option value=\"Skole\/Universitet\"  class=\"choice-4 depth-1\"  >Skole\/Universitet<\/option><option value=\"Distribut\u00f8r\"  class=\"choice-5 depth-1\"  >Distribut\u00f8r<\/option><option value=\"Annet\"  class=\"choice-7 depth-1\"  >Annet<\/option><\/select><\/div><div id=\"wpforms-1613-field_7-container\" class=\"wpforms-field wpforms-field-select wpforms-field-select-style-classic\" data-field-id=\"7\"><label class=\"wpforms-field-label\" for=\"wpforms-1613-field_7\">Estimert m\u00e5nedlig innkj\u00f8psvolum (ca.) <span class=\"wpforms-required-label\" aria-hidden=\"true\">*<\/span><\/label><select id=\"wpforms-1613-field_7\" class=\"wpforms-field-medium wpforms-field-required\" name=\"wpforms[fields][7]\" required=\"required\"><option value=\"\" class=\"placeholder\" disabled  selected='selected'>--- Select Choice ---<\/option><option value=\"Under 10 000 kr\"  class=\"choice-1 depth-1\"  >Under 10 000 kr<\/option><option value=\"10 000 \u2013 30 000 kr\"  class=\"choice-2 depth-1\"  >10 000 \u2013 30 000 kr<\/option><option value=\"30 000 \u2013 100 000 kr\"  class=\"choice-5 depth-1\"  >30 000 \u2013 100 000 kr<\/option><option value=\"Over 100 000 kr\"  class=\"choice-3 depth-1\"  >Over 100 000 kr<\/option><option value=\"Usikker \/ oppstart\"  class=\"choice-4 depth-1\"  >Usikker \/ oppstart<\/option><\/select><\/div><div id=\"wpforms-1613-field_8-container\" class=\"wpforms-field wpforms-field-textarea\" data-field-id=\"8\"><label class=\"wpforms-field-label\" for=\"wpforms-1613-field_8\">Kort beskrivelse av virksomheten deres<\/label><textarea id=\"wpforms-1613-field_8\" class=\"wpforms-field-medium\" name=\"wpforms[fields][8]\" aria-errormessage=\"wpforms-1613-field_8-error\" aria-describedby=\"wpforms-1613-field_8-description\" ><\/textarea><div id=\"wpforms-1613-field_8-description\" class=\"wpforms-field-description\">Fortell litt om m\u00e5lgruppe, produkter og planer. Dette hjelper oss \u00e5 forst\u00e5 behovet deres.<\/div><\/div><script>\n\t\t\t\t( function() {\n\t\t\t\t\tconst style = document.createElement( 'style' );\n\t\t\t\t\tstyle.appendChild( document.createTextNode( '#wpforms-1613-field_2-container { position: absolute !important; overflow: hidden !important; display: inline !important; height: 1px !important; width: 1px !important; z-index: -1000 !important; padding: 0 !important; } #wpforms-1613-field_2-container input { visibility: hidden; } #wpforms-conversational-form-page #wpforms-1613-field_2-container label { counter-increment: none; }' ) );\n\t\t\t\t\tdocument.head.appendChild( style );\n\t\t\t\t\tdocument.currentScript?.remove();\n\t\t\t\t} )();\n\t\t\t<\/script><\/div><!-- .wpforms-field-container --><div class=\"wpforms-submit-container\" ><input type=\"hidden\" name=\"wpforms[id]\" value=\"1613\"><input type=\"hidden\" name=\"page_title\" value=\"\"><input type=\"hidden\" name=\"page_url\" value=\"https:\/\/nordglaze.no\/da\/wp-json\/wp\/v2\/pages\/257\"><input type=\"hidden\" name=\"url_referer\" value=\"\"><button type=\"submit\" name=\"wpforms[submit]\" id=\"wpforms-submit-1613\" class=\"wpforms-submit\" data-alt-text=\"Sending...\" data-submit-text=\"Submit\" aria-live=\"assertive\" value=\"wpforms-submit\">Submit<\/button><img loading=\"lazy\" decoding=\"async\" src=\"https:\/\/nordglaze.no\/wp-content\/plugins\/wpforms-lite\/assets\/images\/submit-spin.svg\" class=\"wpforms-submit-spinner\" style=\"display: none;\" width=\"26\" height=\"26\" alt=\"Loading\"><\/div><\/form><\/div>  <!-- .wpforms-container -->\n\n\n\n<div class=\"wp-block-uagb-image aligncenter uagb-block-9a75a63d wp-block-uagb-image--layout-default wp-block-uagb-image--effect-static wp-block-uagb-image--align-center\"><figure class=\"wp-block-uagb-image__figure\"><img decoding=\"async\" srcset=\"https:\/\/nordglaze.no\/wp-content\/uploads\/2026\/01\/NordGlaze-brun-Icon-transparent-.svg ,https:\/\/nordglaze.no\/wp-content\/uploads\/2026\/01\/NordGlaze-brun-Icon-transparent-.svg 780w, https:\/\/nordglaze.no\/wp-content\/uploads\/2026\/01\/NordGlaze-brun-Icon-transparent-.svg 360w\" sizes=\"auto, (max-width: 480px) 150px\" src=\"https:\/\/nordglaze.no\/wp-content\/uploads\/2026\/01\/NordGlaze-brun-Icon-transparent-.svg\" alt=\"\" class=\"uag-image-219\" width=\"211\" height=\"50\" title=\"NordGlaze (brun Icon ) transparent\" loading=\"lazy\" role=\"img\"\/><\/figure><\/div>\n\n\n\n<p><\/p>\n","protected":false},"excerpt":{"rendered":"<p>Interesseret i samarbejde?<\/p>","protected":false},"author":1,"featured_media":0,"parent":0,"menu_order":0,"comment_status":"closed","ping_status":"closed","template":"","meta":{"_uag_custom_page_level_css":"","site-sidebar-layout":"default","site-content-layout":"","ast-site-content-layout":"default","site-content-style":"default","site-sidebar-style":"default","ast-global-header-display":"","ast-banner-title-visibility":"","ast-main-header-display":"","ast-hfb-above-header-display":"","ast-hfb-below-header-display":"","ast-hfb-mobile-header-display":"","site-post-title":"disabled","ast-breadcrumbs-content":"","ast-featured-img":"","footer-sml-layout":"","ast-disable-related-posts":"","theme-transparent-header-meta":"","adv-header-id-meta":"","stick-header-meta":"","header-above-stick-meta":"","header-main-stick-meta":"","header-below-stick-meta":"","astra-migrate-meta-layouts":"default","ast-page-background-enabled":"default","ast-page-background-meta":{"desktop":{"background-color":"var(--ast-global-color-5)","background-image":"","background-repeat":"repeat","background-position":"center center","background-size":"auto","background-attachment":"scroll","background-type":"","background-media":"","overlay-type":"","overlay-color":"","overlay-opacity":"","overlay-gradient":""},"tablet":{"background-color":"","background-image":"","background-repeat":"repeat","background-position":"center center","background-size":"auto","background-attachment":"scroll","background-type":"","background-media":"","overlay-type":"","overlay-color":"","overlay-opacity":"","overlay-gradient":""},"mobile":{"background-color":"","background-image":"","background-repeat":"repeat","background-position":"center center","background-size":"auto","background-attachment":"scroll","background-type":"","background-media":"","overlay-type":"","overlay-color":"","overlay-opacity":"","overlay-gradient":""}},"ast-content-background-meta":{"desktop":{"background-color":"var(--ast-global-color-4)","background-image":"","background-repeat":"repeat","background-position":"center center","background-size":"auto","background-attachment":"scroll","background-type":"","background-media":"","overlay-type":"","overlay-color":"","overlay-opacity":"","overlay-gradient":""},"tablet":{"background-color":"var(--ast-global-color-4)","background-image":"","background-repeat":"repeat","background-position":"center center","background-size":"auto","background-attachment":"scroll","background-type":"","background-media":"","overlay-type":"","overlay-color":"","overlay-opacity":"","overlay-gradient":""},"mobile":{"background-color":"var(--ast-global-color-4)","background-image":"","background-repeat":"repeat","background-position":"center center","background-size":"auto","background-attachment":"scroll","background-type":"","background-media":"","overlay-type":"","overlay-color":"","overlay-opacity":"","overlay-gradient":""}},"footnotes":""},"class_list":["post-257","page","type-page","status-publish","hentry"],"uagb_featured_image_src":{"full":false,"thumbnail":false,"medium":false,"medium_large":false,"large":false,"1536x1536":false,"2048x2048":false,"trp-custom-language-flag":false,"woocommerce_thumbnail":false,"woocommerce_single":false,"woocommerce_gallery_thumbnail":false,"variation_swatches_image_size":false,"variation_swatches_tooltip_size":false},"uagb_author_info":{"display_name":"jennifer-admin","author_link":"https:\/\/nordglaze.no\/da\/author\/jennifer-admin\/"},"uagb_comment_info":0,"uagb_excerpt":"Interessert i samarbeid?","_links":{"self":[{"href":"https:\/\/nordglaze.no\/da\/wp-json\/wp\/v2\/pages\/257","targetHints":{"allow":["GET"]}}],"collection":[{"href":"https:\/\/nordglaze.no\/da\/wp-json\/wp\/v2\/pages"}],"about":[{"href":"https:\/\/nordglaze.no\/da\/wp-json\/wp\/v2\/types\/page"}],"author":[{"embeddable":true,"href":"https:\/\/nordglaze.no\/da\/wp-json\/wp\/v2\/users\/1"}],"replies":[{"embeddable":true,"href":"https:\/\/nordglaze.no\/da\/wp-json\/wp\/v2\/comments?post=257"}],"version-history":[{"count":20,"href":"https:\/\/nordglaze.no\/da\/wp-json\/wp\/v2\/pages\/257\/revisions"}],"predecessor-version":[{"id":2042,"href":"https:\/\/nordglaze.no\/da\/wp-json\/wp\/v2\/pages\/257\/revisions\/2042"}],"wp:attachment":[{"href":"https:\/\/nordglaze.no\/da\/wp-json\/wp\/v2\/media?parent=257"}],"curies":[{"name":"wp","href":"https:\/\/api.w.org\/{rel}","templated":true}]}}