{"id":447,"date":"2026-01-27T23:38:25","date_gmt":"2026-01-27T23:38:25","guid":{"rendered":"https:\/\/nordglaze.no\/?page_id=447"},"modified":"2026-03-08T17:28:05","modified_gmt":"2026-03-08T17:28:05","slug":"bli-inspirert","status":"publish","type":"page","link":"https:\/\/nordglaze.no\/da\/bli-inspirert\/","title":{"rendered":"Bliv inspireret!"},"content":{"rendered":"<div class=\"wp-block-cover alignfull is-light\" style=\"min-height:341px;aspect-ratio:unset;\"><img loading=\"lazy\" decoding=\"async\" width=\"1024\" height=\"251\" class=\"wp-block-cover__image-background wp-image-1944 size-large\" alt=\"\" src=\"https:\/\/nordglaze.no\/wp-content\/uploads\/2026\/03\/Skjermbilde-2026-03-08-kl.-14.51.31-1-1024x251.png\" data-object-fit=\"cover\" srcset=\"https:\/\/nordglaze.no\/wp-content\/uploads\/2026\/03\/Skjermbilde-2026-03-08-kl.-14.51.31-1-1024x251.png 1024w, https:\/\/nordglaze.no\/wp-content\/uploads\/2026\/03\/Skjermbilde-2026-03-08-kl.-14.51.31-1-300x74.png 300w, https:\/\/nordglaze.no\/wp-content\/uploads\/2026\/03\/Skjermbilde-2026-03-08-kl.-14.51.31-1-scaled-600x147.png 600w, https:\/\/nordglaze.no\/wp-content\/uploads\/2026\/03\/Skjermbilde-2026-03-08-kl.-14.51.31-1-scaled-64x16.png 64w, https:\/\/nordglaze.no\/wp-content\/uploads\/2026\/03\/Skjermbilde-2026-03-08-kl.-14.51.31-1-768x188.png 768w, https:\/\/nordglaze.no\/wp-content\/uploads\/2026\/03\/Skjermbilde-2026-03-08-kl.-14.51.31-1-1536x377.png 1536w, https:\/\/nordglaze.no\/wp-content\/uploads\/2026\/03\/Skjermbilde-2026-03-08-kl.-14.51.31-1-2048x503.png 2048w, https:\/\/nordglaze.no\/wp-content\/uploads\/2026\/03\/Skjermbilde-2026-03-08-kl.-14.51.31-1-18x4.png 18w\" sizes=\"auto, (max-width: 1024px) 100vw, 1024px\" \/><span aria-hidden=\"true\" class=\"wp-block-cover__background has-background-dim\" style=\"background-color:#b3a798\"><\/span><div class=\"wp-block-cover__inner-container is-layout-constrained wp-block-cover-is-layout-constrained\">\n<p class=\"has-text-align-center has-ast-global-color-4-color has-text-color has-link-color has-large-font-size wp-elements-f676788def4ea114eccc61a9e787808b\">Finn din neste favorittglasur! Se ekte resultater<\/p>\n\n\n\n<p class=\"has-text-align-center has-ast-global-color-4-color has-text-color has-link-color wp-elements-4580ae3e7dcaef9c1d9de870310e3260\">Det kan v\u00e6re sv\u00e6rt at v\u00e6lge glasur. Derfor har vi samlet \u00e6gte resultater fra kunder og testbr\u00e6ndinger. Her kan du se, hvordan Amacos, Maycos og Spectrums glasurer og underglasurer ser ud p\u00e5 keramik. Find den glasur, du elsker, og bestil den direkte fra produktsiden.<\/p>\n<\/div><\/div>\n\n\n\n<p><\/p>\n\n\n\n\n\n<div style=\"height:58px\" aria-hidden=\"true\" class=\"wp-block-spacer\"><\/div>\n\n\n\n<div class=\"wp-block-columns has-ast-global-color-4-background-color has-background is-layout-flex wp-container-core-columns-is-layout-28f84493 wp-block-columns-is-layout-flex\">\n<div class=\"wp-block-column is-layout-flow wp-block-column-is-layout-flow\">\n<div class=\"wp-block-uagb-image uagb-block-06486ec2 wp-block-uagb-image--layout-default wp-block-uagb-image--effect-static wp-block-uagb-image--align-none\"><figure class=\"wp-block-uagb-image__figure\"><img decoding=\"async\" srcset=\"https:\/\/nordglaze.no\/wp-content\/uploads\/2026\/01\/cuts2-1.png ,https:\/\/nordglaze.no\/wp-content\/uploads\/2026\/01\/cuts2-1.png 780w, https:\/\/nordglaze.no\/wp-content\/uploads\/2026\/01\/cuts2-1.png 360w\" sizes=\"auto, (max-width: 480px) 150px\" src=\"https:\/\/nordglaze.no\/wp-content\/uploads\/2026\/01\/cuts2-1.png\" alt=\"\" class=\"uag-image-285\" width=\"352\" height=\"352\" title=\"snit2\" loading=\"lazy\" role=\"img\"\/><\/figure><\/div>\n<\/div>\n\n\n\n<div class=\"wp-block-column is-layout-flow wp-block-column-is-layout-flow\">\n<div class=\"wp-block-uagb-image aligncenter uagb-block-6ded437c wp-block-uagb-image--layout-default wp-block-uagb-image--effect-static wp-block-uagb-image--align-center\"><figure class=\"wp-block-uagb-image__figure\"><img decoding=\"async\" srcset=\"https:\/\/nordglaze.no\/wp-content\/uploads\/2026\/01\/DSC00025-3-1-822x1024.png ,https:\/\/nordglaze.no\/wp-content\/uploads\/2026\/01\/DSC00025-3-1.png 780w, https:\/\/nordglaze.no\/wp-content\/uploads\/2026\/01\/DSC00025-3-1.png 360w\" sizes=\"auto, (max-width: 480px) 150px\" src=\"https:\/\/nordglaze.no\/wp-content\/uploads\/2026\/01\/DSC00025-3-1-822x1024.png\" alt=\"\" class=\"uag-image-293\" width=\"282\" height=\"351\" title=\"DSC00025-3\" loading=\"lazy\" role=\"img\"\/><\/figure><\/div>\n\n\n\n<blockquote class=\"wp-block-quote is-layout-flow wp-block-quote-is-layout-flow\">\n<p class=\"has-small-font-size\">Glasur Safran fra Spectrum. Temperatur: 1230 grader. Laget av @mieg_keramikk<\/p>\n<\/blockquote>\n<\/div>\n\n\n\n<div class=\"wp-block-column is-layout-flow wp-block-column-is-layout-flow\">\n<div class=\"wp-block-uagb-image aligncenter uagb-block-4d55e62d wp-block-uagb-image--layout-default wp-block-uagb-image--effect-static wp-block-uagb-image--align-center\"><figure class=\"wp-block-uagb-image__figure\"><a class=\"\" href=\"https:\/\/nordglaze.no\/da\/vare\/honey-flux\/\" target=\"\" rel=\"noopener\"><img decoding=\"async\" srcset=\"https:\/\/nordglaze.no\/wp-content\/uploads\/2026\/01\/DSC00030-3-1-822x1024.png ,https:\/\/nordglaze.no\/wp-content\/uploads\/2026\/01\/DSC00030-3-1.png 780w, https:\/\/nordglaze.no\/wp-content\/uploads\/2026\/01\/DSC00030-3-1.png 360w\" sizes=\"auto, (max-width: 480px) 150px\" src=\"https:\/\/nordglaze.no\/wp-content\/uploads\/2026\/01\/DSC00030-3-1-822x1024.png\" alt=\"\" class=\"uag-image-295\" width=\"281\" height=\"348\" title=\"DSC00030-3\" loading=\"lazy\" role=\"img\"\/><\/a><\/figure><\/div>\n\n\n\n<blockquote class=\"wp-block-quote is-layout-flow wp-block-quote-is-layout-flow\">\n<p class=\"has-small-font-size\">Glasur: To lag med Honey flux og 2 av Iron Lustre fra Amaco p\u00e5 svart leire. Temperatur: 1230 grader.<\/p>\n<\/blockquote>\n<\/div>\n<\/div>\n\n\n\n<div class=\"wp-block-columns has-ast-global-color-4-background-color has-background is-layout-flex wp-container-core-columns-is-layout-28f84493 wp-block-columns-is-layout-flex\">\n<div class=\"wp-block-column is-layout-flow wp-block-column-is-layout-flow\">\n<div class=\"wp-block-uagb-image uagb-block-b6f69048 wp-block-uagb-image--layout-default wp-block-uagb-image--effect-static wp-block-uagb-image--align-none\"><figure class=\"wp-block-uagb-image__figure\"><img decoding=\"async\" srcset=\"https:\/\/nordglaze.no\/wp-content\/uploads\/2026\/01\/DSC00045-2-1-822x1024.png ,https:\/\/nordglaze.no\/wp-content\/uploads\/2026\/01\/DSC00045-2-1.png 780w, https:\/\/nordglaze.no\/wp-content\/uploads\/2026\/01\/DSC00045-2-1.png 360w\" sizes=\"auto, (max-width: 480px) 150px\" src=\"https:\/\/nordglaze.no\/wp-content\/uploads\/2026\/01\/DSC00045-2-1-822x1024.png\" alt=\"\" class=\"uag-image-299\" width=\"680\" height=\"1024\" title=\"DSC00045-2\" loading=\"lazy\" role=\"img\"\/><\/figure><\/div>\n<\/div>\n\n\n\n<div class=\"wp-block-column is-layout-flow wp-block-column-is-layout-flow\">\n<div class=\"wp-block-uagb-image uagb-block-e4ea5c7d wp-block-uagb-image--layout-default wp-block-uagb-image--effect-static wp-block-uagb-image--align-none\"><figure class=\"wp-block-uagb-image__figure\"><img decoding=\"async\" srcset=\"https:\/\/nordglaze.no\/wp-content\/uploads\/2026\/01\/DSC00014-3-2-822x1024.png ,https:\/\/nordglaze.no\/wp-content\/uploads\/2026\/01\/DSC00014-3-2.png 780w, https:\/\/nordglaze.no\/wp-content\/uploads\/2026\/01\/DSC00014-3-2.png 360w\" sizes=\"auto, (max-width: 480px) 150px\" src=\"https:\/\/nordglaze.no\/wp-content\/uploads\/2026\/01\/DSC00014-3-2-822x1024.png\" alt=\"\" class=\"uag-image-312\" width=\"349\" height=\"435\" title=\"DSC00014-3\" loading=\"lazy\" role=\"img\"\/><\/figure><\/div>\n\n\n\n<blockquote class=\"wp-block-quote is-layout-flow wp-block-quote-is-layout-flow\">\n<p class=\"has-text-align-left has-small-font-size\">Glasur Deep firebrick fra Amaco. Temperatur: 1230 grader. lavet af @mieg_keramikk<\/p>\n<\/blockquote>\n<\/div>\n\n\n\n<div class=\"wp-block-column is-layout-flow wp-block-column-is-layout-flow\">\n<div class=\"wp-block-uagb-image uagb-block-21a17868 wp-block-uagb-image--layout-default wp-block-uagb-image--effect-static wp-block-uagb-image--align-none\"><figure class=\"wp-block-uagb-image__figure\"><img decoding=\"async\" srcset=\"https:\/\/nordglaze.no\/wp-content\/uploads\/2026\/01\/DSC00013-3-1-822x1024.png ,https:\/\/nordglaze.no\/wp-content\/uploads\/2026\/01\/DSC00013-3-1.png 780w, https:\/\/nordglaze.no\/wp-content\/uploads\/2026\/01\/DSC00013-3-1.png 360w\" sizes=\"auto, (max-width: 480px) 150px\" src=\"https:\/\/nordglaze.no\/wp-content\/uploads\/2026\/01\/DSC00013-3-1-822x1024.png\" alt=\"\" class=\"uag-image-288\" width=\"350\" height=\"436\" title=\"DSC00013-3\" loading=\"lazy\" role=\"img\"\/><\/figure><\/div>\n<\/div>\n<\/div>\n\n\n\n<div class=\"wp-block-columns has-ast-global-color-4-background-color has-background is-layout-flex wp-container-core-columns-is-layout-28f84493 wp-block-columns-is-layout-flex\">\n<div class=\"wp-block-column is-layout-flow wp-block-column-is-layout-flow\">\n<div class=\"wp-block-uagb-image uagb-block-9b8b9e31 wp-block-uagb-image--layout-default wp-block-uagb-image--effect-static wp-block-uagb-image--align-none\"><figure class=\"wp-block-uagb-image__figure\"><img decoding=\"async\" srcset=\"https:\/\/nordglaze.no\/wp-content\/uploads\/2026\/01\/DSC00027-3-822x1024.png ,https:\/\/nordglaze.no\/wp-content\/uploads\/2026\/01\/DSC00027-3.png 780w, https:\/\/nordglaze.no\/wp-content\/uploads\/2026\/01\/DSC00027-3.png 360w\" sizes=\"auto, (max-width: 480px) 150px\" src=\"https:\/\/nordglaze.no\/wp-content\/uploads\/2026\/01\/DSC00027-3-822x1024.png\" alt=\"\" class=\"uag-image-271\" width=\"680\" height=\"1024\" title=\"DSC00027-3\" loading=\"lazy\" role=\"img\"\/><\/figure><\/div>\n<\/div>\n\n\n\n<div class=\"wp-block-column is-layout-flow wp-block-column-is-layout-flow\">\n<div class=\"wp-block-uagb-image uagb-block-bf10ef05 wp-block-uagb-image--layout-default wp-block-uagb-image--effect-static wp-block-uagb-image--align-none\"><figure class=\"wp-block-uagb-image__figure\"><img decoding=\"async\" srcset=\"https:\/\/nordglaze.no\/wp-content\/uploads\/2026\/01\/DSC00031-3-822x1024.png ,https:\/\/nordglaze.no\/wp-content\/uploads\/2026\/01\/DSC00031-3.png 780w, https:\/\/nordglaze.no\/wp-content\/uploads\/2026\/01\/DSC00031-3.png 360w\" sizes=\"auto, (max-width: 480px) 150px\" src=\"https:\/\/nordglaze.no\/wp-content\/uploads\/2026\/01\/DSC00031-3-822x1024.png\" alt=\"\" class=\"uag-image-273\" width=\"676\" height=\"1024\" title=\"DSC00031-3\" loading=\"lazy\" role=\"img\"\/><\/figure><\/div>\n<\/div>\n\n\n\n<div class=\"wp-block-column is-layout-flow wp-block-column-is-layout-flow\">\n<div class=\"wp-block-uagb-image uagb-block-640c52d6 wp-block-uagb-image--layout-default wp-block-uagb-image--effect-static wp-block-uagb-image--align-none\"><figure class=\"wp-block-uagb-image__figure\"><img decoding=\"async\" srcset=\"https:\/\/nordglaze.no\/wp-content\/uploads\/2026\/01\/DSC00023-3-1-822x1024.png ,https:\/\/nordglaze.no\/wp-content\/uploads\/2026\/01\/DSC00023-3-1.png 780w, https:\/\/nordglaze.no\/wp-content\/uploads\/2026\/01\/DSC00023-3-1.png 360w\" sizes=\"auto, (max-width: 480px) 150px\" src=\"https:\/\/nordglaze.no\/wp-content\/uploads\/2026\/01\/DSC00023-3-1-822x1024.png\" alt=\"\" class=\"uag-image-292\" width=\"680\" height=\"1024\" title=\"DSC00023-3\" loading=\"lazy\" role=\"img\"\/><\/figure><\/div>\n<\/div>\n<\/div>\n\n\n\n<div class=\"wp-block-columns has-ast-global-color-4-background-color has-background is-layout-flex wp-container-core-columns-is-layout-28f84493 wp-block-columns-is-layout-flex\">\n<div class=\"wp-block-column is-layout-flow wp-block-column-is-layout-flow\">\n<div class=\"wp-block-uagb-image uagb-block-ebc6e620 wp-block-uagb-image--layout-default wp-block-uagb-image--effect-static wp-block-uagb-image--align-none\"><figure class=\"wp-block-uagb-image__figure\"><img decoding=\"async\" srcset=\"https:\/\/nordglaze.no\/wp-content\/uploads\/2026\/01\/DSC00007-5-1-822x1024.png ,https:\/\/nordglaze.no\/wp-content\/uploads\/2026\/01\/DSC00007-5-1.png 780w, https:\/\/nordglaze.no\/wp-content\/uploads\/2026\/01\/DSC00007-5-1.png 360w\" sizes=\"auto, (max-width: 480px) 150px\" src=\"https:\/\/nordglaze.no\/wp-content\/uploads\/2026\/01\/DSC00007-5-1-822x1024.png\" alt=\"\" class=\"uag-image-287\" width=\"680\" height=\"1024\" title=\"DSC00007-5\" loading=\"lazy\" role=\"img\"\/><\/figure><\/div>\n<\/div>\n\n\n\n<div class=\"wp-block-column is-layout-flow wp-block-column-is-layout-flow\">\n<div class=\"wp-block-uagb-image uagb-block-98e508ff wp-block-uagb-image--layout-default wp-block-uagb-image--effect-static wp-block-uagb-image--align-none\"><figure class=\"wp-block-uagb-image__figure\"><img decoding=\"async\" srcset=\"https:\/\/nordglaze.no\/wp-content\/uploads\/2026\/01\/DSC00021-3-822x1024.png ,https:\/\/nordglaze.no\/wp-content\/uploads\/2026\/01\/DSC00021-3.png 780w, https:\/\/nordglaze.no\/wp-content\/uploads\/2026\/01\/DSC00021-3.png 360w\" sizes=\"auto, (max-width: 480px) 150px\" src=\"https:\/\/nordglaze.no\/wp-content\/uploads\/2026\/01\/DSC00021-3-822x1024.png\" alt=\"\" class=\"uag-image-268\" width=\"676\" height=\"1024\" title=\"DSC00021-3\" loading=\"lazy\" role=\"img\"\/><\/figure><\/div>\n<\/div>\n\n\n\n<div class=\"wp-block-column is-layout-flow wp-block-column-is-layout-flow\">\n<div class=\"wp-block-uagb-image uagb-block-e80fbdd6 wp-block-uagb-image--layout-default wp-block-uagb-image--effect-static wp-block-uagb-image--align-none\"><figure class=\"wp-block-uagb-image__figure\"><img decoding=\"async\" srcset=\"https:\/\/nordglaze.no\/wp-content\/uploads\/2026\/01\/DSC00017-3-1-822x1024.png ,https:\/\/nordglaze.no\/wp-content\/uploads\/2026\/01\/DSC00017-3-1.png 780w, https:\/\/nordglaze.no\/wp-content\/uploads\/2026\/01\/DSC00017-3-1.png 360w\" sizes=\"auto, (max-width: 480px) 150px\" src=\"https:\/\/nordglaze.no\/wp-content\/uploads\/2026\/01\/DSC00017-3-1-822x1024.png\" alt=\"\" class=\"uag-image-290\" width=\"680\" height=\"1024\" title=\"DSC00017-3\" loading=\"lazy\" role=\"img\"\/><\/figure><\/div>\n<\/div>\n<\/div>\n\n\n\n<div class=\"wp-block-columns has-ast-global-color-4-background-color has-background is-layout-flex wp-container-core-columns-is-layout-28f84493 wp-block-columns-is-layout-flex\">\n<div class=\"wp-block-column is-layout-flow wp-block-column-is-layout-flow\">\n<div class=\"wp-block-uagb-image uagb-block-af0c086e wp-block-uagb-image--layout-default wp-block-uagb-image--effect-static wp-block-uagb-image--align-none\"><figure class=\"wp-block-uagb-image__figure\"><img decoding=\"async\" srcset=\"https:\/\/nordglaze.no\/wp-content\/uploads\/2026\/02\/Bilde-12.02.2026-klokken-21.06-680x1024.png ,https:\/\/nordglaze.no\/wp-content\/uploads\/2026\/02\/Bilde-12.02.2026-klokken-21.06.png 780w, https:\/\/nordglaze.no\/wp-content\/uploads\/2026\/02\/Bilde-12.02.2026-klokken-21.06.png 360w\" sizes=\"auto, (max-width: 480px) 150px\" src=\"https:\/\/nordglaze.no\/wp-content\/uploads\/2026\/02\/Bilde-12.02.2026-klokken-21.06-680x1024.png\" alt=\"\" class=\"uag-image-660\" width=\"680\" height=\"1024\" title=\"Billede 12.02.2026 kl. 21.06\" loading=\"lazy\" role=\"img\"\/><\/figure><\/div>\n<\/div>\n\n\n\n<div class=\"wp-block-column is-layout-flow wp-block-column-is-layout-flow\">\n<div class=\"wp-block-uagb-image uagb-block-70094d35 wp-block-uagb-image--layout-default wp-block-uagb-image--effect-static wp-block-uagb-image--align-none\"><figure class=\"wp-block-uagb-image__figure\"><img decoding=\"async\" srcset=\"https:\/\/nordglaze.no\/wp-content\/uploads\/2026\/02\/Bilde-25.01.2026-klokken-18.48-676x1024.png ,https:\/\/nordglaze.no\/wp-content\/uploads\/2026\/02\/Bilde-25.01.2026-klokken-18.48.png 780w, https:\/\/nordglaze.no\/wp-content\/uploads\/2026\/02\/Bilde-25.01.2026-klokken-18.48.png 360w\" sizes=\"auto, (max-width: 480px) 150px\" src=\"https:\/\/nordglaze.no\/wp-content\/uploads\/2026\/02\/Bilde-25.01.2026-klokken-18.48-676x1024.png\" alt=\"\" class=\"uag-image-656\" width=\"676\" height=\"1024\" title=\"Billede 25.01.2026 kl. 18.48\" loading=\"lazy\" role=\"img\"\/><\/figure><\/div>\n<\/div>\n\n\n\n<div class=\"wp-block-column is-layout-flow wp-block-column-is-layout-flow\">\n<div class=\"wp-block-uagb-image uagb-block-0b057911 wp-block-uagb-image--layout-default wp-block-uagb-image--effect-static wp-block-uagb-image--align-none\"><figure class=\"wp-block-uagb-image__figure\"><img decoding=\"async\" srcset=\"https:\/\/nordglaze.no\/wp-content\/uploads\/2026\/02\/Bilde-25.01.2026-klokken-18.48-1-680x1024.png ,https:\/\/nordglaze.no\/wp-content\/uploads\/2026\/02\/Bilde-25.01.2026-klokken-18.48-1.png 780w, https:\/\/nordglaze.no\/wp-content\/uploads\/2026\/02\/Bilde-25.01.2026-klokken-18.48-1.png 360w\" sizes=\"auto, (max-width: 480px) 150px\" src=\"https:\/\/nordglaze.no\/wp-content\/uploads\/2026\/02\/Bilde-25.01.2026-klokken-18.48-1-680x1024.png\" alt=\"\" class=\"uag-image-655\" width=\"680\" height=\"1024\" title=\"Billede 25.01.2026 kl. 18.48 (1)\" loading=\"lazy\" role=\"img\"\/><\/figure><\/div>\n<\/div>\n<\/div>\n\n\n\n<div class=\"wp-block-columns has-ast-global-color-4-background-color has-background is-layout-flex wp-container-core-columns-is-layout-28f84493 wp-block-columns-is-layout-flex\">\n<div class=\"wp-block-column is-layout-flow wp-block-column-is-layout-flow\">\n<div class=\"wp-block-uagb-image uagb-block-cbfe9692 wp-block-uagb-image--layout-default wp-block-uagb-image--effect-static wp-block-uagb-image--align-none\"><figure class=\"wp-block-uagb-image__figure\"><img decoding=\"async\" srcset=\"https:\/\/nordglaze.no\/wp-content\/uploads\/2026\/02\/Bilde-12.02.2026-klokken-21.03-683x1024.png ,https:\/\/nordglaze.no\/wp-content\/uploads\/2026\/02\/Bilde-12.02.2026-klokken-21.03.png 780w, https:\/\/nordglaze.no\/wp-content\/uploads\/2026\/02\/Bilde-12.02.2026-klokken-21.03.png 360w\" sizes=\"auto, (max-width: 480px) 150px\" src=\"https:\/\/nordglaze.no\/wp-content\/uploads\/2026\/02\/Bilde-12.02.2026-klokken-21.03-683x1024.png\" alt=\"\" class=\"uag-image-658\" width=\"680\" height=\"1024\" title=\"Billede 12.02.2026 kl. 21.03\" loading=\"lazy\" role=\"img\"\/><\/figure><\/div>\n\n\n\n<blockquote class=\"wp-block-quote is-layout-flow wp-block-quote-is-layout-flow\">\n<p class=\"has-small-font-size\">Gr\u00f8n glasur potters choice fra Amaco. Temperatur: 1230 grader. lavet af @lille_dreieriet.<\/p>\n<\/blockquote>\n<\/div>\n\n\n\n<div class=\"wp-block-column is-layout-flow wp-block-column-is-layout-flow\">\n<div class=\"wp-block-uagb-image uagb-block-27def3ef wp-block-uagb-image--layout-default wp-block-uagb-image--effect-static wp-block-uagb-image--align-none\"><figure class=\"wp-block-uagb-image__figure\"><img decoding=\"async\" srcset=\"https:\/\/nordglaze.no\/wp-content\/uploads\/2026\/02\/Bilde-12.02.2026-klokken-21.05-682x1024.png ,https:\/\/nordglaze.no\/wp-content\/uploads\/2026\/02\/Bilde-12.02.2026-klokken-21.05.png 780w, https:\/\/nordglaze.no\/wp-content\/uploads\/2026\/02\/Bilde-12.02.2026-klokken-21.05.png 360w\" sizes=\"auto, (max-width: 480px) 150px\" src=\"https:\/\/nordglaze.no\/wp-content\/uploads\/2026\/02\/Bilde-12.02.2026-klokken-21.05-682x1024.png\" alt=\"\" class=\"uag-image-659\" width=\"676\" height=\"1024\" title=\"Billede 12.02.2026 kl. 21.05\" loading=\"lazy\" role=\"img\"\/><\/figure><\/div>\n<\/div>\n\n\n\n<div class=\"wp-block-column is-layout-flow wp-block-column-is-layout-flow\">\n<div class=\"wp-block-uagb-image uagb-block-f3922b9a wp-block-uagb-image--layout-default wp-block-uagb-image--effect-static wp-block-uagb-image--align-none\"><figure class=\"wp-block-uagb-image__figure\"><img decoding=\"async\" srcset=\"https:\/\/nordglaze.no\/wp-content\/uploads\/2026\/02\/Bilde-12.02.2026-klokken-21.04-682x1024.png ,https:\/\/nordglaze.no\/wp-content\/uploads\/2026\/02\/Bilde-12.02.2026-klokken-21.04.png 780w, https:\/\/nordglaze.no\/wp-content\/uploads\/2026\/02\/Bilde-12.02.2026-klokken-21.04.png 360w\" sizes=\"auto, (max-width: 480px) 150px\" src=\"https:\/\/nordglaze.no\/wp-content\/uploads\/2026\/02\/Bilde-12.02.2026-klokken-21.04-682x1024.png\" alt=\"\" class=\"uag-image-657\" width=\"680\" height=\"1024\" title=\"Billede 12.02.2026 kl. 21.04\" loading=\"lazy\" role=\"img\"\/><\/figure><\/div>\n<\/div>\n<\/div>\n\n\n\n<div style=\"height:69px\" aria-hidden=\"true\" class=\"wp-block-spacer\"><\/div>\n\n\n<div class=\"wp-block-site-logo\"><a href=\"https:\/\/nordglaze.no\/da\/\" class=\"custom-logo-link\" rel=\"home\"><img decoding=\"async\" src=\"https:\/\/nordglaze.no\/wp-content\/uploads\/2026\/01\/NordGlaze-svart-hvit-med-tekst-transparent-1-1.svg\" class=\"custom-logo\" alt=\"Nordglaze\" \/><\/a><\/div>\n\n\n<div class=\"wp-block-cover is-light\" style=\"min-height:189px;aspect-ratio:unset;\"><span aria-hidden=\"true\" class=\"wp-block-cover__background has-ast-global-color-5-background-color has-background-dim\"><\/span><div class=\"wp-block-cover__inner-container is-layout-flow wp-block-cover-is-layout-flow\">\n<p class=\"has-text-align-center has-medium-font-size\">  Vi elsker at se, hvad I skaber! Send os dit billede og v\u00e6r med til at inspirere andre.<\/p>\n\n\n\n<p class=\"has-text-align-center\">nordglaze@gmail.com<\/p>\n<\/div><\/div>\n\n\n\n<div class=\"wp-block-uagb-image aligncenter uagb-block-67e1d107 wp-block-uagb-image--layout-default wp-block-uagb-image--effect-static wp-block-uagb-image--align-center\"><figure class=\"wp-block-uagb-image__figure\"><img decoding=\"async\" srcset=\"https:\/\/nordglaze.no\/wp-content\/uploads\/2026\/01\/NordGlaze-boa-Icon-transparent-.svg ,https:\/\/nordglaze.no\/wp-content\/uploads\/2026\/01\/NordGlaze-boa-Icon-transparent-.svg 780w, https:\/\/nordglaze.no\/wp-content\/uploads\/2026\/01\/NordGlaze-boa-Icon-transparent-.svg 360w\" sizes=\"auto, (max-width: 480px) 150px\" src=\"https:\/\/nordglaze.no\/wp-content\/uploads\/2026\/01\/NordGlaze-boa-Icon-transparent-.svg\" alt=\"\" class=\"uag-image-221\" width=\"211\" height=\"57\" title=\"NordGlaze (b\u00f8\u00e5 Ikon) transparent\" loading=\"lazy\" role=\"img\"\/><\/figure><\/div>\n\n\n\n<p><\/p>","protected":false},"excerpt":{"rendered":"<p>Glasur Safran fra Spectrum. Temperatur: 1230 grader. laget av @mieg_keramikk Glasur: To lag med Honey flux og 2 av Iron [&hellip;]<\/p>\n","protected":false},"author":1,"featured_media":0,"parent":0,"menu_order":0,"comment_status":"closed","ping_status":"closed","template":"","meta":{"_uag_custom_page_level_css":"","site-sidebar-layout":"default","site-content-layout":"","ast-site-content-layout":"default","site-content-style":"default","site-sidebar-style":"default","ast-global-header-display":"","ast-banner-title-visibility":"","ast-main-header-display":"","ast-hfb-above-header-display":"","ast-hfb-below-header-display":"","ast-hfb-mobile-header-display":"","site-post-title":"disabled","ast-breadcrumbs-content":"","ast-featured-img":"","footer-sml-layout":"","ast-disable-related-posts":"","theme-transparent-header-meta":"","adv-header-id-meta":"","stick-header-meta":"","header-above-stick-meta":"","header-main-stick-meta":"","header-below-stick-meta":"","astra-migrate-meta-layouts":"default","ast-page-background-enabled":"default","ast-page-background-meta":{"desktop":{"background-color":"var(--ast-global-color-5)","background-image":"","background-repeat":"repeat","background-position":"center center","background-size":"auto","background-attachment":"scroll","background-type":"","background-media":"","overlay-type":"","overlay-color":"","overlay-opacity":"","overlay-gradient":""},"tablet":{"background-color":"","background-image":"","background-repeat":"repeat","background-position":"center center","background-size":"auto","background-attachment":"scroll","background-type":"","background-media":"","overlay-type":"","overlay-color":"","overlay-opacity":"","overlay-gradient":""},"mobile":{"background-color":"","background-image":"","background-repeat":"repeat","background-position":"center center","background-size":"auto","background-attachment":"scroll","background-type":"","background-media":"","overlay-type":"","overlay-color":"","overlay-opacity":"","overlay-gradient":""}},"ast-content-background-meta":{"desktop":{"background-color":"var(--ast-global-color-4)","background-image":"","background-repeat":"repeat","background-position":"center center","background-size":"auto","background-attachment":"scroll","background-type":"","background-media":"","overlay-type":"","overlay-color":"","overlay-opacity":"","overlay-gradient":""},"tablet":{"background-color":"var(--ast-global-color-4)","background-image":"","background-repeat":"repeat","background-position":"center center","background-size":"auto","background-attachment":"scroll","background-type":"","background-media":"","overlay-type":"","overlay-color":"","overlay-opacity":"","overlay-gradient":""},"mobile":{"background-color":"var(--ast-global-color-4)","background-image":"","background-repeat":"repeat","background-position":"center center","background-size":"auto","background-attachment":"scroll","background-type":"","background-media":"","overlay-type":"","overlay-color":"","overlay-opacity":"","overlay-gradient":""}},"footnotes":""},"class_list":["post-447","page","type-page","status-publish","hentry"],"uagb_featured_image_src":{"full":false,"thumbnail":false,"medium":false,"medium_large":false,"large":false,"1536x1536":false,"2048x2048":false,"trp-custom-language-flag":false,"woocommerce_thumbnail":false,"woocommerce_single":false,"woocommerce_gallery_thumbnail":false,"variation_swatches_image_size":false,"variation_swatches_tooltip_size":false},"uagb_author_info":{"display_name":"jennifer-admin","author_link":"https:\/\/nordglaze.no\/da\/author\/jennifer-admin\/"},"uagb_comment_info":0,"uagb_excerpt":"Glasur Safran fra Spectrum. Temperatur: 1230 grader. laget av @mieg_keramikk Glasur: To lag med Honey flux og 2 av Iron [&hellip;]","_links":{"self":[{"href":"https:\/\/nordglaze.no\/da\/wp-json\/wp\/v2\/pages\/447","targetHints":{"allow":["GET"]}}],"collection":[{"href":"https:\/\/nordglaze.no\/da\/wp-json\/wp\/v2\/pages"}],"about":[{"href":"https:\/\/nordglaze.no\/da\/wp-json\/wp\/v2\/types\/page"}],"author":[{"embeddable":true,"href":"https:\/\/nordglaze.no\/da\/wp-json\/wp\/v2\/users\/1"}],"replies":[{"embeddable":true,"href":"https:\/\/nordglaze.no\/da\/wp-json\/wp\/v2\/comments?post=447"}],"version-history":[{"count":20,"href":"https:\/\/nordglaze.no\/da\/wp-json\/wp\/v2\/pages\/447\/revisions"}],"predecessor-version":[{"id":2067,"href":"https:\/\/nordglaze.no\/da\/wp-json\/wp\/v2\/pages\/447\/revisions\/2067"}],"wp:attachment":[{"href":"https:\/\/nordglaze.no\/da\/wp-json\/wp\/v2\/media?parent=447"}],"curies":[{"name":"wp","href":"https:\/\/api.w.org\/{rel}","templated":true}]}}