{"id":563,"date":"2026-02-04T18:15:28","date_gmt":"2026-02-04T18:15:28","guid":{"rendered":"https:\/\/nordglaze.no\/produkt\/honey-flux\/"},"modified":"2026-04-05T13:52:23","modified_gmt":"2026-04-05T11:52:23","slug":"honey-flux","status":"publish","type":"product","link":"https:\/\/nordglaze.no\/da\/vare\/honey-flux\/","title":{"rendered":"Honningfl\u00f8de"},"content":{"rendered":"<p>Amaco PC- Honey Flux er en kremfarvet glasur, der giver \u00f8get flydeevne, n\u00e5r den p\u00e5f\u00f8res over andre glasurer. Ved lavere br\u00e6nding i Cone 5-omr\u00e5det fremst\u00e5r den mere d\u00e6kkende med et honning- til cremefarvet udtryk. Ved h\u00f8jere br\u00e6nding, omkring Cone 6, bliver glasuren mere flydende og udvikler en lysere hvid nuance med honningfarvede pletter.<br \/>\nUdtrykket kan variere med blandt andet p\u00e5f\u00f8ring, lagtykkelse, ler-type og br\u00e6nding. For bedst muligt resultat anbefales det at teste glasuren p\u00e5 pr\u00f8veemner f\u00f8r brug p\u00e5 f\u00e6rdige arbejder, is\u00e6r ved lagdeling eller ved brug af nye batcher. F\u00f8lg producentens anbefalinger for br\u00e6nding.<br \/>\nF\u00f8lg producentens anvisninger, og brug normale forholdsregler ved h\u00e5ndtering af glasurer.<\/p>","protected":false},"excerpt":{"rendered":"<p>Cremehvid glasur med god flydeevne, der giver mere bev\u00e6gelse og sp\u00e6ndende reaktioner, n\u00e5r den l\u00e6gges over andre glasurer. Sendes inden for 2-4 arbejdsdage.<\/p>","protected":false},"featured_media":562,"template":"","meta":{"_uag_custom_page_level_css":"","site-sidebar-layout":"default","site-content-layout":"","ast-site-content-layout":"default","site-content-style":"default","site-sidebar-style":"default","ast-global-header-display":"","ast-banner-title-visibility":"","ast-main-header-display":"","ast-hfb-above-header-display":"","ast-hfb-below-header-display":"","ast-hfb-mobile-header-display":"","site-post-title":"","ast-breadcrumbs-content":"","ast-featured-img":"","footer-sml-layout":"","ast-disable-related-posts":"","theme-transparent-header-meta":"default","adv-header-id-meta":"","stick-header-meta":"","header-above-stick-meta":"","header-main-stick-meta":"","header-below-stick-meta":"","astra-migrate-meta-layouts":"set","ast-page-background-enabled":"default","ast-page-background-meta":{"desktop":{"background-color":"var(--ast-global-color-5)","background-image":"","background-repeat":"repeat","background-position":"center center","background-size":"auto","background-attachment":"scroll","background-type":"","background-media":"","overlay-type":"","overlay-color":"","overlay-opacity":"","overlay-gradient":""},"tablet":{"background-color":"","background-image":"","background-repeat":"repeat","background-position":"center center","background-size":"auto","background-attachment":"scroll","background-type":"","background-media":"","overlay-type":"","overlay-color":"","overlay-opacity":"","overlay-gradient":""},"mobile":{"background-color":"","background-image":"","background-repeat":"repeat","background-position":"center center","background-size":"auto","background-attachment":"scroll","background-type":"","background-media":"","overlay-type":"","overlay-color":"","overlay-opacity":"","overlay-gradient":""}},"ast-content-background-meta":{"desktop":{"background-color":"var(--ast-global-color-4)","background-image":"","background-repeat":"repeat","background-position":"center center","background-size":"auto","background-attachment":"scroll","background-type":"","background-media":"","overlay-type":"","overlay-color":"","overlay-opacity":"","overlay-gradient":""},"tablet":{"background-color":"var(--ast-global-color-4)","background-image":"","background-repeat":"repeat","background-position":"center center","background-size":"auto","background-attachment":"scroll","background-type":"","background-media":"","overlay-type":"","overlay-color":"","overlay-opacity":"","overlay-gradient":""},"mobile":{"background-color":"var(--ast-global-color-4)","background-image":"","background-repeat":"repeat","background-position":"center center","background-size":"auto","background-attachment":"scroll","background-type":"","background-media":"","overlay-type":"","overlay-color":"","overlay-opacity":"","overlay-gradient":""}}},"product_brand":[],"product_cat":[76,80],"product_tag":[],"giftcard-category":[],"class_list":{"0":"post-563","1":"product","2":"type-product","3":"status-publish","4":"has-post-thumbnail","6":"product_cat-amaco-glasurer","7":"product_cat-amaco-potters-choice-amaco-glasurer","8":"pa_matsikker-matsikker","9":"pa_temperatur-hoybrent-steingods","10":"desktop-align-center","11":"tablet-align-left","12":"mobile-align-left","14":"first","15":"instock","16":"featured","17":"taxable","18":"shipping-taxable","19":"purchasable","20":"product-type-simple"},"uagb_featured_image_src":{"full":["https:\/\/nordglaze.no\/wp-content\/uploads\/2026\/02\/pc-17-honey-flux-stoneware-glaze.jpg",800,745,false],"thumbnail":["https:\/\/nordglaze.no\/wp-content\/uploads\/2026\/02\/pc-17-honey-flux-stoneware-glaze-150x150.jpg",150,150,true],"medium":["https:\/\/nordglaze.no\/wp-content\/uploads\/2026\/02\/pc-17-honey-flux-stoneware-glaze-300x279.jpg",300,279,true],"medium_large":["https:\/\/nordglaze.no\/wp-content\/uploads\/2026\/02\/pc-17-honey-flux-stoneware-glaze-768x715.jpg",768,715,true],"large":["https:\/\/nordglaze.no\/wp-content\/uploads\/2026\/02\/pc-17-honey-flux-stoneware-glaze.jpg",800,745,false],"1536x1536":["https:\/\/nordglaze.no\/wp-content\/uploads\/2026\/02\/pc-17-honey-flux-stoneware-glaze.jpg",800,745,false],"2048x2048":["https:\/\/nordglaze.no\/wp-content\/uploads\/2026\/02\/pc-17-honey-flux-stoneware-glaze.jpg",800,745,false],"trp-custom-language-flag":["https:\/\/nordglaze.no\/wp-content\/uploads\/2026\/02\/pc-17-honey-flux-stoneware-glaze.jpg",13,12,false],"woocommerce_thumbnail":["https:\/\/nordglaze.no\/wp-content\/uploads\/2026\/02\/pc-17-honey-flux-stoneware-glaze-300x279.jpg",300,279,true],"woocommerce_single":["https:\/\/nordglaze.no\/wp-content\/uploads\/2026\/02\/pc-17-honey-flux-stoneware-glaze-600x559.jpg",600,559,true],"woocommerce_gallery_thumbnail":["https:\/\/nordglaze.no\/wp-content\/uploads\/2026\/02\/pc-17-honey-flux-stoneware-glaze-100x100.jpg",100,100,true],"variation_swatches_image_size":["https:\/\/nordglaze.no\/wp-content\/uploads\/2026\/02\/pc-17-honey-flux-stoneware-glaze.jpg",50,47,false],"variation_swatches_tooltip_size":["https:\/\/nordglaze.no\/wp-content\/uploads\/2026\/02\/pc-17-honey-flux-stoneware-glaze.jpg",100,93,false]},"uagb_author_info":{"display_name":"jennifer-admin","author_link":"https:\/\/nordglaze.no\/da\/author\/"},"uagb_comment_info":0,"uagb_excerpt":"Kremfarget glasur med god flyt, som gir mer bevegelse og spennende reaksjoner n\u00e5r den legges over andre glasurer. Sendes innen 2\u20134 arbeidsdager.","_links":{"self":[{"href":"https:\/\/nordglaze.no\/da\/wp-json\/wp\/v2\/product\/563","targetHints":{"allow":["GET"]}}],"collection":[{"href":"https:\/\/nordglaze.no\/da\/wp-json\/wp\/v2\/product"}],"about":[{"href":"https:\/\/nordglaze.no\/da\/wp-json\/wp\/v2\/types\/product"}],"wp:featuredmedia":[{"embeddable":true,"href":"https:\/\/nordglaze.no\/da\/wp-json\/wp\/v2\/media\/562"}],"wp:attachment":[{"href":"https:\/\/nordglaze.no\/da\/wp-json\/wp\/v2\/media?parent=563"}],"wp:term":[{"taxonomy":"product_brand","embeddable":true,"href":"https:\/\/nordglaze.no\/da\/wp-json\/wp\/v2\/product_brand?post=563"},{"taxonomy":"product_cat","embeddable":true,"href":"https:\/\/nordglaze.no\/da\/wp-json\/wp\/v2\/product_cat?post=563"},{"taxonomy":"product_tag","embeddable":true,"href":"https:\/\/nordglaze.no\/da\/wp-json\/wp\/v2\/product_tag?post=563"},{"taxonomy":"giftcard-category","embeddable":true,"href":"https:\/\/nordglaze.no\/da\/wp-json\/wp\/v2\/giftcard-category?post=563"}],"curies":[{"name":"wp","href":"https:\/\/api.w.org\/{rel}","templated":true}]}}