{"id":571,"date":"2026-02-04T18:15:33","date_gmt":"2026-02-04T18:15:33","guid":{"rendered":"https:\/\/nordglaze.no\/produkt\/lustrous-jade\/"},"modified":"2026-03-28T15:54:22","modified_gmt":"2026-03-28T14:54:22","slug":"lustrous-jade","status":"publish","type":"product","link":"https:\/\/nordglaze.no\/da\/vare\/lustrous-jade\/","title":{"rendered":"Skinnende jade"},"content":{"rendered":"<p>Amamco PC- Lustrous Jade er en blank og d\u00e6kkende glasur med en j\u00e6vn, bl\u00f8d gr\u00f8n overflade, der kan minde om \u00e6delstenen jade. Farven er rolig og stabil og giver et rent og harmonisk udtryk. Glasuren fungerer godt alene, men kan ogs\u00e5 kombineres med andre glasurer for varierede overfladeeffekter.<br \/>\nDet endelige resultatet kan variere avhengig av blant annet leirtype, p\u00e5f\u00f8ring, tykkelse p\u00e5 lagene og brenning. Ved lagdeling anbefales det \u00e5 teste glasuren p\u00e5 pr\u00f8ver f\u00f8r bruk p\u00e5 ferdige arbeider. F\u00f8lg produsentens anvisninger for brenning og temperatur for best mulig resultat.<br \/>\nF\u00f8lg producentens anvisninger, og brug normale forholdsregler ved h\u00e5ndtering af glasurer.<\/p>","protected":false},"excerpt":{"rendered":"<p>Blank og dekkende jadegr\u00f8n glasur med en ensartet og rolig overflade. Afsendes inden for 2-4 arbejdsdage.<\/p>","protected":false},"featured_media":570,"template":"","meta":{"_uag_custom_page_level_css":"","site-sidebar-layout":"default","site-content-layout":"","ast-site-content-layout":"default","site-content-style":"default","site-sidebar-style":"default","ast-global-header-display":"","ast-banner-title-visibility":"","ast-main-header-display":"","ast-hfb-above-header-display":"","ast-hfb-below-header-display":"","ast-hfb-mobile-header-display":"","site-post-title":"","ast-breadcrumbs-content":"","ast-featured-img":"","footer-sml-layout":"","ast-disable-related-posts":"","theme-transparent-header-meta":"default","adv-header-id-meta":"","stick-header-meta":"","header-above-stick-meta":"","header-main-stick-meta":"","header-below-stick-meta":"","astra-migrate-meta-layouts":"set","ast-page-background-enabled":"default","ast-page-background-meta":{"desktop":{"background-color":"var(--ast-global-color-5)","background-image":"","background-repeat":"repeat","background-position":"center center","background-size":"auto","background-attachment":"scroll","background-type":"","background-media":"","overlay-type":"","overlay-color":"","overlay-opacity":"","overlay-gradient":""},"tablet":{"background-color":"","background-image":"","background-repeat":"repeat","background-position":"center center","background-size":"auto","background-attachment":"scroll","background-type":"","background-media":"","overlay-type":"","overlay-color":"","overlay-opacity":"","overlay-gradient":""},"mobile":{"background-color":"","background-image":"","background-repeat":"repeat","background-position":"center center","background-size":"auto","background-attachment":"scroll","background-type":"","background-media":"","overlay-type":"","overlay-color":"","overlay-opacity":"","overlay-gradient":""}},"ast-content-background-meta":{"desktop":{"background-color":"var(--ast-global-color-4)","background-image":"","background-repeat":"repeat","background-position":"center center","background-size":"auto","background-attachment":"scroll","background-type":"","background-media":"","overlay-type":"","overlay-color":"","overlay-opacity":"","overlay-gradient":""},"tablet":{"background-color":"var(--ast-global-color-4)","background-image":"","background-repeat":"repeat","background-position":"center center","background-size":"auto","background-attachment":"scroll","background-type":"","background-media":"","overlay-type":"","overlay-color":"","overlay-opacity":"","overlay-gradient":""},"mobile":{"background-color":"var(--ast-global-color-4)","background-image":"","background-repeat":"repeat","background-position":"center center","background-size":"auto","background-attachment":"scroll","background-type":"","background-media":"","overlay-type":"","overlay-color":"","overlay-opacity":"","overlay-gradient":""}}},"product_brand":[],"product_cat":[76,80],"product_tag":[],"giftcard-category":[],"class_list":{"0":"post-571","1":"product","2":"type-product","3":"status-publish","4":"has-post-thumbnail","6":"product_cat-amaco-glasurer","7":"product_cat-amaco-potters-choice-amaco-glasurer","8":"pa_matsikker-matsikker","9":"pa_temperatur-hoybrent-steingods","10":"desktop-align-center","11":"tablet-align-left","12":"mobile-align-left","14":"first","15":"instock","16":"taxable","17":"shipping-taxable","18":"purchasable","19":"product-type-simple"},"uagb_featured_image_src":{"full":["https:\/\/nordglaze.no\/wp-content\/uploads\/2026\/02\/pc-46-lustrous-jade-stoneware-glaze.jpg",800,745,false],"thumbnail":["https:\/\/nordglaze.no\/wp-content\/uploads\/2026\/02\/pc-46-lustrous-jade-stoneware-glaze-150x150.jpg",150,150,true],"medium":["https:\/\/nordglaze.no\/wp-content\/uploads\/2026\/02\/pc-46-lustrous-jade-stoneware-glaze-300x279.jpg",300,279,true],"medium_large":["https:\/\/nordglaze.no\/wp-content\/uploads\/2026\/02\/pc-46-lustrous-jade-stoneware-glaze-768x715.jpg",768,715,true],"large":["https:\/\/nordglaze.no\/wp-content\/uploads\/2026\/02\/pc-46-lustrous-jade-stoneware-glaze.jpg",800,745,false],"1536x1536":["https:\/\/nordglaze.no\/wp-content\/uploads\/2026\/02\/pc-46-lustrous-jade-stoneware-glaze.jpg",800,745,false],"2048x2048":["https:\/\/nordglaze.no\/wp-content\/uploads\/2026\/02\/pc-46-lustrous-jade-stoneware-glaze.jpg",800,745,false],"trp-custom-language-flag":["https:\/\/nordglaze.no\/wp-content\/uploads\/2026\/02\/pc-46-lustrous-jade-stoneware-glaze.jpg",13,12,false],"woocommerce_thumbnail":["https:\/\/nordglaze.no\/wp-content\/uploads\/2026\/02\/pc-46-lustrous-jade-stoneware-glaze-300x279.jpg",300,279,true],"woocommerce_single":["https:\/\/nordglaze.no\/wp-content\/uploads\/2026\/02\/pc-46-lustrous-jade-stoneware-glaze-600x559.jpg",600,559,true],"woocommerce_gallery_thumbnail":["https:\/\/nordglaze.no\/wp-content\/uploads\/2026\/02\/pc-46-lustrous-jade-stoneware-glaze-100x100.jpg",100,100,true],"variation_swatches_image_size":["https:\/\/nordglaze.no\/wp-content\/uploads\/2026\/02\/pc-46-lustrous-jade-stoneware-glaze.jpg",50,47,false],"variation_swatches_tooltip_size":["https:\/\/nordglaze.no\/wp-content\/uploads\/2026\/02\/pc-46-lustrous-jade-stoneware-glaze.jpg",100,93,false]},"uagb_author_info":{"display_name":"jennifer-admin","author_link":"https:\/\/nordglaze.no\/da\/author\/"},"uagb_comment_info":0,"uagb_excerpt":"Blank og dekkende jadegr\u00f8nn glasur med en jevn og rolig overflate. Sendes innen 2\u20134 arbeidsdager.","_links":{"self":[{"href":"https:\/\/nordglaze.no\/da\/wp-json\/wp\/v2\/product\/571","targetHints":{"allow":["GET"]}}],"collection":[{"href":"https:\/\/nordglaze.no\/da\/wp-json\/wp\/v2\/product"}],"about":[{"href":"https:\/\/nordglaze.no\/da\/wp-json\/wp\/v2\/types\/product"}],"wp:featuredmedia":[{"embeddable":true,"href":"https:\/\/nordglaze.no\/da\/wp-json\/wp\/v2\/media\/570"}],"wp:attachment":[{"href":"https:\/\/nordglaze.no\/da\/wp-json\/wp\/v2\/media?parent=571"}],"wp:term":[{"taxonomy":"product_brand","embeddable":true,"href":"https:\/\/nordglaze.no\/da\/wp-json\/wp\/v2\/product_brand?post=571"},{"taxonomy":"product_cat","embeddable":true,"href":"https:\/\/nordglaze.no\/da\/wp-json\/wp\/v2\/product_cat?post=571"},{"taxonomy":"product_tag","embeddable":true,"href":"https:\/\/nordglaze.no\/da\/wp-json\/wp\/v2\/product_tag?post=571"},{"taxonomy":"giftcard-category","embeddable":true,"href":"https:\/\/nordglaze.no\/da\/wp-json\/wp\/v2\/giftcard-category?post=571"}],"curies":[{"name":"wp","href":"https:\/\/api.w.org\/{rel}","templated":true}]}}