{"id":593,"date":"2026-02-04T18:15:50","date_gmt":"2026-02-04T18:15:50","guid":{"rendered":"https:\/\/nordglaze.no\/produkt\/toasted-sage\/"},"modified":"2026-03-23T23:41:45","modified_gmt":"2026-03-23T23:41:45","slug":"toasted-sage","status":"publish","type":"product","link":"https:\/\/nordglaze.no\/da\/vare\/toasted-sage\/","title":{"rendered":"Ristet salvie"},"content":{"rendered":"<p>Amaco PC- Toasted Sage er en dekkende glasur i en varm gr\u00e5 tone, med myke og subtile innslag av rosa og gr\u00f8nt som gir et levende, men rolig uttrykk. Overflaten f\u00e5r et lett spill som tilf\u00f8rer dybde uten \u00e5 dominere. Glasuren fungerer sv\u00e6rt godt i lagdeling og er spesielt fin brukt som topplag over andre glasurer.<br \/>\nSlutresultatet kan variere afh\u00e6ngigt af bl.a. lertype, p\u00e5f\u00f8ring, lagtykkelse og br\u00e6nding. For at opn\u00e5 det bedste resultat anbefales det at teste glasuren p\u00e5 pr\u00f8veemner, f\u00f8r den bruges p\u00e5 f\u00e6rdige v\u00e6rker, is\u00e6r ved lagdeling. F\u00f8lg producentens anvisninger for br\u00e6nding og temperatur.<br \/>\nF\u00f8lg producentens anvisninger, og brug normale forholdsregler ved h\u00e5ndtering af glasurer.<\/p>","protected":false},"excerpt":{"rendered":"<p>Dekkende varm gr\u00e5 glasur med svake innslag av rosa og gr\u00f8nt. Passer godt som topplag. Sendes innen 2\u20134 arbeidsdager.<\/p>","protected":false},"featured_media":592,"template":"","meta":{"_uag_custom_page_level_css":"","site-sidebar-layout":"default","site-content-layout":"","ast-site-content-layout":"default","site-content-style":"default","site-sidebar-style":"default","ast-global-header-display":"","ast-banner-title-visibility":"","ast-main-header-display":"","ast-hfb-above-header-display":"","ast-hfb-below-header-display":"","ast-hfb-mobile-header-display":"","site-post-title":"","ast-breadcrumbs-content":"","ast-featured-img":"","footer-sml-layout":"","ast-disable-related-posts":"","theme-transparent-header-meta":"default","adv-header-id-meta":"","stick-header-meta":"","header-above-stick-meta":"","header-main-stick-meta":"","header-below-stick-meta":"","astra-migrate-meta-layouts":"set","ast-page-background-enabled":"default","ast-page-background-meta":{"desktop":{"background-color":"var(--ast-global-color-5)","background-image":"","background-repeat":"repeat","background-position":"center center","background-size":"auto","background-attachment":"scroll","background-type":"","background-media":"","overlay-type":"","overlay-color":"","overlay-opacity":"","overlay-gradient":""},"tablet":{"background-color":"","background-image":"","background-repeat":"repeat","background-position":"center center","background-size":"auto","background-attachment":"scroll","background-type":"","background-media":"","overlay-type":"","overlay-color":"","overlay-opacity":"","overlay-gradient":""},"mobile":{"background-color":"","background-image":"","background-repeat":"repeat","background-position":"center center","background-size":"auto","background-attachment":"scroll","background-type":"","background-media":"","overlay-type":"","overlay-color":"","overlay-opacity":"","overlay-gradient":""}},"ast-content-background-meta":{"desktop":{"background-color":"var(--ast-global-color-4)","background-image":"","background-repeat":"repeat","background-position":"center center","background-size":"auto","background-attachment":"scroll","background-type":"","background-media":"","overlay-type":"","overlay-color":"","overlay-opacity":"","overlay-gradient":""},"tablet":{"background-color":"var(--ast-global-color-4)","background-image":"","background-repeat":"repeat","background-position":"center center","background-size":"auto","background-attachment":"scroll","background-type":"","background-media":"","overlay-type":"","overlay-color":"","overlay-opacity":"","overlay-gradient":""},"mobile":{"background-color":"var(--ast-global-color-4)","background-image":"","background-repeat":"repeat","background-position":"center center","background-size":"auto","background-attachment":"scroll","background-type":"","background-media":"","overlay-type":"","overlay-color":"","overlay-opacity":"","overlay-gradient":""}}},"product_brand":[],"product_cat":[76,80],"product_tag":[],"giftcard-category":[],"class_list":{"0":"post-593","1":"product","2":"type-product","3":"status-publish","4":"has-post-thumbnail","6":"product_cat-amaco-glasurer","7":"product_cat-amaco-potters-choice-amaco-glasurer","8":"pa_matsikker-matsikker","9":"pa_temperatur-hoybrent-steingods","10":"desktop-align-center","11":"tablet-align-left","12":"mobile-align-left","14":"first","15":"instock","16":"taxable","17":"shipping-taxable","18":"purchasable","19":"product-type-simple"},"uagb_featured_image_src":{"full":["https:\/\/nordglaze.no\/wp-content\/uploads\/2026\/02\/pc-43-toasted-sage-stoneware-glaze.jpg",800,745,false],"thumbnail":["https:\/\/nordglaze.no\/wp-content\/uploads\/2026\/02\/pc-43-toasted-sage-stoneware-glaze-150x150.jpg",150,150,true],"medium":["https:\/\/nordglaze.no\/wp-content\/uploads\/2026\/02\/pc-43-toasted-sage-stoneware-glaze-300x279.jpg",300,279,true],"medium_large":["https:\/\/nordglaze.no\/wp-content\/uploads\/2026\/02\/pc-43-toasted-sage-stoneware-glaze-768x715.jpg",768,715,true],"large":["https:\/\/nordglaze.no\/wp-content\/uploads\/2026\/02\/pc-43-toasted-sage-stoneware-glaze.jpg",800,745,false],"1536x1536":["https:\/\/nordglaze.no\/wp-content\/uploads\/2026\/02\/pc-43-toasted-sage-stoneware-glaze.jpg",800,745,false],"2048x2048":["https:\/\/nordglaze.no\/wp-content\/uploads\/2026\/02\/pc-43-toasted-sage-stoneware-glaze.jpg",800,745,false],"trp-custom-language-flag":["https:\/\/nordglaze.no\/wp-content\/uploads\/2026\/02\/pc-43-toasted-sage-stoneware-glaze.jpg",13,12,false],"woocommerce_thumbnail":["https:\/\/nordglaze.no\/wp-content\/uploads\/2026\/02\/pc-43-toasted-sage-stoneware-glaze-300x279.jpg",300,279,true],"woocommerce_single":["https:\/\/nordglaze.no\/wp-content\/uploads\/2026\/02\/pc-43-toasted-sage-stoneware-glaze-600x559.jpg",600,559,true],"woocommerce_gallery_thumbnail":["https:\/\/nordglaze.no\/wp-content\/uploads\/2026\/02\/pc-43-toasted-sage-stoneware-glaze-100x100.jpg",100,100,true],"variation_swatches_image_size":["https:\/\/nordglaze.no\/wp-content\/uploads\/2026\/02\/pc-43-toasted-sage-stoneware-glaze.jpg",50,47,false],"variation_swatches_tooltip_size":["https:\/\/nordglaze.no\/wp-content\/uploads\/2026\/02\/pc-43-toasted-sage-stoneware-glaze.jpg",100,93,false]},"uagb_author_info":{"display_name":"jennifer-admin","author_link":"https:\/\/nordglaze.no\/da\/author\/"},"uagb_comment_info":0,"uagb_excerpt":"Dekkende varm gr\u00e5 glasur med svake innslag av rosa og gr\u00f8nt. Passer godt som topplag. Sendes innen 2\u20134 arbeidsdager.","_links":{"self":[{"href":"https:\/\/nordglaze.no\/da\/wp-json\/wp\/v2\/product\/593","targetHints":{"allow":["GET"]}}],"collection":[{"href":"https:\/\/nordglaze.no\/da\/wp-json\/wp\/v2\/product"}],"about":[{"href":"https:\/\/nordglaze.no\/da\/wp-json\/wp\/v2\/types\/product"}],"wp:featuredmedia":[{"embeddable":true,"href":"https:\/\/nordglaze.no\/da\/wp-json\/wp\/v2\/media\/592"}],"wp:attachment":[{"href":"https:\/\/nordglaze.no\/da\/wp-json\/wp\/v2\/media?parent=593"}],"wp:term":[{"taxonomy":"product_brand","embeddable":true,"href":"https:\/\/nordglaze.no\/da\/wp-json\/wp\/v2\/product_brand?post=593"},{"taxonomy":"product_cat","embeddable":true,"href":"https:\/\/nordglaze.no\/da\/wp-json\/wp\/v2\/product_cat?post=593"},{"taxonomy":"product_tag","embeddable":true,"href":"https:\/\/nordglaze.no\/da\/wp-json\/wp\/v2\/product_tag?post=593"},{"taxonomy":"giftcard-category","embeddable":true,"href":"https:\/\/nordglaze.no\/da\/wp-json\/wp\/v2\/giftcard-category?post=593"}],"curies":[{"name":"wp","href":"https:\/\/api.w.org\/{rel}","templated":true}]}}