{"id":611,"date":"2026-02-04T18:16:04","date_gmt":"2026-02-04T18:16:04","guid":{"rendered":"https:\/\/nordglaze.no\/produkt\/norse-blue\/"},"modified":"2026-03-23T23:41:47","modified_gmt":"2026-03-23T23:41:47","slug":"norse-blue","status":"publish","type":"product","link":"https:\/\/nordglaze.no\/da\/vare\/norse-blue\/","title":{"rendered":"Nordisk Bl\u00e5"},"content":{"rendered":"<p>Mayco SW- Stoneware Klassiske glasurer er udviklet til brug ved mellem- til h\u00f8jbr\u00e6ndt keramik og giver stabile resultater med god dybde og et gennemarbejdet udtryk. Flere af glasurerne reagerer tydeligt p\u00e5 tekstur, hvor ekstra farvetoner og nuancer kommer frem i overfladen.<br \/>\nHvordan glasuren p\u00e5f\u00f8res, har stor betydning for det endelige resultatet. Et lag gir et lettere udtryk, hvor leret delvist er synligt, mens to til tre lag giver en dybere og mere m\u00e6ttet farve. Valget af ler, tykkelsen af p\u00e5f\u00f8ringen, br\u00e6ndingsprogrammet og temperaturen vil alle p\u00e5virke det f\u00e6rdige resultat.<br \/>\nPr\u00f8veflisene, der vises her, er br\u00e6ndt fladt p\u00e5 hvid ler ved forskellige temperaturer og br\u00e6ndingsmetoder. Som altid anbefales det at teste glasuren p\u00e5 pr\u00f8veemner, f\u00f8r du bruger den p\u00e5 f\u00e6rdige arbejder.<\/p>","protected":false},"excerpt":{"rendered":"<p>Klassisk bl\u00e5 glasur med god dybde, der bryder flot frem i teksturen. Sendes inden for 2-4 arbejdsdage.<\/p>","protected":false},"featured_media":629,"template":"","meta":{"_uag_custom_page_level_css":"","site-sidebar-layout":"default","site-content-layout":"","ast-site-content-layout":"default","site-content-style":"default","site-sidebar-style":"default","ast-global-header-display":"","ast-banner-title-visibility":"","ast-main-header-display":"","ast-hfb-above-header-display":"","ast-hfb-below-header-display":"","ast-hfb-mobile-header-display":"","site-post-title":"","ast-breadcrumbs-content":"","ast-featured-img":"","footer-sml-layout":"","ast-disable-related-posts":"","theme-transparent-header-meta":"default","adv-header-id-meta":"","stick-header-meta":"","header-above-stick-meta":"","header-main-stick-meta":"","header-below-stick-meta":"","astra-migrate-meta-layouts":"set","ast-page-background-enabled":"default","ast-page-background-meta":{"desktop":{"background-color":"var(--ast-global-color-5)","background-image":"","background-repeat":"repeat","background-position":"center center","background-size":"auto","background-attachment":"scroll","background-type":"","background-media":"","overlay-type":"","overlay-color":"","overlay-opacity":"","overlay-gradient":""},"tablet":{"background-color":"","background-image":"","background-repeat":"repeat","background-position":"center center","background-size":"auto","background-attachment":"scroll","background-type":"","background-media":"","overlay-type":"","overlay-color":"","overlay-opacity":"","overlay-gradient":""},"mobile":{"background-color":"","background-image":"","background-repeat":"repeat","background-position":"center center","background-size":"auto","background-attachment":"scroll","background-type":"","background-media":"","overlay-type":"","overlay-color":"","overlay-opacity":"","overlay-gradient":""}},"ast-content-background-meta":{"desktop":{"background-color":"var(--ast-global-color-4)","background-image":"","background-repeat":"repeat","background-position":"center center","background-size":"auto","background-attachment":"scroll","background-type":"","background-media":"","overlay-type":"","overlay-color":"","overlay-opacity":"","overlay-gradient":""},"tablet":{"background-color":"var(--ast-global-color-4)","background-image":"","background-repeat":"repeat","background-position":"center center","background-size":"auto","background-attachment":"scroll","background-type":"","background-media":"","overlay-type":"","overlay-color":"","overlay-opacity":"","overlay-gradient":""},"mobile":{"background-color":"var(--ast-global-color-4)","background-image":"","background-repeat":"repeat","background-position":"center center","background-size":"auto","background-attachment":"scroll","background-type":"","background-media":"","overlay-type":"","overlay-color":"","overlay-opacity":"","overlay-gradient":""}}},"product_brand":[],"product_cat":[68,91,92],"product_tag":[],"giftcard-category":[],"class_list":{"0":"post-611","1":"product","2":"type-product","3":"status-publish","4":"has-post-thumbnail","6":"product_cat-mayco","7":"product_cat-mayco-glasurer","8":"product_cat-mayco-stoneware","9":"pa_matsikker-matsikker","10":"pa_temperatur-hoybrent-steingods","11":"desktop-align-center","12":"tablet-align-left","13":"mobile-align-left","15":"first","16":"instock","17":"taxable","18":"shipping-taxable","19":"purchasable","20":"product-type-simple"},"uagb_featured_image_src":{"full":["https:\/\/nordglaze.no\/wp-content\/uploads\/2026\/02\/Rainforest-e1770381034730-300x300-1.png",300,300,false],"thumbnail":["https:\/\/nordglaze.no\/wp-content\/uploads\/2026\/02\/Rainforest-e1770381034730-300x300-1-150x150.png",150,150,true],"medium":["https:\/\/nordglaze.no\/wp-content\/uploads\/2026\/02\/Rainforest-e1770381034730-300x300-1.png",300,300,false],"medium_large":["https:\/\/nordglaze.no\/wp-content\/uploads\/2026\/02\/Rainforest-e1770381034730-300x300-1.png",300,300,false],"large":["https:\/\/nordglaze.no\/wp-content\/uploads\/2026\/02\/Rainforest-e1770381034730-300x300-1.png",300,300,false],"1536x1536":["https:\/\/nordglaze.no\/wp-content\/uploads\/2026\/02\/Rainforest-e1770381034730-300x300-1.png",300,300,false],"2048x2048":["https:\/\/nordglaze.no\/wp-content\/uploads\/2026\/02\/Rainforest-e1770381034730-300x300-1.png",300,300,false],"trp-custom-language-flag":["https:\/\/nordglaze.no\/wp-content\/uploads\/2026\/02\/Rainforest-e1770381034730-300x300-1.png",12,12,false],"woocommerce_thumbnail":["https:\/\/nordglaze.no\/wp-content\/uploads\/2026\/02\/Rainforest-e1770381034730-300x300-1.png",300,300,false],"woocommerce_single":["https:\/\/nordglaze.no\/wp-content\/uploads\/2026\/02\/Rainforest-e1770381034730-300x300-1.png",300,300,false],"woocommerce_gallery_thumbnail":["https:\/\/nordglaze.no\/wp-content\/uploads\/2026\/02\/Rainforest-e1770381034730-300x300-1-100x100.png",100,100,true],"variation_swatches_image_size":["https:\/\/nordglaze.no\/wp-content\/uploads\/2026\/02\/Rainforest-e1770381034730-300x300-1.png",50,50,false],"variation_swatches_tooltip_size":["https:\/\/nordglaze.no\/wp-content\/uploads\/2026\/02\/Rainforest-e1770381034730-300x300-1.png",100,100,false]},"uagb_author_info":{"display_name":"jennifer-admin","author_link":"https:\/\/nordglaze.no\/da\/author\/"},"uagb_comment_info":0,"uagb_excerpt":"Klassisk bl\u00e5 glasur med god dybde, som bryter fint frem i teksturen. Sendes innen 2\u20134 arbeidsdager.","_links":{"self":[{"href":"https:\/\/nordglaze.no\/da\/wp-json\/wp\/v2\/product\/611","targetHints":{"allow":["GET"]}}],"collection":[{"href":"https:\/\/nordglaze.no\/da\/wp-json\/wp\/v2\/product"}],"about":[{"href":"https:\/\/nordglaze.no\/da\/wp-json\/wp\/v2\/types\/product"}],"wp:featuredmedia":[{"embeddable":true,"href":"https:\/\/nordglaze.no\/da\/wp-json\/wp\/v2\/media\/629"}],"wp:attachment":[{"href":"https:\/\/nordglaze.no\/da\/wp-json\/wp\/v2\/media?parent=611"}],"wp:term":[{"taxonomy":"product_brand","embeddable":true,"href":"https:\/\/nordglaze.no\/da\/wp-json\/wp\/v2\/product_brand?post=611"},{"taxonomy":"product_cat","embeddable":true,"href":"https:\/\/nordglaze.no\/da\/wp-json\/wp\/v2\/product_cat?post=611"},{"taxonomy":"product_tag","embeddable":true,"href":"https:\/\/nordglaze.no\/da\/wp-json\/wp\/v2\/product_tag?post=611"},{"taxonomy":"giftcard-category","embeddable":true,"href":"https:\/\/nordglaze.no\/da\/wp-json\/wp\/v2\/giftcard-category?post=611"}],"curies":[{"name":"wp","href":"https:\/\/api.w.org\/{rel}","templated":true}]}}