{"id":644,"date":"2026-02-07T12:35:42","date_gmt":"2026-02-07T12:35:42","guid":{"rendered":"https:\/\/nordglaze.no\/?post_type=product&#038;p=644"},"modified":"2026-03-16T10:14:29","modified_gmt":"2026-03-16T10:14:29","slug":"gift_card-2","status":"publish","type":"product","link":"https:\/\/nordglaze.no\/da\/vare\/gift_card-2\/","title":{"rendered":"NordGlaze Gavekort"},"content":{"rendered":"<p>Perfekt gave til alle som elsker keramikk.<\/p>\n<p>Gavekortet kan brukes p\u00e5 hele nettbutikken hos NordGlaze \u2013 fra glasurer og underglasurer til utstyr og materialer.<\/p>\n<p>Velg \u00f8nsket bel\u00f8p og send gavekortet direkte til mottakeren p\u00e5 e-post.<\/p>\n<p>Fordeler med gavekortet:<br \/>\n\u2022 Sendes digitalt<br \/>\n\u2022 Kan brukes p\u00e5 alle produkter<br \/>\n\u2022 Gyldig i 12 m\u00e5neder<\/p>","protected":false},"excerpt":{"rendered":"<p>Perfekt gave til alle som elsker keramikk. Gavekortet kan brukes p\u00e5 hele nettbutikken hos NordGlaze \u2013 fra glasurer og underglasurer [&hellip;]<\/p>\n","protected":false},"featured_media":645,"template":"","meta":{"_uag_custom_page_level_css":"","site-sidebar-layout":"default","site-content-layout":"","ast-site-content-layout":"default","site-content-style":"default","site-sidebar-style":"default","ast-global-header-display":"","ast-banner-title-visibility":"","ast-main-header-display":"","ast-hfb-above-header-display":"","ast-hfb-below-header-display":"","ast-hfb-mobile-header-display":"","site-post-title":"","ast-breadcrumbs-content":"","ast-featured-img":"","footer-sml-layout":"","ast-disable-related-posts":"","theme-transparent-header-meta":"default","adv-header-id-meta":"","stick-header-meta":"","header-above-stick-meta":"","header-main-stick-meta":"","header-below-stick-meta":"","astra-migrate-meta-layouts":"set","ast-page-background-enabled":"default","ast-page-background-meta":{"desktop":{"background-color":"var(--ast-global-color-5)","background-image":"","background-repeat":"repeat","background-position":"center center","background-size":"auto","background-attachment":"scroll","background-type":"","background-media":"","overlay-type":"","overlay-color":"","overlay-opacity":"","overlay-gradient":""},"tablet":{"background-color":"","background-image":"","background-repeat":"repeat","background-position":"center center","background-size":"auto","background-attachment":"scroll","background-type":"","background-media":"","overlay-type":"","overlay-color":"","overlay-opacity":"","overlay-gradient":""},"mobile":{"background-color":"","background-image":"","background-repeat":"repeat","background-position":"center center","background-size":"auto","background-attachment":"scroll","background-type":"","background-media":"","overlay-type":"","overlay-color":"","overlay-opacity":"","overlay-gradient":""}},"ast-content-background-meta":{"desktop":{"background-color":"var(--ast-global-color-4)","background-image":"","background-repeat":"repeat","background-position":"center center","background-size":"auto","background-attachment":"scroll","background-type":"","background-media":"","overlay-type":"","overlay-color":"","overlay-opacity":"","overlay-gradient":""},"tablet":{"background-color":"var(--ast-global-color-4)","background-image":"","background-repeat":"repeat","background-position":"center center","background-size":"auto","background-attachment":"scroll","background-type":"","background-media":"","overlay-type":"","overlay-color":"","overlay-opacity":"","overlay-gradient":""},"mobile":{"background-color":"var(--ast-global-color-4)","background-image":"","background-repeat":"repeat","background-position":"center center","background-size":"auto","background-attachment":"scroll","background-type":"","background-media":"","overlay-type":"","overlay-color":"","overlay-opacity":"","overlay-gradient":""}}},"product_brand":[],"product_cat":[39],"product_tag":[],"giftcard-category":[],"class_list":{"0":"post-644","1":"product","2":"type-product","3":"status-publish","4":"has-post-thumbnail","6":"product_cat-gavekort","7":"desktop-align-center","8":"tablet-align-left","9":"mobile-align-left","11":"first","12":"instock","13":"virtual","14":"purchasable","15":"product-type-gift-card"},"uagb_featured_image_src":{"full":["https:\/\/nordglaze.no\/wp-content\/uploads\/2026\/02\/GAVEKORT.png",1748,1240,false],"thumbnail":["https:\/\/nordglaze.no\/wp-content\/uploads\/2026\/02\/GAVEKORT-150x150.png",150,150,true],"medium":["https:\/\/nordglaze.no\/wp-content\/uploads\/2026\/02\/GAVEKORT-300x213.png",300,213,true],"medium_large":["https:\/\/nordglaze.no\/wp-content\/uploads\/2026\/02\/GAVEKORT-768x545.png",768,545,true],"large":["https:\/\/nordglaze.no\/wp-content\/uploads\/2026\/02\/GAVEKORT-1024x726.png",1024,726,true],"1536x1536":["https:\/\/nordglaze.no\/wp-content\/uploads\/2026\/02\/GAVEKORT-1536x1090.png",1536,1090,true],"2048x2048":["https:\/\/nordglaze.no\/wp-content\/uploads\/2026\/02\/GAVEKORT.png",1748,1240,false],"trp-custom-language-flag":["https:\/\/nordglaze.no\/wp-content\/uploads\/2026\/02\/GAVEKORT.png",18,12,false],"woocommerce_thumbnail":["https:\/\/nordglaze.no\/wp-content\/uploads\/2026\/02\/GAVEKORT-300x213.png",300,213,true],"woocommerce_single":["https:\/\/nordglaze.no\/wp-content\/uploads\/2026\/02\/GAVEKORT-600x426.png",600,426,true],"woocommerce_gallery_thumbnail":["https:\/\/nordglaze.no\/wp-content\/uploads\/2026\/02\/GAVEKORT-100x100.png",100,100,true],"variation_swatches_image_size":["https:\/\/nordglaze.no\/wp-content\/uploads\/2026\/02\/GAVEKORT.png",50,35,false],"variation_swatches_tooltip_size":["https:\/\/nordglaze.no\/wp-content\/uploads\/2026\/02\/GAVEKORT.png",100,71,false]},"uagb_author_info":{"display_name":"jennifer-admin","author_link":"https:\/\/nordglaze.no\/da\/author\/"},"uagb_comment_info":0,"uagb_excerpt":"Perfekt gave til alle som elsker keramikk. Gavekortet kan brukes p\u00e5 hele nettbutikken hos NordGlaze \u2013 fra glasurer og underglasurer [&hellip;]","_links":{"self":[{"href":"https:\/\/nordglaze.no\/da\/wp-json\/wp\/v2\/product\/644","targetHints":{"allow":["GET"]}}],"collection":[{"href":"https:\/\/nordglaze.no\/da\/wp-json\/wp\/v2\/product"}],"about":[{"href":"https:\/\/nordglaze.no\/da\/wp-json\/wp\/v2\/types\/product"}],"wp:featuredmedia":[{"embeddable":true,"href":"https:\/\/nordglaze.no\/da\/wp-json\/wp\/v2\/media\/645"}],"wp:attachment":[{"href":"https:\/\/nordglaze.no\/da\/wp-json\/wp\/v2\/media?parent=644"}],"wp:term":[{"taxonomy":"product_brand","embeddable":true,"href":"https:\/\/nordglaze.no\/da\/wp-json\/wp\/v2\/product_brand?post=644"},{"taxonomy":"product_cat","embeddable":true,"href":"https:\/\/nordglaze.no\/da\/wp-json\/wp\/v2\/product_cat?post=644"},{"taxonomy":"product_tag","embeddable":true,"href":"https:\/\/nordglaze.no\/da\/wp-json\/wp\/v2\/product_tag?post=644"},{"taxonomy":"giftcard-category","embeddable":true,"href":"https:\/\/nordglaze.no\/da\/wp-json\/wp\/v2\/giftcard-category?post=644"}],"curies":[{"name":"wp","href":"https:\/\/api.w.org\/{rel}","templated":true}]}}