{"id":809,"date":"2026-02-20T18:40:12","date_gmt":"2026-02-20T18:40:12","guid":{"rendered":"https:\/\/nordglaze.no\/produkt\/mustard\/"},"modified":"2026-03-25T09:30:36","modified_gmt":"2026-03-25T09:30:36","slug":"mustard","status":"publish","type":"product","link":"https:\/\/nordglaze.no\/da\/vare\/mustard\/","title":{"rendered":"Sennep (selvglaserende)"},"content":{"rendered":"<p>Denne underglasur er selvglaserende. Det betyder, at du ikke beh\u00f8ver at p\u00e5f\u00f8re et lag transparent glasur over for at opn\u00e5 et blankt udtryk.<br \/>\nDet kan p\u00e5f\u00f8res b\u00e5de f\u00f8r og efter r\u00e5br\u00e6nding.<br \/>\nP\u00e5f\u00f8r 3 tynde lag, og lad hvert lag t\u00f8rre godt i et par sekunder, f\u00f8r du p\u00e5f\u00f8rer det n\u00e6ste.<br \/>\nBr\u00e6ndes ved 1200\u20131250 \u00b0C (Cone 5\u20136).<\/p>","protected":false},"excerpt":{"rendered":"<p>Sendes indenfor 2\u20134 arbejdsdage.<\/p>","protected":false},"featured_media":2341,"template":"","meta":{"_uag_custom_page_level_css":"","site-sidebar-layout":"default","site-content-layout":"","ast-site-content-layout":"default","site-content-style":"default","site-sidebar-style":"default","ast-global-header-display":"","ast-banner-title-visibility":"","ast-main-header-display":"","ast-hfb-above-header-display":"","ast-hfb-below-header-display":"","ast-hfb-mobile-header-display":"","site-post-title":"","ast-breadcrumbs-content":"","ast-featured-img":"","footer-sml-layout":"","ast-disable-related-posts":"","theme-transparent-header-meta":"default","adv-header-id-meta":"","stick-header-meta":"","header-above-stick-meta":"","header-main-stick-meta":"","header-below-stick-meta":"","astra-migrate-meta-layouts":"set","ast-page-background-enabled":"default","ast-page-background-meta":{"desktop":{"background-color":"var(--ast-global-color-5)","background-image":"","background-repeat":"repeat","background-position":"center center","background-size":"auto","background-attachment":"scroll","background-type":"","background-media":"","overlay-type":"","overlay-color":"","overlay-opacity":"","overlay-gradient":""},"tablet":{"background-color":"","background-image":"","background-repeat":"repeat","background-position":"center center","background-size":"auto","background-attachment":"scroll","background-type":"","background-media":"","overlay-type":"","overlay-color":"","overlay-opacity":"","overlay-gradient":""},"mobile":{"background-color":"","background-image":"","background-repeat":"repeat","background-position":"center center","background-size":"auto","background-attachment":"scroll","background-type":"","background-media":"","overlay-type":"","overlay-color":"","overlay-opacity":"","overlay-gradient":""}},"ast-content-background-meta":{"desktop":{"background-color":"var(--ast-global-color-4)","background-image":"","background-repeat":"repeat","background-position":"center center","background-size":"auto","background-attachment":"scroll","background-type":"","background-media":"","overlay-type":"","overlay-color":"","overlay-opacity":"","overlay-gradient":""},"tablet":{"background-color":"var(--ast-global-color-4)","background-image":"","background-repeat":"repeat","background-position":"center center","background-size":"auto","background-attachment":"scroll","background-type":"","background-media":"","overlay-type":"","overlay-color":"","overlay-opacity":"","overlay-gradient":""},"mobile":{"background-color":"var(--ast-global-color-4)","background-image":"","background-repeat":"repeat","background-position":"center center","background-size":"auto","background-attachment":"scroll","background-type":"","background-media":"","overlay-type":"","overlay-color":"","overlay-opacity":"","overlay-gradient":""}}},"product_brand":[],"product_cat":[19],"product_tag":[],"giftcard-category":[],"class_list":{"0":"post-809","1":"product","2":"type-product","3":"status-publish","4":"has-post-thumbnail","6":"product_cat-underglasur","7":"pa_matsikker-matsikker","8":"pa_temperatur-hoybrent-steingods","9":"desktop-align-center","10":"tablet-align-left","11":"mobile-align-left","13":"first","14":"outofstock","15":"featured","16":"taxable","17":"shipping-taxable","18":"purchasable","19":"product-type-simple"},"uagb_featured_image_src":{"full":["https:\/\/nordglaze.no\/wp-content\/uploads\/2026\/03\/85.png",600,600,false],"thumbnail":["https:\/\/nordglaze.no\/wp-content\/uploads\/2026\/03\/85-150x150.png",150,150,true],"medium":["https:\/\/nordglaze.no\/wp-content\/uploads\/2026\/03\/85-300x300.png",300,300,true],"medium_large":["https:\/\/nordglaze.no\/wp-content\/uploads\/2026\/03\/85.png",600,600,false],"large":["https:\/\/nordglaze.no\/wp-content\/uploads\/2026\/03\/85.png",600,600,false],"1536x1536":["https:\/\/nordglaze.no\/wp-content\/uploads\/2026\/03\/85.png",600,600,false],"2048x2048":["https:\/\/nordglaze.no\/wp-content\/uploads\/2026\/03\/85.png",600,600,false],"trp-custom-language-flag":["https:\/\/nordglaze.no\/wp-content\/uploads\/2026\/03\/85-12x12.png",12,12,true],"woocommerce_thumbnail":["https:\/\/nordglaze.no\/wp-content\/uploads\/2026\/03\/85-300x300.png",300,300,true],"woocommerce_single":["https:\/\/nordglaze.no\/wp-content\/uploads\/2026\/03\/85.png",600,600,false],"woocommerce_gallery_thumbnail":["https:\/\/nordglaze.no\/wp-content\/uploads\/2026\/03\/85-100x100.png",100,100,true],"variation_swatches_image_size":["https:\/\/nordglaze.no\/wp-content\/uploads\/2026\/03\/85-50x50.png",50,50,true],"variation_swatches_tooltip_size":["https:\/\/nordglaze.no\/wp-content\/uploads\/2026\/03\/85-100x100.png",100,100,true]},"uagb_author_info":{"display_name":"jennifer-admin","author_link":"https:\/\/nordglaze.no\/da\/author\/"},"uagb_comment_info":0,"uagb_excerpt":"Sendes innen 2\u20134 arbeidsdager.","_links":{"self":[{"href":"https:\/\/nordglaze.no\/da\/wp-json\/wp\/v2\/product\/809","targetHints":{"allow":["GET"]}}],"collection":[{"href":"https:\/\/nordglaze.no\/da\/wp-json\/wp\/v2\/product"}],"about":[{"href":"https:\/\/nordglaze.no\/da\/wp-json\/wp\/v2\/types\/product"}],"wp:featuredmedia":[{"embeddable":true,"href":"https:\/\/nordglaze.no\/da\/wp-json\/wp\/v2\/media\/2341"}],"wp:attachment":[{"href":"https:\/\/nordglaze.no\/da\/wp-json\/wp\/v2\/media?parent=809"}],"wp:term":[{"taxonomy":"product_brand","embeddable":true,"href":"https:\/\/nordglaze.no\/da\/wp-json\/wp\/v2\/product_brand?post=809"},{"taxonomy":"product_cat","embeddable":true,"href":"https:\/\/nordglaze.no\/da\/wp-json\/wp\/v2\/product_cat?post=809"},{"taxonomy":"product_tag","embeddable":true,"href":"https:\/\/nordglaze.no\/da\/wp-json\/wp\/v2\/product_tag?post=809"},{"taxonomy":"giftcard-category","embeddable":true,"href":"https:\/\/nordglaze.no\/da\/wp-json\/wp\/v2\/giftcard-category?post=809"}],"curies":[{"name":"wp","href":"https:\/\/api.w.org\/{rel}","templated":true}]}}