{"id":837,"date":"2026-02-20T18:40:23","date_gmt":"2026-02-20T18:40:23","guid":{"rendered":"https:\/\/nordglaze.no\/produkt\/chocolate-brown\/"},"modified":"2026-03-23T23:41:55","modified_gmt":"2026-03-23T23:41:55","slug":"chocolate-brown","status":"publish","type":"product","link":"https:\/\/nordglaze.no\/da\/vare\/chocolate-brown\/","title":{"rendered":"Chokoladebrun (underglasur)"},"content":{"rendered":"<p>Den kan brukes alene for en matt overflate, eller dekkes med transparent glasur f\u00f8r siste brenning for en blank finish.<br \/>\nDen kan p\u00e5f\u00f8res b\u00e5de f\u00f8r og etter r\u00e5brann, men vi anbefaler \u00e5 p\u00e5f\u00f8re underglasuren f\u00f8r r\u00e5brann. N\u00e5r leiren er l\u00e6rhard eller nesten t\u00f8rr for best resultat.<br \/>\nP\u00e5f\u00f8r 3 tynde lag, og lad hvert lag t\u00f8rre godt i et par sekunder, f\u00f8r du p\u00e5f\u00f8rer det n\u00e6ste.<br \/>\nBr\u00e6ndes ved 1200\u20131250 \u00b0C (Cone 5\u20136).<\/p>","protected":false},"excerpt":{"rendered":"<p>Sendes indenfor 2\u20134 arbejdsdage.<\/p>","protected":false},"featured_media":2368,"template":"","meta":{"_uag_custom_page_level_css":"","site-sidebar-layout":"default","site-content-layout":"","ast-site-content-layout":"default","site-content-style":"default","site-sidebar-style":"default","ast-global-header-display":"","ast-banner-title-visibility":"","ast-main-header-display":"","ast-hfb-above-header-display":"","ast-hfb-below-header-display":"","ast-hfb-mobile-header-display":"","site-post-title":"","ast-breadcrumbs-content":"","ast-featured-img":"","footer-sml-layout":"","ast-disable-related-posts":"","theme-transparent-header-meta":"default","adv-header-id-meta":"","stick-header-meta":"","header-above-stick-meta":"","header-main-stick-meta":"","header-below-stick-meta":"","astra-migrate-meta-layouts":"set","ast-page-background-enabled":"default","ast-page-background-meta":{"desktop":{"background-color":"var(--ast-global-color-5)","background-image":"","background-repeat":"repeat","background-position":"center center","background-size":"auto","background-attachment":"scroll","background-type":"","background-media":"","overlay-type":"","overlay-color":"","overlay-opacity":"","overlay-gradient":""},"tablet":{"background-color":"","background-image":"","background-repeat":"repeat","background-position":"center center","background-size":"auto","background-attachment":"scroll","background-type":"","background-media":"","overlay-type":"","overlay-color":"","overlay-opacity":"","overlay-gradient":""},"mobile":{"background-color":"","background-image":"","background-repeat":"repeat","background-position":"center center","background-size":"auto","background-attachment":"scroll","background-type":"","background-media":"","overlay-type":"","overlay-color":"","overlay-opacity":"","overlay-gradient":""}},"ast-content-background-meta":{"desktop":{"background-color":"var(--ast-global-color-4)","background-image":"","background-repeat":"repeat","background-position":"center center","background-size":"auto","background-attachment":"scroll","background-type":"","background-media":"","overlay-type":"","overlay-color":"","overlay-opacity":"","overlay-gradient":""},"tablet":{"background-color":"var(--ast-global-color-4)","background-image":"","background-repeat":"repeat","background-position":"center center","background-size":"auto","background-attachment":"scroll","background-type":"","background-media":"","overlay-type":"","overlay-color":"","overlay-opacity":"","overlay-gradient":""},"mobile":{"background-color":"var(--ast-global-color-4)","background-image":"","background-repeat":"repeat","background-position":"center center","background-size":"auto","background-attachment":"scroll","background-type":"","background-media":"","overlay-type":"","overlay-color":"","overlay-opacity":"","overlay-gradient":""}}},"product_brand":[],"product_cat":[67,89,19],"product_tag":[],"giftcard-category":[],"class_list":{"0":"post-837","1":"product","2":"type-product","3":"status-publish","4":"has-post-thumbnail","6":"product_cat-spectrum","7":"product_cat-spectrum-underglasur-spectrum","8":"product_cat-underglasur","9":"pa_matsikker-matsikker","10":"pa_temperatur-hoybrent-steingods","11":"desktop-align-center","12":"tablet-align-left","13":"mobile-align-left","15":"first","16":"instock","17":"taxable","18":"shipping-taxable","19":"purchasable","20":"product-type-simple"},"uagb_featured_image_src":{"full":["https:\/\/nordglaze.no\/wp-content\/uploads\/2026\/03\/31.png",600,600,false],"thumbnail":["https:\/\/nordglaze.no\/wp-content\/uploads\/2026\/03\/31-150x150.png",150,150,true],"medium":["https:\/\/nordglaze.no\/wp-content\/uploads\/2026\/03\/31-300x300.png",300,300,true],"medium_large":["https:\/\/nordglaze.no\/wp-content\/uploads\/2026\/03\/31.png",600,600,false],"large":["https:\/\/nordglaze.no\/wp-content\/uploads\/2026\/03\/31.png",600,600,false],"1536x1536":["https:\/\/nordglaze.no\/wp-content\/uploads\/2026\/03\/31.png",600,600,false],"2048x2048":["https:\/\/nordglaze.no\/wp-content\/uploads\/2026\/03\/31.png",600,600,false],"trp-custom-language-flag":["https:\/\/nordglaze.no\/wp-content\/uploads\/2026\/03\/31-12x12.png",12,12,true],"woocommerce_thumbnail":["https:\/\/nordglaze.no\/wp-content\/uploads\/2026\/03\/31-300x300.png",300,300,true],"woocommerce_single":["https:\/\/nordglaze.no\/wp-content\/uploads\/2026\/03\/31.png",600,600,false],"woocommerce_gallery_thumbnail":["https:\/\/nordglaze.no\/wp-content\/uploads\/2026\/03\/31-100x100.png",100,100,true],"variation_swatches_image_size":["https:\/\/nordglaze.no\/wp-content\/uploads\/2026\/03\/31-50x50.png",50,50,true],"variation_swatches_tooltip_size":["https:\/\/nordglaze.no\/wp-content\/uploads\/2026\/03\/31-100x100.png",100,100,true]},"uagb_author_info":{"display_name":"jennifer-admin","author_link":"https:\/\/nordglaze.no\/da\/author\/"},"uagb_comment_info":0,"uagb_excerpt":"Sendes innen 2\u20134 arbeidsdager.","_links":{"self":[{"href":"https:\/\/nordglaze.no\/da\/wp-json\/wp\/v2\/product\/837","targetHints":{"allow":["GET"]}}],"collection":[{"href":"https:\/\/nordglaze.no\/da\/wp-json\/wp\/v2\/product"}],"about":[{"href":"https:\/\/nordglaze.no\/da\/wp-json\/wp\/v2\/types\/product"}],"wp:featuredmedia":[{"embeddable":true,"href":"https:\/\/nordglaze.no\/da\/wp-json\/wp\/v2\/media\/2368"}],"wp:attachment":[{"href":"https:\/\/nordglaze.no\/da\/wp-json\/wp\/v2\/media?parent=837"}],"wp:term":[{"taxonomy":"product_brand","embeddable":true,"href":"https:\/\/nordglaze.no\/da\/wp-json\/wp\/v2\/product_brand?post=837"},{"taxonomy":"product_cat","embeddable":true,"href":"https:\/\/nordglaze.no\/da\/wp-json\/wp\/v2\/product_cat?post=837"},{"taxonomy":"product_tag","embeddable":true,"href":"https:\/\/nordglaze.no\/da\/wp-json\/wp\/v2\/product_tag?post=837"},{"taxonomy":"giftcard-category","embeddable":true,"href":"https:\/\/nordglaze.no\/da\/wp-json\/wp\/v2\/giftcard-category?post=837"}],"curies":[{"name":"wp","href":"https:\/\/api.w.org\/{rel}","templated":true}]}}