{"id":551,"date":"2026-02-04T18:15:21","date_gmt":"2026-02-04T18:15:21","guid":{"rendered":"https:\/\/nordglaze.no\/produkt\/blue-lagoon\/"},"modified":"2026-03-25T10:14:16","modified_gmt":"2026-03-25T10:14:16","slug":"blue-lagoon","status":"publish","type":"product","link":"https:\/\/nordglaze.no\/en\/product\/blue-lagoon\/","title":{"rendered":"Blue Lagoon"},"content":{"rendered":"<p>Amaco PC- Blue Lagoon has cool blue-green tones that break against a milky green expression and gather in light blue areas over a deep texture. When applied more thickly, the glaze floats up and creates vibrant surface variations, with a play reminiscent of tides in a blue lagoon.<br \/>\nThe glaze can give many different expressions depending on the application and combination with other glazes. The end result is affected by layer thickness, clay type and firing, among other things. It is advisable to test the glaze on test pieces before use on finished works, especially when layering. Follow the manufacturer's instructions for firing and temperature for best results.<br \/>\nFollow the manufacturer's instructions and use normal precautions when handling glazes.<\/p>","protected":false},"excerpt":{"rendered":"<p>Cool blue-green glaze that flows nicely and gathers beautifully in the texture when applied thickly. Ships within 2-4 working days.<\/p>","protected":false},"featured_media":550,"template":"","meta":{"_uag_custom_page_level_css":"","site-sidebar-layout":"default","site-content-layout":"","ast-site-content-layout":"default","site-content-style":"default","site-sidebar-style":"default","ast-global-header-display":"","ast-banner-title-visibility":"","ast-main-header-display":"","ast-hfb-above-header-display":"","ast-hfb-below-header-display":"","ast-hfb-mobile-header-display":"","site-post-title":"","ast-breadcrumbs-content":"","ast-featured-img":"","footer-sml-layout":"","ast-disable-related-posts":"","theme-transparent-header-meta":"default","adv-header-id-meta":"","stick-header-meta":"","header-above-stick-meta":"","header-main-stick-meta":"","header-below-stick-meta":"","astra-migrate-meta-layouts":"set","ast-page-background-enabled":"default","ast-page-background-meta":{"desktop":{"background-color":"var(--ast-global-color-5)","background-image":"","background-repeat":"repeat","background-position":"center center","background-size":"auto","background-attachment":"scroll","background-type":"","background-media":"","overlay-type":"","overlay-color":"","overlay-opacity":"","overlay-gradient":""},"tablet":{"background-color":"","background-image":"","background-repeat":"repeat","background-position":"center center","background-size":"auto","background-attachment":"scroll","background-type":"","background-media":"","overlay-type":"","overlay-color":"","overlay-opacity":"","overlay-gradient":""},"mobile":{"background-color":"","background-image":"","background-repeat":"repeat","background-position":"center center","background-size":"auto","background-attachment":"scroll","background-type":"","background-media":"","overlay-type":"","overlay-color":"","overlay-opacity":"","overlay-gradient":""}},"ast-content-background-meta":{"desktop":{"background-color":"var(--ast-global-color-4)","background-image":"","background-repeat":"repeat","background-position":"center center","background-size":"auto","background-attachment":"scroll","background-type":"","background-media":"","overlay-type":"","overlay-color":"","overlay-opacity":"","overlay-gradient":""},"tablet":{"background-color":"var(--ast-global-color-4)","background-image":"","background-repeat":"repeat","background-position":"center center","background-size":"auto","background-attachment":"scroll","background-type":"","background-media":"","overlay-type":"","overlay-color":"","overlay-opacity":"","overlay-gradient":""},"mobile":{"background-color":"var(--ast-global-color-4)","background-image":"","background-repeat":"repeat","background-position":"center center","background-size":"auto","background-attachment":"scroll","background-type":"","background-media":"","overlay-type":"","overlay-color":"","overlay-opacity":"","overlay-gradient":""}}},"product_brand":[],"product_cat":[76,80],"product_tag":[],"giftcard-category":[],"class_list":{"0":"post-551","1":"product","2":"type-product","3":"status-publish","4":"has-post-thumbnail","6":"product_cat-amaco-glasurer","7":"product_cat-amaco-potters-choice-amaco-glasurer","8":"pa_matsikker-matsikker","9":"pa_temperatur-hoybrent-steingods","10":"desktop-align-center","11":"tablet-align-left","12":"mobile-align-left","14":"first","15":"instock","16":"taxable","17":"shipping-taxable","18":"purchasable","19":"product-type-simple"},"uagb_featured_image_src":{"full":["https:\/\/nordglaze.no\/wp-content\/uploads\/2026\/02\/pc-26-blue-lagoon-stoneware-glaze.jpg",800,745,false],"thumbnail":["https:\/\/nordglaze.no\/wp-content\/uploads\/2026\/02\/pc-26-blue-lagoon-stoneware-glaze-150x150.jpg",150,150,true],"medium":["https:\/\/nordglaze.no\/wp-content\/uploads\/2026\/02\/pc-26-blue-lagoon-stoneware-glaze-300x279.jpg",300,279,true],"medium_large":["https:\/\/nordglaze.no\/wp-content\/uploads\/2026\/02\/pc-26-blue-lagoon-stoneware-glaze-768x715.jpg",768,715,true],"large":["https:\/\/nordglaze.no\/wp-content\/uploads\/2026\/02\/pc-26-blue-lagoon-stoneware-glaze.jpg",800,745,false],"1536x1536":["https:\/\/nordglaze.no\/wp-content\/uploads\/2026\/02\/pc-26-blue-lagoon-stoneware-glaze.jpg",800,745,false],"2048x2048":["https:\/\/nordglaze.no\/wp-content\/uploads\/2026\/02\/pc-26-blue-lagoon-stoneware-glaze.jpg",800,745,false],"trp-custom-language-flag":["https:\/\/nordglaze.no\/wp-content\/uploads\/2026\/02\/pc-26-blue-lagoon-stoneware-glaze.jpg",13,12,false],"woocommerce_thumbnail":["https:\/\/nordglaze.no\/wp-content\/uploads\/2026\/02\/pc-26-blue-lagoon-stoneware-glaze-300x279.jpg",300,279,true],"woocommerce_single":["https:\/\/nordglaze.no\/wp-content\/uploads\/2026\/02\/pc-26-blue-lagoon-stoneware-glaze-600x559.jpg",600,559,true],"woocommerce_gallery_thumbnail":["https:\/\/nordglaze.no\/wp-content\/uploads\/2026\/02\/pc-26-blue-lagoon-stoneware-glaze-100x100.jpg",100,100,true],"variation_swatches_image_size":["https:\/\/nordglaze.no\/wp-content\/uploads\/2026\/02\/pc-26-blue-lagoon-stoneware-glaze.jpg",50,47,false],"variation_swatches_tooltip_size":["https:\/\/nordglaze.no\/wp-content\/uploads\/2026\/02\/pc-26-blue-lagoon-stoneware-glaze.jpg",100,93,false]},"uagb_author_info":{"display_name":"jennifer-admin","author_link":"https:\/\/nordglaze.no\/en\/author\/"},"uagb_comment_info":0,"uagb_excerpt":"Kj\u00f8lig bl\u00e5gr\u00f8nn glasur som flyter fint og samler seg vakkert i teksturen n\u00e5r den p\u00e5f\u00f8res tykt. Sendes innen 2\u20134 arbeidsdager.","_links":{"self":[{"href":"https:\/\/nordglaze.no\/en\/wp-json\/wp\/v2\/product\/551","targetHints":{"allow":["GET"]}}],"collection":[{"href":"https:\/\/nordglaze.no\/en\/wp-json\/wp\/v2\/product"}],"about":[{"href":"https:\/\/nordglaze.no\/en\/wp-json\/wp\/v2\/types\/product"}],"wp:featuredmedia":[{"embeddable":true,"href":"https:\/\/nordglaze.no\/en\/wp-json\/wp\/v2\/media\/550"}],"wp:attachment":[{"href":"https:\/\/nordglaze.no\/en\/wp-json\/wp\/v2\/media?parent=551"}],"wp:term":[{"taxonomy":"product_brand","embeddable":true,"href":"https:\/\/nordglaze.no\/en\/wp-json\/wp\/v2\/product_brand?post=551"},{"taxonomy":"product_cat","embeddable":true,"href":"https:\/\/nordglaze.no\/en\/wp-json\/wp\/v2\/product_cat?post=551"},{"taxonomy":"product_tag","embeddable":true,"href":"https:\/\/nordglaze.no\/en\/wp-json\/wp\/v2\/product_tag?post=551"},{"taxonomy":"giftcard-category","embeddable":true,"href":"https:\/\/nordglaze.no\/en\/wp-json\/wp\/v2\/giftcard-category?post=551"}],"curies":[{"name":"wp","href":"https:\/\/api.w.org\/{rel}","templated":true}]}}