{"id":621,"date":"2026-02-04T18:16:09","date_gmt":"2026-02-04T18:16:09","guid":{"rendered":"https:\/\/nordglaze.no\/produkt\/white-mudcrack\/"},"modified":"2026-04-11T09:24:32","modified_gmt":"2026-04-11T07:24:32","slug":"white-mudcrack","status":"publish","type":"product","link":"https:\/\/nordglaze.no\/en\/product\/white-mudcrack\/","title":{"rendered":"White Mudcrack"},"content":{"rendered":"<p>Mayco ST-Mudcrack is a glaze developed to provide a strong, raised, and distinct cracked surface. The prominence of the texture depends on how thickly the glaze is applied. A thinner layer will result in a smoother surface with fine cracks, while a thicker application will yield larger cracks and a more pronounced, tactile expression.<br \/>\nThe glaze can be applied directly to raw fired goods or used together with other glazes within the same temperature range. If applied very thickly, unfired glaze may loosen from the surface before firing. If the glaze is thick in consistency, thorough stirring or shaking can help improve flow.<br \/>\nThe end result is affected by clay type, application, layer thickness and firing. The sample tiles shown are fired flat on white clay at different temperatures and firing methods. For best control, it is recommended to test the glaze on test pieces before use on finished works.<br \/>\nFollow the manufacturer's instructions for firing and temperature, and use normal precautions when handling glazes.<\/p>","protected":false},"excerpt":{"rendered":"<p>Powerful texture glaze that gives a cracked, crackled surface, where thicker application gives larger cracks. <strong>Shipped within 2-4 working days.<\/strong><\/p>","protected":false},"featured_media":620,"template":"","meta":{"_uag_custom_page_level_css":"","site-sidebar-layout":"default","site-content-layout":"","ast-site-content-layout":"default","site-content-style":"default","site-sidebar-style":"default","ast-global-header-display":"","ast-banner-title-visibility":"","ast-main-header-display":"","ast-hfb-above-header-display":"","ast-hfb-below-header-display":"","ast-hfb-mobile-header-display":"","site-post-title":"","ast-breadcrumbs-content":"","ast-featured-img":"","footer-sml-layout":"","ast-disable-related-posts":"","theme-transparent-header-meta":"default","adv-header-id-meta":"","stick-header-meta":"","header-above-stick-meta":"","header-main-stick-meta":"","header-below-stick-meta":"","astra-migrate-meta-layouts":"set","ast-page-background-enabled":"default","ast-page-background-meta":{"desktop":{"background-color":"var(--ast-global-color-5)","background-image":"","background-repeat":"repeat","background-position":"center center","background-size":"auto","background-attachment":"scroll","background-type":"","background-media":"","overlay-type":"","overlay-color":"","overlay-opacity":"","overlay-gradient":""},"tablet":{"background-color":"","background-image":"","background-repeat":"repeat","background-position":"center center","background-size":"auto","background-attachment":"scroll","background-type":"","background-media":"","overlay-type":"","overlay-color":"","overlay-opacity":"","overlay-gradient":""},"mobile":{"background-color":"","background-image":"","background-repeat":"repeat","background-position":"center center","background-size":"auto","background-attachment":"scroll","background-type":"","background-media":"","overlay-type":"","overlay-color":"","overlay-opacity":"","overlay-gradient":""}},"ast-content-background-meta":{"desktop":{"background-color":"var(--ast-global-color-4)","background-image":"","background-repeat":"repeat","background-position":"center center","background-size":"auto","background-attachment":"scroll","background-type":"","background-media":"","overlay-type":"","overlay-color":"","overlay-opacity":"","overlay-gradient":""},"tablet":{"background-color":"var(--ast-global-color-4)","background-image":"","background-repeat":"repeat","background-position":"center center","background-size":"auto","background-attachment":"scroll","background-type":"","background-media":"","overlay-type":"","overlay-color":"","overlay-opacity":"","overlay-gradient":""},"mobile":{"background-color":"var(--ast-global-color-4)","background-image":"","background-repeat":"repeat","background-position":"center center","background-size":"auto","background-attachment":"scroll","background-type":"","background-media":"","overlay-type":"","overlay-color":"","overlay-opacity":"","overlay-gradient":""}}},"product_brand":[],"product_cat":[68,87,92],"product_tag":[],"giftcard-category":[],"class_list":{"0":"post-621","1":"product","2":"type-product","3":"status-publish","4":"has-post-thumbnail","6":"product_cat-mayco","7":"product_cat-mayco-underglasur","8":"product_cat-mayco-stoneware","9":"pa_matsikker-ikke-matsikker","10":"pa_temperatur-hoybrent-steingods","11":"desktop-align-center","12":"tablet-align-left","13":"mobile-align-left","15":"first","16":"instock","17":"taxable","18":"shipping-taxable","19":"purchasable","20":"product-type-simple"},"uagb_featured_image_src":{"full":["https:\/\/nordglaze.no\/wp-content\/uploads\/2026\/02\/sw-403-white-mudcrack-stoneware-glaze.jpg",800,745,false],"thumbnail":["https:\/\/nordglaze.no\/wp-content\/uploads\/2026\/02\/sw-403-white-mudcrack-stoneware-glaze-150x150.jpg",150,150,true],"medium":["https:\/\/nordglaze.no\/wp-content\/uploads\/2026\/02\/sw-403-white-mudcrack-stoneware-glaze-300x279.jpg",300,279,true],"medium_large":["https:\/\/nordglaze.no\/wp-content\/uploads\/2026\/02\/sw-403-white-mudcrack-stoneware-glaze-768x715.jpg",768,715,true],"large":["https:\/\/nordglaze.no\/wp-content\/uploads\/2026\/02\/sw-403-white-mudcrack-stoneware-glaze.jpg",800,745,false],"1536x1536":["https:\/\/nordglaze.no\/wp-content\/uploads\/2026\/02\/sw-403-white-mudcrack-stoneware-glaze.jpg",800,745,false],"2048x2048":["https:\/\/nordglaze.no\/wp-content\/uploads\/2026\/02\/sw-403-white-mudcrack-stoneware-glaze.jpg",800,745,false],"trp-custom-language-flag":["https:\/\/nordglaze.no\/wp-content\/uploads\/2026\/02\/sw-403-white-mudcrack-stoneware-glaze.jpg",13,12,false],"woocommerce_thumbnail":["https:\/\/nordglaze.no\/wp-content\/uploads\/2026\/02\/sw-403-white-mudcrack-stoneware-glaze-300x279.jpg",300,279,true],"woocommerce_single":["https:\/\/nordglaze.no\/wp-content\/uploads\/2026\/02\/sw-403-white-mudcrack-stoneware-glaze-600x559.jpg",600,559,true],"woocommerce_gallery_thumbnail":["https:\/\/nordglaze.no\/wp-content\/uploads\/2026\/02\/sw-403-white-mudcrack-stoneware-glaze-100x100.jpg",100,100,true],"variation_swatches_image_size":["https:\/\/nordglaze.no\/wp-content\/uploads\/2026\/02\/sw-403-white-mudcrack-stoneware-glaze.jpg",50,47,false],"variation_swatches_tooltip_size":["https:\/\/nordglaze.no\/wp-content\/uploads\/2026\/02\/sw-403-white-mudcrack-stoneware-glaze.jpg",100,93,false]},"uagb_author_info":{"display_name":"jennifer-admin","author_link":"https:\/\/nordglaze.no\/en\/author\/"},"uagb_comment_info":0,"uagb_excerpt":"Kraftig teksturglasur som gir en sprukket, krakelert overflate, der tykkere p\u00e5f\u00f8ring gir st\u00f8rre sprekker. Sendes innen 2\u20134 arbeidsdager.","_links":{"self":[{"href":"https:\/\/nordglaze.no\/en\/wp-json\/wp\/v2\/product\/621","targetHints":{"allow":["GET"]}}],"collection":[{"href":"https:\/\/nordglaze.no\/en\/wp-json\/wp\/v2\/product"}],"about":[{"href":"https:\/\/nordglaze.no\/en\/wp-json\/wp\/v2\/types\/product"}],"wp:featuredmedia":[{"embeddable":true,"href":"https:\/\/nordglaze.no\/en\/wp-json\/wp\/v2\/media\/620"}],"wp:attachment":[{"href":"https:\/\/nordglaze.no\/en\/wp-json\/wp\/v2\/media?parent=621"}],"wp:term":[{"taxonomy":"product_brand","embeddable":true,"href":"https:\/\/nordglaze.no\/en\/wp-json\/wp\/v2\/product_brand?post=621"},{"taxonomy":"product_cat","embeddable":true,"href":"https:\/\/nordglaze.no\/en\/wp-json\/wp\/v2\/product_cat?post=621"},{"taxonomy":"product_tag","embeddable":true,"href":"https:\/\/nordglaze.no\/en\/wp-json\/wp\/v2\/product_tag?post=621"},{"taxonomy":"giftcard-category","embeddable":true,"href":"https:\/\/nordglaze.no\/en\/wp-json\/wp\/v2\/giftcard-category?post=621"}],"curies":[{"name":"wp","href":"https:\/\/api.w.org\/{rel}","templated":true}]}}