{"id":1646,"date":"2026-02-22T16:41:13","date_gmt":"2026-02-22T16:41:13","guid":{"rendered":"https:\/\/nordglaze.no\/?page_id=1646"},"modified":"2026-03-23T19:17:59","modified_gmt":"2026-03-23T19:17:59","slug":"slik-velger-du-riktig-glasur","status":"publish","type":"page","link":"https:\/\/nordglaze.no\/fi\/slik-velger-du-riktig-glasur\/","title":{"rendered":"Miten valita oikea lasite"},"content":{"rendered":"<div class=\"wp-block-cover alignfull is-light\" style=\"min-height:350px;aspect-ratio:unset;\"><img loading=\"lazy\" decoding=\"async\" width=\"824\" height=\"1024\" class=\"wp-block-cover__image-background wp-image-2281 size-large\" alt=\"\" src=\"https:\/\/nordglaze.no\/wp-content\/uploads\/2026\/03\/DSC00046-3-Edit-824x1024.png\" style=\"object-position:53% 40%\" data-object-fit=\"cover\" data-object-position=\"53% 40%\" srcset=\"https:\/\/nordglaze.no\/wp-content\/uploads\/2026\/03\/DSC00046-3-Edit-824x1024.png 824w, https:\/\/nordglaze.no\/wp-content\/uploads\/2026\/03\/DSC00046-3-Edit-242x300.png 242w, https:\/\/nordglaze.no\/wp-content\/uploads\/2026\/03\/DSC00046-3-Edit-768x954.png 768w, https:\/\/nordglaze.no\/wp-content\/uploads\/2026\/03\/DSC00046-3-Edit-10x12.png 10w, https:\/\/nordglaze.no\/wp-content\/uploads\/2026\/03\/DSC00046-3-Edit-300x373.png 300w, https:\/\/nordglaze.no\/wp-content\/uploads\/2026\/03\/DSC00046-3-Edit-600x745.png 600w, https:\/\/nordglaze.no\/wp-content\/uploads\/2026\/03\/DSC00046-3-Edit.png 1024w\" sizes=\"auto, (max-width: 824px) 100vw, 824px\" \/><span aria-hidden=\"true\" class=\"wp-block-cover__background has-background-dim\" style=\"background-color:#cabba7\"><\/span><div class=\"wp-block-cover__inner-container is-layout-constrained wp-block-cover-is-layout-constrained\">\n<p class=\"has-text-align-center has-ast-global-color-4-color has-text-color has-link-color wp-elements-79aab52d3035faecf5edbd69a5b3c2bf\" style=\"font-size:16px\"><\/p>\n\n\n\n<p><\/p>\n\n\n\n<p class=\"has-text-align-center has-ast-global-color-4-color has-text-color has-link-color wp-elements-a55a42e3dc1fe7247004fb1ded145265\" style=\"font-size:27px\">Her kan du f\u00e5 hjelp til \u00e5 vite hvilken glasur som passer deg best<\/p>\n\n\n\n<p class=\"has-text-align-center has-ast-global-color-4-color has-text-color has-link-color wp-elements-40620d72b2f2e15534a35ed1e9889486\" style=\"font-size:16px\">Vi svarer p\u00e5 ofte stilte sp\u00f8rsm\u00e5l slik at ditt glasuresultatet kan bli best mulig!<\/p>\n<\/div><\/div>\n\n\n\n<div class=\"wp-block-group alignfull is-content-justification-center is-layout-constrained wp-container-core-group-is-layout-df757ecc wp-block-group-is-layout-constrained\" style=\"margin-top:0;margin-bottom:0;padding-top:calc( 0.5 * var(--wp--style--root--padding-right, var(--wp--custom--gap--horizontal)));padding-right:var(--wp--style--root--padding-right, var(--wp--custom--gap--horizontal));padding-bottom:calc( 0.5 * var(--wp--style--root--padding-right, var(--wp--custom--gap--horizontal)));padding-left:var(--wp--style--root--padding-left, var(--wp--custom--gap--horizontal))\">\n<div style=\"height:calc( 0.25 * var(--wp--style--root--padding-right, var(--wp--custom--gap--horizontal)))\" aria-hidden=\"true\" class=\"wp-block-spacer\"><\/div>\n\n\n\n<div style=\"height:calc( 0.25 * var(--wp--style--root--padding-right, var(--wp--custom--gap--horizontal)))\" aria-hidden=\"true\" class=\"wp-block-spacer\"><\/div>\n<\/div>\n\n\n\n<div style=\"height:50px\" aria-hidden=\"true\" class=\"wp-block-spacer\"><\/div>\n\n\n\n<div class=\"wp-block-uagb-info-box uagb-block-c2bc4c76 uagb-infobox__content-wrap  uagb-infobox-icon-above-title uagb-infobox-image-valign-top\"><div class=\"uagb-ifb-content\"><div class=\"uagb-ifb-icon-wrap\"><svg xmlns=\"https:\/\/www.w3.org\/2000\/svg\" viewbox=\"0 0 512 512\"><path d=\"M0 256C0 114.6 114.6 0 256 0C397.4 0 512 114.6 512 256C512 397.4 397.4 512 256 512C114.6 512 0 397.4 0 256zM371.8 211.8C382.7 200.9 382.7 183.1 371.8 172.2C360.9 161.3 343.1 161.3 332.2 172.2L224 280.4L179.8 236.2C168.9 225.3 151.1 225.3 140.2 236.2C129.3 247.1 129.3 264.9 140.2 275.8L204.2 339.8C215.1 350.7 232.9 350.7 243.8 339.8L371.8 211.8z\"><\/path><\/svg><\/div><div class=\"uagb-ifb-title-wrap\"><h3 class=\"uagb-ifb-title\">Lasite<\/h3><\/div><p class=\"uagb-ifb-desc\">Glasur er laget som som p\u00e5f\u00f8res keramikk for \u00e5 gi overflaten farge, struktur, egenart og en slitesterk finish. Glasuren brukes etter at gjenstanden er r\u00e5brent (f\u00f8rste brenning), og er ofte laget av blant annet oksider, kjemikalier og glass. N\u00e5r den brennes, smelter glasuren i ovnen og blir til et glassaktig lag som beskytter leiren og sammen med gjenstandens form og struktur, danner det ferdige uttrykket. Penselglasurer er enkle \u00e5 jobbe med og p\u00e5f\u00f8res vanligvis med to til tre lag \u2013 men les alltid anvisningen p\u00e5 boksen, da dette kan variere. Resultatet kan bli veldig forskjellig avhengig av hvilken glasur du velger, hvordan du kombinerer flere glasurer, temperaturen du brenner p\u00e5 og hvilken type overflate du legger den p\u00e5. Glasurer finnes i mange uttrykk, fra blanke og matte til levende effektglasurer med spill, dybde og variasjon.<br><\/p><\/div><\/div>\n\n\n\n<div style=\"height:50px\" aria-hidden=\"true\" class=\"wp-block-spacer\"><\/div>\n\n\n\n<div class=\"wp-block-uagb-info-box uagb-block-63d6c5c4 uagb-infobox__content-wrap  uagb-infobox-icon-above-title uagb-infobox-image-valign-top\"><div class=\"uagb-ifb-content\"><div class=\"uagb-ifb-icon-wrap\"><svg xmlns=\"https:\/\/www.w3.org\/2000\/svg\" viewbox=\"0 0 512 512\"><path d=\"M0 256C0 114.6 114.6 0 256 0C397.4 0 512 114.6 512 256C512 397.4 397.4 512 256 512C114.6 512 0 397.4 0 256zM371.8 211.8C382.7 200.9 382.7 183.1 371.8 172.2C360.9 161.3 343.1 161.3 332.2 172.2L224 280.4L179.8 236.2C168.9 225.3 151.1 225.3 140.2 236.2C129.3 247.1 129.3 264.9 140.2 275.8L204.2 339.8C215.1 350.7 232.9 350.7 243.8 339.8L371.8 211.8z\"><\/path><\/svg><\/div><div class=\"uagb-ifb-title-wrap\"><h3 class=\"uagb-ifb-title\">Pohjamaalaus<\/h3><\/div><p class=\"uagb-ifb-desc\">Underglasur er en type keramisk farge som brukes for \u00e5 dekorere leire f\u00f8r den f\u00e5r et beskyttende glasurlag. Den p\u00e5f\u00f8res som regel p\u00e5 r\u00e5brent gods, men kan ogs\u00e5 brukes p\u00e5 l\u00e6rhard eller t\u00f8rr leire, avhengig av uttrykket du \u00f8nsker. Underglasur gir mer presise og forutsigbare farger enn vanlig glasur, og egner seg godt til m\u00f8nster, illustrasjoner og detaljer. Den p\u00e5f\u00f8res ofte med pensel i ett eller flere lag, og resultatet avhenger av farge, antall lag, temperaturen du brenner p\u00e5 og underlaget den p\u00e5f\u00f8res. For at overflaten skal bli slitesterk og bruksegnet, dekkes underglasuren som regel med en transparent glasur (helst uten sink) f\u00f8r siste brenning, noe som kan p\u00e5virke b\u00e5de farge og uttrykk.<\/p><\/div><\/div>\n\n\n\n<div style=\"height:50px\" aria-hidden=\"true\" class=\"wp-block-spacer\"><\/div>\n\n\n\n<div class=\"wp-block-uagb-info-box uagb-block-ff08ccc9 uagb-infobox__content-wrap  uagb-infobox-icon-above-title uagb-infobox-image-valign-top\"><div class=\"uagb-ifb-content\"><div class=\"uagb-ifb-icon-wrap\"><svg xmlns=\"https:\/\/www.w3.org\/2000\/svg\" viewbox=\"0 0 512 512\"><path d=\"M0 256C0 114.6 114.6 0 256 0C397.4 0 512 114.6 512 256C512 397.4 397.4 512 256 512C114.6 512 0 397.4 0 256zM371.8 211.8C382.7 200.9 382.7 183.1 371.8 172.2C360.9 161.3 343.1 161.3 332.2 172.2L224 280.4L179.8 236.2C168.9 225.3 151.1 225.3 140.2 236.2C129.3 247.1 129.3 264.9 140.2 275.8L204.2 339.8C215.1 350.7 232.9 350.7 243.8 339.8L371.8 211.8z\"><\/path><\/svg><\/div><div class=\"uagb-ifb-title-wrap\"><h3 class=\"uagb-ifb-title\">H\u00f8ybrent<\/h3><\/div><p class=\"uagb-ifb-desc\">H\u00f8ybrent keramikk betyr at leiren, glasuren eller underglasuren er laget for \u00e5 brennes p\u00e5 h\u00f8ye temperaturer. Keramikk kan brennes p\u00e5 ulike temperaturer, og n\u00e5r noe er merket som h\u00f8ybrent, betyr det vanligvis at det er beregnet for temperaturer rundt 1200\u20131300 \u00b0C (ofte tilsvarende cone 6\u201310). H\u00f8ybrente glasurer og underglasurer m\u00e5 brukes p\u00e5 keramikk som er ment for h\u00f8y brenning for \u00e5 fungere riktig. Hvis h\u00f8ybrente produkter brennes p\u00e5 for lav temperatur, kan glasuren bli t\u00f8rr, matt, feil farge, uferdig eller ikke smelte som den skal. Brennes de derimot for h\u00f8yt, kan glasuren flyte for mye, renne av godset, feste seg i ovnen eller i verste fall skade b\u00e5de keramikk og ovn. N\u00e5r et produkt er merket som h\u00f8ybrent, er det derfor viktig \u00e5 f\u00f8lge anbefalt temperatur for best resultat.<\/p><\/div><\/div>\n\n\n\n<div style=\"height:50px\" aria-hidden=\"true\" class=\"wp-block-spacer\"><\/div>\n\n\n\n<div class=\"wp-block-uagb-info-box uagb-block-4adea9e7 uagb-infobox__content-wrap  uagb-infobox-icon-above-title uagb-infobox-image-valign-top\"><div class=\"uagb-ifb-content\"><div class=\"uagb-ifb-icon-wrap\"><svg xmlns=\"https:\/\/www.w3.org\/2000\/svg\" viewbox=\"0 0 512 512\"><path d=\"M0 256C0 114.6 114.6 0 256 0C397.4 0 512 114.6 512 256C512 397.4 397.4 512 256 512C114.6 512 0 397.4 0 256zM371.8 211.8C382.7 200.9 382.7 183.1 371.8 172.2C360.9 161.3 343.1 161.3 332.2 172.2L224 280.4L179.8 236.2C168.9 225.3 151.1 225.3 140.2 236.2C129.3 247.1 129.3 264.9 140.2 275.8L204.2 339.8C215.1 350.7 232.9 350.7 243.8 339.8L371.8 211.8z\"><\/path><\/svg><\/div><div class=\"uagb-ifb-title-wrap\"><h3 class=\"uagb-ifb-title\">Lavbrent<\/h3><\/div><p class=\"uagb-ifb-desc\">Lavbrent keramikk betyr at leiren, glasuren eller underglasuren er laget for \u00e5 brennes p\u00e5 lave temperaturer. Keramikk kan brennes p\u00e5 ulike temperaturer, og n\u00e5r noe er merket som lavbrent, betyr det vanligvis at det er beregnet for temperaturer rundt 980\u20131060 \u00b0C (ofte tilsvarende cone 04 &#8211; 06). Lavbrente glasurer og underglasurer passer kun til keramikk som ogs\u00e5 er ment for lav brenning. Hvis de brukes p\u00e5 h\u00f8yere temperaturer enn anbefalt, kan fargene endre seg, flyte ut, bli matte, brenne bort eller i noen tilfeller skade godset eller ovnen. N\u00e5r du ser at et produkt er lavbrent, er det derfor viktig \u00e5 sjekke at det passer til temperaturen du brenner keramikken din p\u00e5.<\/p><\/div><\/div>\n\n\n\n<div style=\"height:50px\" aria-hidden=\"true\" class=\"wp-block-spacer\"><\/div>\n\n\n\n<div class=\"wp-block-uagb-info-box uagb-block-55d3737b uagb-infobox__content-wrap  uagb-infobox-icon-above-title uagb-infobox-image-valign-top\"><div class=\"uagb-ifb-content\"><div class=\"uagb-ifb-icon-wrap\"><svg xmlns=\"https:\/\/www.w3.org\/2000\/svg\" viewbox=\"0 0 512 512\"><path d=\"M0 256C0 114.6 114.6 0 256 0C397.4 0 512 114.6 512 256C512 397.4 397.4 512 256 512C114.6 512 0 397.4 0 256zM371.8 211.8C382.7 200.9 382.7 183.1 371.8 172.2C360.9 161.3 343.1 161.3 332.2 172.2L224 280.4L179.8 236.2C168.9 225.3 151.1 225.3 140.2 236.2C129.3 247.1 129.3 264.9 140.2 275.8L204.2 339.8C215.1 350.7 232.9 350.7 243.8 339.8L371.8 211.8z\"><\/path><\/svg><\/div><div class=\"uagb-ifb-title-wrap\"><h3 class=\"uagb-ifb-title\">Elintarvikkeiden turvallisuus<\/h3><\/div><p class=\"uagb-ifb-desc\">N\u00e5r du ser at en glasur er matsikker kan den brukes p\u00e5<br>keramikk som skal komme i kontakt med mat og drikke, som<br>kopper, tallerkener og boller. Hos Nordglaze er de fleste av v\u00e5re<br>glasurer og underglasurer matsikre og du vil alltid finne tydelig<br>informasjon om dette i produktbeskrivelsen eller via ikon.<\/p><\/div><\/div>\n\n\n\n<div style=\"height:50px\" aria-hidden=\"true\" class=\"wp-block-spacer\"><\/div>\n\n\n\n<div class=\"wp-block-uagb-info-box uagb-block-bcff345a uagb-infobox__content-wrap  uagb-infobox-icon-above-title uagb-infobox-image-valign-top\"><div class=\"uagb-ifb-content\"><div class=\"uagb-ifb-icon-wrap\"><svg xmlns=\"https:\/\/www.w3.org\/2000\/svg\" viewbox=\"0 0 512 512\"><path d=\"M0 256C0 114.6 114.6 0 256 0C397.4 0 512 114.6 512 256C512 397.4 397.4 512 256 512C114.6 512 0 397.4 0 256zM371.8 211.8C382.7 200.9 382.7 183.1 371.8 172.2C360.9 161.3 343.1 161.3 332.2 172.2L224 280.4L179.8 236.2C168.9 225.3 151.1 225.3 140.2 236.2C129.3 247.1 129.3 264.9 140.2 275.8L204.2 339.8C215.1 350.7 232.9 350.7 243.8 339.8L371.8 211.8z\"><\/path><\/svg><\/div><div class=\"uagb-ifb-title-wrap\"><h3 class=\"uagb-ifb-title\">Ei ruokaturvallinen<\/h3><\/div><p class=\"uagb-ifb-desc\">N\u00e5r du ser at en glasur ikke er matsikker skal slike glasurer<br>ikke brukes p\u00e5 flater som kommer i kontakt med mat eller drikke,<br>for eksempel innsiden av kopper og boller. De kan derimot brukes<br>trygt p\u00e5 utsiden av gjenstander eller til dekorative form\u00e5l som<br>lamper, skulpturer og pynt.<\/p><\/div><\/div>\n\n\n\n<div style=\"height:50px\" aria-hidden=\"true\" class=\"wp-block-spacer\"><\/div>\n\n\n\n<p><\/p>\n\n\n\n<p><\/p>\n\n\n\n<div class=\"wp-block-uagb-marketing-button uagb-marketing-btn__align-center uagb-marketing-btn__align-text-center uagb-marketing-btn__icon-after uagb-block-a5c8a1e0 wp-block-button\"><a href=\"#\" class=\"uagb-marketing-btn__link wp-block-button__link\" target=\"\" rel=\"noopener noreferrer\"><span class=\"uagb-marketing-btn__title\">Har du flere sp\u00f8rsm\u00e5l du \u00f8nsker svar p\u00e5?<\/span><svg xmlns=\"https:\/\/www.w3.org\/2000\/svg\" viewbox=\"0 0 512 512\"><path d=\"M384 320c-17.67 0-32 14.33-32 32v96H64V160h96c17.67 0 32-14.32 32-32s-14.33-32-32-32L64 96c-35.35 0-64 28.65-64 64V448c0 35.34 28.65 64 64 64h288c35.35 0 64-28.66 64-64v-96C416 334.3 401.7 320 384 320zM488 0H352c-12.94 0-24.62 7.797-29.56 19.75c-4.969 11.97-2.219 25.72 6.938 34.88L370.8 96L169.4 297.4c-12.5 12.5-12.5 32.75 0 45.25C175.6 348.9 183.8 352 192 352s16.38-3.125 22.62-9.375L416 141.3l41.38 41.38c9.156 9.141 22.88 11.84 34.88 6.938C504.2 184.6 512 172.9 512 160V24C512 10.74 501.3 0 488 0z\"><\/path><\/svg><p class=\"uagb-marketing-btn__prefix\">Send oss en e-post p\u00e5 post@nordglaze.no<\/p><\/a><\/div>\n\n\n\n<div style=\"height:139px\" aria-hidden=\"true\" class=\"wp-block-spacer\"><\/div>\n\n\n\n<p><\/p>","protected":false},"excerpt":{"rendered":"","protected":false},"author":1,"featured_media":0,"parent":0,"menu_order":0,"comment_status":"closed","ping_status":"closed","template":"","meta":{"_uag_custom_page_level_css":"","site-sidebar-layout":"default","site-content-layout":"","ast-site-content-layout":"default","site-content-style":"default","site-sidebar-style":"default","ast-global-header-display":"","ast-banner-title-visibility":"","ast-main-header-display":"","ast-hfb-above-header-display":"","ast-hfb-below-header-display":"","ast-hfb-mobile-header-display":"","site-post-title":"disabled","ast-breadcrumbs-content":"","ast-featured-img":"","footer-sml-layout":"","ast-disable-related-posts":"","theme-transparent-header-meta":"","adv-header-id-meta":"","stick-header-meta":"","header-above-stick-meta":"","header-main-stick-meta":"","header-below-stick-meta":"","astra-migrate-meta-layouts":"default","ast-page-background-enabled":"default","ast-page-background-meta":{"desktop":{"background-color":"var(--ast-global-color-5)","background-image":"","background-repeat":"repeat","background-position":"center center","background-size":"auto","background-attachment":"scroll","background-type":"","background-media":"","overlay-type":"","overlay-color":"","overlay-opacity":"","overlay-gradient":""},"tablet":{"background-color":"","background-image":"","background-repeat":"repeat","background-position":"center center","background-size":"auto","background-attachment":"scroll","background-type":"","background-media":"","overlay-type":"","overlay-color":"","overlay-opacity":"","overlay-gradient":""},"mobile":{"background-color":"","background-image":"","background-repeat":"repeat","background-position":"center center","background-size":"auto","background-attachment":"scroll","background-type":"","background-media":"","overlay-type":"","overlay-color":"","overlay-opacity":"","overlay-gradient":""}},"ast-content-background-meta":{"desktop":{"background-color":"var(--ast-global-color-4)","background-image":"","background-repeat":"repeat","background-position":"center center","background-size":"auto","background-attachment":"scroll","background-type":"","background-media":"","overlay-type":"","overlay-color":"","overlay-opacity":"","overlay-gradient":""},"tablet":{"background-color":"var(--ast-global-color-4)","background-image":"","background-repeat":"repeat","background-position":"center center","background-size":"auto","background-attachment":"scroll","background-type":"","background-media":"","overlay-type":"","overlay-color":"","overlay-opacity":"","overlay-gradient":""},"mobile":{"background-color":"var(--ast-global-color-4)","background-image":"","background-repeat":"repeat","background-position":"center center","background-size":"auto","background-attachment":"scroll","background-type":"","background-media":"","overlay-type":"","overlay-color":"","overlay-opacity":"","overlay-gradient":""}},"footnotes":""},"class_list":["post-1646","page","type-page","status-publish","hentry"],"uagb_featured_image_src":{"full":false,"thumbnail":false,"medium":false,"medium_large":false,"large":false,"1536x1536":false,"2048x2048":false,"trp-custom-language-flag":false,"woocommerce_thumbnail":false,"woocommerce_single":false,"woocommerce_gallery_thumbnail":false,"variation_swatches_image_size":false,"variation_swatches_tooltip_size":false},"uagb_author_info":{"display_name":"jennifer-admin","author_link":"https:\/\/nordglaze.no\/fi\/author\/jennifer-admin\/"},"uagb_comment_info":0,"uagb_excerpt":null,"_links":{"self":[{"href":"https:\/\/nordglaze.no\/fi\/wp-json\/wp\/v2\/pages\/1646","targetHints":{"allow":["GET"]}}],"collection":[{"href":"https:\/\/nordglaze.no\/fi\/wp-json\/wp\/v2\/pages"}],"about":[{"href":"https:\/\/nordglaze.no\/fi\/wp-json\/wp\/v2\/types\/page"}],"author":[{"embeddable":true,"href":"https:\/\/nordglaze.no\/fi\/wp-json\/wp\/v2\/users\/1"}],"replies":[{"embeddable":true,"href":"https:\/\/nordglaze.no\/fi\/wp-json\/wp\/v2\/comments?post=1646"}],"version-history":[{"count":20,"href":"https:\/\/nordglaze.no\/fi\/wp-json\/wp\/v2\/pages\/1646\/revisions"}],"predecessor-version":[{"id":2284,"href":"https:\/\/nordglaze.no\/fi\/wp-json\/wp\/v2\/pages\/1646\/revisions\/2284"}],"wp:attachment":[{"href":"https:\/\/nordglaze.no\/fi\/wp-json\/wp\/v2\/media?parent=1646"}],"curies":[{"name":"wp","href":"https:\/\/api.w.org\/{rel}","templated":true}]}}