{"id":185,"date":"2026-01-19T13:41:20","date_gmt":"2026-01-19T13:41:20","guid":{"rendered":"https:\/\/nordglaze.no\/?page_id=185"},"modified":"2026-03-24T01:40:23","modified_gmt":"2026-03-24T01:40:23","slug":"levering-og-retur","status":"publish","type":"page","link":"https:\/\/nordglaze.no\/fi\/levering-og-retur\/","title":{"rendered":"Toimitus &amp; toimitus"},"content":{"rendered":"<p><\/p>\n\n\n\n<p><\/p>\n\n\n\n<p><\/p>\n\n\n\n<p class=\"has-text-align-center\" style=\"font-size:32px\">     Toimitus &amp; toimitus <\/p>\n\n\n\n<p class=\"has-text-align-center\"><strong>Fast frakt 69 kr (opptil 35 kg)<\/strong>.  <strong>Er du bedrift eller kj\u00f8per du over 35kg? Vil du f\u00e5 en tilpasset pris<\/strong>.<\/p>\n\n\n\n<div class=\"wp-block-uagb-separator uagb-block-326de521\"><div class=\"wp-block-uagb-separator__inner\" style=\"--my-background-image:\"><\/div><\/div>\n\n\n\n<p><\/p>\n\n\n\n<p class=\"has-text-align-center\"><strong>Levering<\/strong><\/p>\n\n\n\n<p class=\"has-text-align-center\">Vi sender bestillinger fortl\u00f8pende fra v\u00e5rt lager i Norge. Vanlig leveringstid er 2\u20135 virkedager. Vi gj\u00f8r v\u00e5rt beste for \u00e5 sende bestillingen din s\u00e5 raskt som mulig, slik at du f\u00e5r den uten un\u00f8dvendig ventetid.<br>N\u00e5r bestillingen er sendt, mottar du en sporingslenke p\u00e5 e-post.<\/p>\n\n\n\n<p><\/p>\n\n\n\n<div class=\"wp-block-uagb-separator uagb-block-458ac1e7\"><div class=\"wp-block-uagb-separator__inner\" style=\"--my-background-image:\"><\/div><\/div>\n\n\n\n<p><\/p>\n\n\n\n<p class=\"has-text-align-center\"><strong>Frakt<\/strong><br> Alle bestillinger sendes med p\u00e5litelige transport\u00f8rer for trygg og forutsigbar levering. Vi anbefaler \u00e5 velge levering til hentested n\u00e5r temperaturen er under +5 \u00b0C. Vi anbefaler ogs\u00e5 \u00e5 v\u00e6re tilgjengelig for \u00e5 ta imot varene ved hjemme levering.  Slik sikrer vi best mulig kvalitet p\u00e5 varene dine\u00a0<\/p>\n\n\n\n<p><\/p>\n\n\n\n<div class=\"wp-block-uagb-separator uagb-block-1262810a\"><div class=\"wp-block-uagb-separator__inner\" style=\"--my-background-image:\"><\/div><\/div>\n\n\n\n<p><\/p>\n\n\n\n<p class=\"has-background\" style=\"background-color:#f0e9dfb0;font-size:19px;font-style:normal;font-weight:200\"><strong>Reklamasjon<\/strong><\/p>\n\n\n\n<p><br>Dersom varen er skadet eller feil ved mottak; kontakt oss s\u00e5 raskt som mulig.<br>Send gjerne ordrenummer og bilder.<\/p>\n\n\n\n<p><strong>Du kan lese mer i v\u00e5re <a href=\"https:\/\/nordglaze.no\/fi\/refund_returns\/\" data-type=\"page\" data-id=\"14\">salgsbetingelser.<\/a><\/strong><\/p>\n\n\n\n\n\n<p class=\"has-background\" style=\"background-color:#f0e9dfb0;font-size:19px\"><strong>Kontakt <\/strong><\/p>\n\n\n\n<p>Sp\u00f8rsm\u00e5l? Kontakt oss p\u00e5 e-post.<\/p>\n\n\n\n<p><strong>nordglaze@gmail.com<\/strong><\/p>\n\n\n\n<p><\/p>\n\n\n\n<p><\/p>\n\n\n\n<p><\/p>\n\n\n\n<div class=\"wp-block-uagb-image aligncenter uagb-block-2319aa73 wp-block-uagb-image--layout-default wp-block-uagb-image--effect-static wp-block-uagb-image--align-center\"><figure class=\"wp-block-uagb-image__figure\"><img decoding=\"async\" srcset=\"https:\/\/nordglaze.no\/wp-content\/uploads\/2026\/01\/NordGlaze-brun-Icon-transparent-.svg ,https:\/\/nordglaze.no\/wp-content\/uploads\/2026\/01\/NordGlaze-brun-Icon-transparent-.svg 780w, https:\/\/nordglaze.no\/wp-content\/uploads\/2026\/01\/NordGlaze-brun-Icon-transparent-.svg 360w\" sizes=\"auto, (max-width: 480px) 150px\" src=\"https:\/\/nordglaze.no\/wp-content\/uploads\/2026\/01\/NordGlaze-brun-Icon-transparent-.svg\" alt=\"\" class=\"uag-image-219\" width=\"212\" height=\"119\" title=\"NordGlaze (ruskea Icon ) l\u00e4pin\u00e4kyv\u00e4\" loading=\"lazy\" role=\"img\"\/><\/figure><\/div>\n\n\n\n<p><\/p>","protected":false},"excerpt":{"rendered":"<p>Frakt &amp; Levering Fast frakt 69 kr (opptil 35 kg). Er du bedrift eller kj\u00f8per du over 35kg? Vil du [&hellip;]<\/p>\n","protected":false},"author":2,"featured_media":0,"parent":0,"menu_order":0,"comment_status":"closed","ping_status":"closed","template":"","meta":{"_uag_custom_page_level_css":"","site-sidebar-layout":"default","site-content-layout":"","ast-site-content-layout":"default","site-content-style":"default","site-sidebar-style":"default","ast-global-header-display":"","ast-banner-title-visibility":"","ast-main-header-display":"","ast-hfb-above-header-display":"","ast-hfb-below-header-display":"","ast-hfb-mobile-header-display":"","site-post-title":"disabled","ast-breadcrumbs-content":"","ast-featured-img":"","footer-sml-layout":"","ast-disable-related-posts":"","theme-transparent-header-meta":"","adv-header-id-meta":"","stick-header-meta":"","header-above-stick-meta":"","header-main-stick-meta":"","header-below-stick-meta":"","astra-migrate-meta-layouts":"default","ast-page-background-enabled":"default","ast-page-background-meta":{"desktop":{"background-color":"var(--ast-global-color-5)","background-image":"","background-repeat":"repeat","background-position":"center center","background-size":"auto","background-attachment":"scroll","background-type":"","background-media":"","overlay-type":"","overlay-color":"","overlay-opacity":"","overlay-gradient":""},"tablet":{"background-color":"","background-image":"","background-repeat":"repeat","background-position":"center center","background-size":"auto","background-attachment":"scroll","background-type":"","background-media":"","overlay-type":"","overlay-color":"","overlay-opacity":"","overlay-gradient":""},"mobile":{"background-color":"","background-image":"","background-repeat":"repeat","background-position":"center center","background-size":"auto","background-attachment":"scroll","background-type":"","background-media":"","overlay-type":"","overlay-color":"","overlay-opacity":"","overlay-gradient":""}},"ast-content-background-meta":{"desktop":{"background-color":"var(--ast-global-color-4)","background-image":"","background-repeat":"repeat","background-position":"center center","background-size":"auto","background-attachment":"scroll","background-type":"","background-media":"","overlay-type":"","overlay-color":"","overlay-opacity":"","overlay-gradient":""},"tablet":{"background-color":"var(--ast-global-color-4)","background-image":"","background-repeat":"repeat","background-position":"center center","background-size":"auto","background-attachment":"scroll","background-type":"","background-media":"","overlay-type":"","overlay-color":"","overlay-opacity":"","overlay-gradient":""},"mobile":{"background-color":"var(--ast-global-color-4)","background-image":"","background-repeat":"repeat","background-position":"center center","background-size":"auto","background-attachment":"scroll","background-type":"","background-media":"","overlay-type":"","overlay-color":"","overlay-opacity":"","overlay-gradient":""}},"footnotes":""},"class_list":["post-185","page","type-page","status-publish","hentry"],"uagb_featured_image_src":{"full":false,"thumbnail":false,"medium":false,"medium_large":false,"large":false,"1536x1536":false,"2048x2048":false,"trp-custom-language-flag":false,"woocommerce_thumbnail":false,"woocommerce_single":false,"woocommerce_gallery_thumbnail":false,"variation_swatches_image_size":false,"variation_swatches_tooltip_size":false},"uagb_author_info":{"display_name":"Johanan Vald\u00e9s","author_link":"https:\/\/nordglaze.no\/fi\/author\/johanan-admin\/"},"uagb_comment_info":0,"uagb_excerpt":"Frakt &amp; Levering Fast frakt 69 kr (opptil 35 kg). Er du bedrift eller kj\u00f8per du over 35kg? Vil du [&hellip;]","_links":{"self":[{"href":"https:\/\/nordglaze.no\/fi\/wp-json\/wp\/v2\/pages\/185","targetHints":{"allow":["GET"]}}],"collection":[{"href":"https:\/\/nordglaze.no\/fi\/wp-json\/wp\/v2\/pages"}],"about":[{"href":"https:\/\/nordglaze.no\/fi\/wp-json\/wp\/v2\/types\/page"}],"author":[{"embeddable":true,"href":"https:\/\/nordglaze.no\/fi\/wp-json\/wp\/v2\/users\/2"}],"replies":[{"embeddable":true,"href":"https:\/\/nordglaze.no\/fi\/wp-json\/wp\/v2\/comments?post=185"}],"version-history":[{"count":20,"href":"https:\/\/nordglaze.no\/fi\/wp-json\/wp\/v2\/pages\/185\/revisions"}],"predecessor-version":[{"id":2438,"href":"https:\/\/nordglaze.no\/fi\/wp-json\/wp\/v2\/pages\/185\/revisions\/2438"}],"wp:attachment":[{"href":"https:\/\/nordglaze.no\/fi\/wp-json\/wp\/v2\/media?parent=185"}],"curies":[{"name":"wp","href":"https:\/\/api.w.org\/{rel}","templated":true}]}}