{"id":2164,"date":"2026-03-22T10:44:02","date_gmt":"2026-03-22T10:44:02","guid":{"rendered":"https:\/\/nordglaze.no\/?page_id=2164"},"modified":"2026-03-23T16:14:32","modified_gmt":"2026-03-23T16:14:32","slug":"kontakt-oss","status":"publish","type":"page","link":"https:\/\/nordglaze.no\/fi\/kontakt-oss\/","title":{"rendered":"Ota yhteytt\u00e4"},"content":{"rendered":"\n<div class=\"wp-block-uagb-container uagb-block-c1fba3b3 alignfull uagb-is-root-container\"><div class=\"uagb-container-inner-blocks-wrap\">\n<div class=\"wp-block-group alignfull is-content-justification-center is-layout-constrained wp-container-core-group-is-layout-df757ecc wp-block-group-is-layout-constrained\" style=\"margin-top:0;margin-bottom:0;padding-top:calc( 0.5 * var(--wp--style--root--padding-right, var(--wp--custom--gap--horizontal)));padding-right:var(--wp--style--root--padding-right, var(--wp--custom--gap--horizontal));padding-bottom:calc( 0.5 * var(--wp--style--root--padding-right, var(--wp--custom--gap--horizontal)));padding-left:var(--wp--style--root--padding-left, var(--wp--custom--gap--horizontal))\">\n<div style=\"height:calc( 0.25 * var(--wp--style--root--padding-right, var(--wp--custom--gap--horizontal)))\" aria-hidden=\"true\" class=\"wp-block-spacer\"><\/div>\n\n\n\n<div class=\"wp-block-group alignwide is-layout-flow wp-block-group-is-layout-flow\">\n<div style=\"height:calc( 0.25 * var(--wp--style--root--padding-right, var(--wp--custom--gap--horizontal)))\" aria-hidden=\"true\" class=\"wp-block-spacer\"><\/div>\n\n\n\n<figure class=\"wp-block-image size-full is-resized\"><img loading=\"lazy\" decoding=\"async\" width=\"1024\" height=\"683\" src=\"https:\/\/nordglaze.no\/wp-content\/uploads\/2026\/03\/DSC00052-3-1.png\" alt=\"\" class=\"wp-image-2250\" style=\"aspect-ratio:1.7777777777777777;object-fit:cover;width:1200px;height:auto\" srcset=\"https:\/\/nordglaze.no\/wp-content\/uploads\/2026\/03\/DSC00052-3-1.png 1024w, https:\/\/nordglaze.no\/wp-content\/uploads\/2026\/03\/DSC00052-3-1-300x200.png 300w, https:\/\/nordglaze.no\/wp-content\/uploads\/2026\/03\/DSC00052-3-1-768x512.png 768w, https:\/\/nordglaze.no\/wp-content\/uploads\/2026\/03\/DSC00052-3-1-18x12.png 18w, https:\/\/nordglaze.no\/wp-content\/uploads\/2026\/03\/DSC00052-3-1-600x400.png 600w\" sizes=\"auto, (max-width: 1024px) 100vw, 1024px\" \/><\/figure>\n\n\n\n<div style=\"height:var(--wp--preset--spacing--20)\" aria-hidden=\"true\" class=\"wp-block-spacer\"><\/div>\n\n\n\n<div class=\"wp-block-columns alignwide are-vertically-aligned-top is-layout-flex wp-container-core-columns-is-layout-28f84493 wp-block-columns-is-layout-flex\">\n<div class=\"wp-block-column is-vertically-aligned-top is-content-justification-left is-layout-constrained wp-container-core-column-is-layout-c5e55d4f wp-block-column-is-layout-constrained\">\n<h3 class=\"wp-block-heading has-text-align-center\">Nordglaze serviceteam<\/h3>\n<\/div>\n\n\n\n<div class=\"wp-block-column is-vertically-aligned-top is-layout-flow wp-block-column-is-layout-flow\" style=\"flex-basis:40%\">\n<p>Trenger du hjelp med \u00e5 finne riktig glasur eller temperatur? Eller lurer du p\u00e5 noe rundt bestillingen din?<br>Ta kontakt med oss. Vi hjelper deg gjerne! Send oss en e-post \u00a0eller bruk kontaktskjemaet nedenfor.<\/p>\n\n\n\n<div class=\"wp-block-buttons is-layout-flex wp-block-buttons-is-layout-flex\">\n<div class=\"wp-block-button\"><a class=\"wp-block-button__link wp-element-button\">post@nordglaze.no<\/a><\/div>\n<\/div>\n<\/div>\n<\/div>\n<\/div>\n\n\n\n<div style=\"height:calc( 0.25 * var(--wp--style--root--padding-right, var(--wp--custom--gap--horizontal)))\" aria-hidden=\"true\" class=\"wp-block-spacer\"><\/div>\n<\/div>\n<\/div><\/div>\n\n\n\n<div style=\"height:81px\" aria-hidden=\"true\" class=\"wp-block-spacer\"><\/div>\n\n\n\n<div class=\"wp-block-uagb-advanced-heading uagb-block-4b6a0e28\"><h2 class=\"uagb-heading-text\">F\u00e5 rask hjelp<\/h2><\/div>\n\n\n\n<div style=\"height:50px\" aria-hidden=\"true\" class=\"wp-block-spacer\"><\/div>\n\n\n\n<div style=\"height:0px\" aria-hidden=\"true\" class=\"wp-block-spacer\"><\/div>\n\n\n\n<div class=\"wp-block-group has-ast-global-color-4-background-color has-background is-layout-constrained wp-block-group-is-layout-constrained\">\n<div class=\"wp-block-uagb-container uagb-block-093dcf75 default uagb-is-root-container\">\n<div class=\"wp-block-uagb-container uagb-layout-grid uagb-block-f1b0c949\">\n<div class=\"wp-block-uagb-advanced-heading uagb-block-ff501909\"><h4 class=\"uagb-heading-text\"><a href=\"https:\/\/nordglaze.no\/slik-velger-du-riktig-glasur\/\">Slik velger du riktig glasur<\/a><\/h4><\/div>\n\n\n\n<p>Trenger du hjelp til \u00e5 finne riktig glasur. Temperatur, merke eller noe annet. Vi hjelper deg.<\/p>\n<\/div>\n\n\n\n<div class=\"wp-block-uagb-container uagb-block-96408e03\">\n<div class=\"wp-block-uagb-advanced-heading uagb-block-c8665753\"><h4 class=\"uagb-heading-text\"><a href=\"https:\/\/nordglaze.no\/levering-og-retur\/\">Frakt og levering<\/a><\/h4><\/div>\n\n\n\n<p>Les mer om frakt og levering. Du f\u00e5r oversikt over hvordan det fungerer og svar p\u00e5 det du lurer p\u00e5.<\/p>\n<\/div>\n\n\n\n<div class=\"wp-block-uagb-container uagb-block-defc4c9c\">\n<div class=\"wp-block-uagb-advanced-heading uagb-block-1e1954e5\"><h4 class=\"uagb-heading-text\"><a href=\"https:\/\/nordglaze.no\/er-du-bedrift-eller-skole\/\">Er du bedrift?<\/a><\/h4><\/div>\n\n\n\n<p>Har du bedrift og behov for st\u00f8rre innkj\u00f8p. \u00d8nsker du bedre priser?  Ta kontakt med oss her.<\/p>\n<\/div>\n<\/div>\n<\/div>\n\n\n\n<div class=\"wp-block-group has-ast-global-color-4-background-color has-background is-layout-constrained wp-block-group-is-layout-constrained\">\n<div class=\"wp-block-uagb-container uagb-block-daf008f4 default uagb-is-root-container\">\n<div class=\"wp-block-uagb-container uagb-layout-grid uagb-block-f0c84ac9\">\n<div class=\"wp-block-uagb-advanced-heading uagb-block-028b3474\"><h4 class=\"uagb-heading-text\"><a href=\"https:\/\/nordglaze.no\/slik-velger-du-riktig-glasur\/\">Savner du flere varer p\u00e5 nettsiden v\u00e5r?<\/a><\/h4><\/div>\n\n\n\n<p>Finner du ikke det du leter etter. Eller \u00f8nsker du et st\u00f8rre utvalg. Tips oss gjerne. Vi setter stor pris p\u00e5 det.<\/p>\n<\/div>\n\n\n\n<div class=\"wp-block-uagb-container uagb-block-215929e4\">\n<div class=\"wp-block-uagb-advanced-heading uagb-block-0d27932a\"><h4 class=\"uagb-heading-text\"><a href=\"https:\/\/nordglaze.no\/refund_returns\/\" data-type=\"page\" data-id=\"14\">Her finner du informasjon om v\u00e5re salgsbetingelser<\/a>.<\/h4><\/div>\n\n\n\n<p>Her finner du informasjon om v\u00e5re salgsbetingelser.<\/p>\n<\/div>\n\n\n\n<div class=\"wp-block-uagb-container uagb-block-dee4a251\">\n<div class=\"wp-block-uagb-advanced-heading uagb-block-9871c4b8\"><h4 class=\"uagb-heading-text\"><a href=\"https:\/\/nordglaze.no\/__trashed\/\" data-type=\"page\" data-id=\"2173\">Tips om HMS<\/a><\/h4><\/div>\n\n\n\n<p>Din helse er viktig for oss. Her finner du gode r\u00e5d for trygg bruk av produktene v\u00e5re.<\/p>\n<\/div>\n<\/div>\n<\/div>\n\n\n\n<div style=\"height:50px\" aria-hidden=\"true\" class=\"wp-block-spacer\"><\/div>\n\n\n\n<div class=\"wp-block-uagb-advanced-heading uagb-block-undefined\"><h3 class=\"uagb-heading-text\">Send oss en melding<\/h3><\/div>\n\n\n<style id=\"wpforms-css-vars-2226-block-62b4940b-0291-4fb7-ae61-85b5ea7e82fe\">\n\t\t\t\t#wpforms-2226.wpforms-block-62b4940b-0291-4fb7-ae61-85b5ea7e82fe {\n\t\t\t\t--wpforms-label-color: #262626;\n--wpforms-label-sublabel-color: #7f7f7f;\n--wpforms-label-error-color: #ff0000;\n--wpforms-page-break-color: #dddddd;\n--wpforms-field-border-radius: 0px;\n--wpforms-field-border-color: #cccccc;\n--wpforms-field-border-color-spare: #cccccc;\n--wpforms-field-text-color: #444444;\n--wpforms-button-border-style: solid;\n--wpforms-button-border-radius: 0px;\n--wpforms-button-background-color: #dddddd;\n--wpforms-button-text-color: #666666;\n--wpforms-button-border-color: #cccccc;\n--wpforms-field-size-input-height: 43px;\n--wpforms-field-size-input-spacing: 15px;\n--wpforms-field-size-font-size: 16px;\n--wpforms-field-size-line-height: 19px;\n--wpforms-field-size-padding-h: 14px;\n--wpforms-field-size-checkbox-size: 16px;\n--wpforms-field-size-sublabel-spacing: 5px;\n--wpforms-field-size-icon-size: 1;\n--wpforms-label-size-font-size: 14px;\n--wpforms-label-size-line-height: 17px;\n--wpforms-label-size-sublabel-font-size: 13px;\n--wpforms-label-size-sublabel-line-height: 16px;\n--wpforms-button-size-font-size: 17px;\n--wpforms-button-size-height: 41px;\n--wpforms-button-size-padding-h: 15px;\n--wpforms-button-size-margin-top: 10px;\n\t\t\t}\n\t\t\t<\/style><div class=\"wpforms-container wpforms-container-full wpforms-block wpforms-block-62b4940b-0291-4fb7-ae61-85b5ea7e82fe wpforms-render-modern\" id=\"wpforms-2226\"><form id=\"wpforms-form-2226\" class=\"wpforms-validate wpforms-form wpforms-ajax-form\" data-formid=\"2226\" method=\"post\" enctype=\"multipart\/form-data\" action=\"\/fi\/wp-json\/wp\/v2\/pages\/2164\" data-token=\"dc81358799da877b5ad91a7193cc0147\" data-token-time=\"1775428728\"><noscript class=\"wpforms-error-noscript\">Please enable JavaScript in your browser to complete this form.<\/noscript><div id=\"wpforms-error-noscript\" style=\"display: none;\">Please enable JavaScript in your browser to complete this form.<\/div><div class=\"wpforms-field-container\"><div id=\"wpforms-2226-field_2-container\" class=\"wpforms-field wpforms-field-name\" data-field-id=\"2\"><fieldset><legend class=\"wpforms-field-label\">Name <span class=\"wpforms-required-label\" aria-hidden=\"true\">*<\/span><\/legend><div class=\"wpforms-field-row wpforms-field-medium\"><div class=\"wpforms-field-row-block wpforms-first wpforms-one-half\"><input type=\"text\" id=\"wpforms-2226-field_2\" class=\"wpforms-field-name-first wpforms-field-required\" name=\"wpforms[fields][2][first]\" aria-errormessage=\"wpforms-2226-field_2-error\" required><label for=\"wpforms-2226-field_2\" class=\"wpforms-field-sublabel after\">First<\/label><\/div><div class=\"wpforms-field-row-block wpforms-one-half\"><input type=\"text\" id=\"wpforms-2226-field_2-last\" class=\"wpforms-field-name-last wpforms-field-required\" name=\"wpforms[fields][2][last]\" aria-errormessage=\"wpforms-2226-field_2-last-error\" required><label for=\"wpforms-2226-field_2-last\" class=\"wpforms-field-sublabel after\">Last<\/label><\/div><\/div><\/fieldset><\/div><div id=\"wpforms-2226-field_3-container\" class=\"wpforms-field wpforms-field-email\" data-field-id=\"3\"><label class=\"wpforms-field-label\" for=\"wpforms-2226-field_3\">Email <span class=\"wpforms-required-label\" aria-hidden=\"true\">*<\/span><\/label><input type=\"email\" id=\"wpforms-2226-field_3\" class=\"wpforms-field-medium wpforms-field-required\" name=\"wpforms[fields][3]\" spellcheck=\"false\" aria-errormessage=\"wpforms-2226-field_3-error\" required><\/div><div id=\"wpforms-2226-field_1-container\" class=\"wpforms-field wpforms-field-select wpforms-field-select-style-classic\" data-field-id=\"1\"><label class=\"wpforms-field-label\" for=\"wpforms-2226-field_1\">Hva kan vi hjelpe deg med? <\/label><select id=\"wpforms-2226-field_1\" class=\"wpforms-field-medium\" name=\"wpforms[fields][1]\"><option value=\"Jeg har sp\u00f8rsm\u00e5l om glasur\"  class=\"choice-1 depth-1\"  >Jeg har sp\u00f8rsm\u00e5l om glasur<\/option><option value=\"Jeg trenger hjelp til \u00e5 velge riktig glasur\"  class=\"choice-2 depth-1\"  >Jeg trenger hjelp til \u00e5 velge riktig glasur<\/option><option value=\"Jeg har sp\u00f8rsm\u00e5l om en bestilling\"  class=\"choice-3 depth-1\"  >Jeg har sp\u00f8rsm\u00e5l om en bestilling<\/option><option value=\"Jeg har sp\u00f8rsm\u00e5l om frakt eller levering\"  class=\"choice-5 depth-1\"  >Jeg har sp\u00f8rsm\u00e5l om frakt eller levering<\/option><option value=\"Jeg er bedrift og \u00f8nsker \u00e5 komme i kontakt med dere\"  class=\"choice-6 depth-1\"  >Jeg er bedrift og \u00f8nsker \u00e5 komme i kontakt med dere<\/option><option value=\"Annet\"  class=\"choice-4 depth-1\"  >Annet<\/option><\/select><\/div>\t\t<div id=\"wpforms-2226-field_4-container\"\n\t\t\tclass=\"wpforms-field wpforms-field-text\"\n\t\t\tdata-field-type=\"text\"\n\t\t\tdata-field-id=\"4\"\n\t\t\t>\n\t\t\t<label class=\"wpforms-field-label\" for=\"wpforms-2226-field_4\" >deg Hva kan<\/label>\n\t\t\t<input type=\"text\" id=\"wpforms-2226-field_4\" class=\"wpforms-field-medium\" name=\"wpforms[fields][4]\" >\n\t\t<\/div>\n\t\t<div id=\"wpforms-2226-field_5-container\" class=\"wpforms-field wpforms-field-textarea\" data-field-id=\"5\"><label class=\"wpforms-field-label\" for=\"wpforms-2226-field_5\">Melding<\/label><textarea id=\"wpforms-2226-field_5\" class=\"wpforms-field-medium\" name=\"wpforms[fields][5]\" aria-errormessage=\"wpforms-2226-field_5-error\" aria-describedby=\"wpforms-2226-field_5-description\" ><\/textarea><div id=\"wpforms-2226-field_5-description\" class=\"wpforms-field-description\">Fortell oss kort hva du trenger hjelp med, s\u00e5 svarer vi deg s\u00e5 raskt vi kan.<\/div><\/div><script>\n\t\t\t\t( function() {\n\t\t\t\t\tconst style = document.createElement( 'style' );\n\t\t\t\t\tstyle.appendChild( document.createTextNode( '#wpforms-2226-field_4-container { position: absolute !important; overflow: hidden !important; display: inline !important; height: 1px !important; width: 1px !important; z-index: -1000 !important; padding: 0 !important; } #wpforms-2226-field_4-container input { visibility: hidden; } #wpforms-conversational-form-page #wpforms-2226-field_4-container label { counter-increment: none; }' ) );\n\t\t\t\t\tdocument.head.appendChild( style );\n\t\t\t\t\tdocument.currentScript?.remove();\n\t\t\t\t} )();\n\t\t\t<\/script><\/div><!-- .wpforms-field-container --><div class=\"wpforms-submit-container\" ><input type=\"hidden\" name=\"wpforms[id]\" value=\"2226\"><input type=\"hidden\" name=\"page_title\" value=\"\"><input type=\"hidden\" name=\"page_url\" value=\"https:\/\/nordglaze.no\/fi\/wp-json\/wp\/v2\/pages\/2164\"><input type=\"hidden\" name=\"url_referer\" value=\"\"><button type=\"submit\" name=\"wpforms[submit]\" id=\"wpforms-submit-2226\" class=\"wpforms-submit\" data-alt-text=\"Sender\u2026\" data-submit-text=\"Send melding\" aria-live=\"assertive\" value=\"wpforms-submit\">Send melding<\/button><img loading=\"lazy\" decoding=\"async\" src=\"https:\/\/nordglaze.no\/wp-content\/plugins\/wpforms-lite\/assets\/images\/submit-spin.svg\" class=\"wpforms-submit-spinner\" style=\"display: none;\" width=\"26\" height=\"26\" alt=\"Loading\"><\/div><\/form><\/div>  <!-- .wpforms-container -->\n\n\n<p><\/p>\n\n\n\n<p><\/p>\n","protected":false},"excerpt":{"rendered":"<p>Nordglaze serviceteam Trenger du hjelp med \u00e5 finne riktig glasur eller temperatur? Eller lurer du p\u00e5 noe rundt bestillingen din?Ta [&hellip;]<\/p>\n","protected":false},"author":1,"featured_media":0,"parent":0,"menu_order":0,"comment_status":"closed","ping_status":"closed","template":"","meta":{"_uag_custom_page_level_css":"","site-sidebar-layout":"default","site-content-layout":"","ast-site-content-layout":"default","site-content-style":"default","site-sidebar-style":"default","ast-global-header-display":"","ast-banner-title-visibility":"","ast-main-header-display":"","ast-hfb-above-header-display":"","ast-hfb-below-header-display":"","ast-hfb-mobile-header-display":"","site-post-title":"disabled","ast-breadcrumbs-content":"","ast-featured-img":"","footer-sml-layout":"","ast-disable-related-posts":"","theme-transparent-header-meta":"","adv-header-id-meta":"","stick-header-meta":"","header-above-stick-meta":"","header-main-stick-meta":"","header-below-stick-meta":"","astra-migrate-meta-layouts":"default","ast-page-background-enabled":"default","ast-page-background-meta":{"desktop":{"background-color":"var(--ast-global-color-5)","background-image":"","background-repeat":"repeat","background-position":"center center","background-size":"auto","background-attachment":"scroll","background-type":"","background-media":"","overlay-type":"","overlay-color":"","overlay-opacity":"","overlay-gradient":""},"tablet":{"background-color":"","background-image":"","background-repeat":"repeat","background-position":"center center","background-size":"auto","background-attachment":"scroll","background-type":"","background-media":"","overlay-type":"","overlay-color":"","overlay-opacity":"","overlay-gradient":""},"mobile":{"background-color":"","background-image":"","background-repeat":"repeat","background-position":"center center","background-size":"auto","background-attachment":"scroll","background-type":"","background-media":"","overlay-type":"","overlay-color":"","overlay-opacity":"","overlay-gradient":""}},"ast-content-background-meta":{"desktop":{"background-color":"var(--ast-global-color-4)","background-image":"","background-repeat":"repeat","background-position":"center center","background-size":"auto","background-attachment":"scroll","background-type":"","background-media":"","overlay-type":"","overlay-color":"","overlay-opacity":"","overlay-gradient":""},"tablet":{"background-color":"var(--ast-global-color-4)","background-image":"","background-repeat":"repeat","background-position":"center center","background-size":"auto","background-attachment":"scroll","background-type":"","background-media":"","overlay-type":"","overlay-color":"","overlay-opacity":"","overlay-gradient":""},"mobile":{"background-color":"var(--ast-global-color-4)","background-image":"","background-repeat":"repeat","background-position":"center center","background-size":"auto","background-attachment":"scroll","background-type":"","background-media":"","overlay-type":"","overlay-color":"","overlay-opacity":"","overlay-gradient":""}},"footnotes":""},"class_list":["post-2164","page","type-page","status-publish","hentry"],"uagb_featured_image_src":{"full":false,"thumbnail":false,"medium":false,"medium_large":false,"large":false,"1536x1536":false,"2048x2048":false,"trp-custom-language-flag":false,"woocommerce_thumbnail":false,"woocommerce_single":false,"woocommerce_gallery_thumbnail":false,"variation_swatches_image_size":false,"variation_swatches_tooltip_size":false},"uagb_author_info":{"display_name":"jennifer-admin","author_link":"https:\/\/nordglaze.no\/fi\/author\/jennifer-admin\/"},"uagb_comment_info":0,"uagb_excerpt":"Nordglaze serviceteam Trenger du hjelp med \u00e5 finne riktig glasur eller temperatur? Eller lurer du p\u00e5 noe rundt bestillingen din?Ta [&hellip;]","_links":{"self":[{"href":"https:\/\/nordglaze.no\/fi\/wp-json\/wp\/v2\/pages\/2164","targetHints":{"allow":["GET"]}}],"collection":[{"href":"https:\/\/nordglaze.no\/fi\/wp-json\/wp\/v2\/pages"}],"about":[{"href":"https:\/\/nordglaze.no\/fi\/wp-json\/wp\/v2\/types\/page"}],"author":[{"embeddable":true,"href":"https:\/\/nordglaze.no\/fi\/wp-json\/wp\/v2\/users\/1"}],"replies":[{"embeddable":true,"href":"https:\/\/nordglaze.no\/fi\/wp-json\/wp\/v2\/comments?post=2164"}],"version-history":[{"count":20,"href":"https:\/\/nordglaze.no\/fi\/wp-json\/wp\/v2\/pages\/2164\/revisions"}],"predecessor-version":[{"id":2252,"href":"https:\/\/nordglaze.no\/fi\/wp-json\/wp\/v2\/pages\/2164\/revisions\/2252"}],"wp:attachment":[{"href":"https:\/\/nordglaze.no\/fi\/wp-json\/wp\/v2\/media?parent=2164"}],"curies":[{"name":"wp","href":"https:\/\/api.w.org\/{rel}","templated":true}]}}