{"id":553,"date":"2026-02-04T18:15:22","date_gmt":"2026-02-04T18:15:22","guid":{"rendered":"https:\/\/nordglaze.no\/produkt\/blue-midnight\/"},"modified":"2026-04-04T20:36:18","modified_gmt":"2026-04-04T18:36:18","slug":"blue-midnight","status":"publish","type":"product","link":"https:\/\/nordglaze.no\/fi\/tuote\/blue-midnight\/","title":{"rendered":"Blue Midnight"},"content":{"rendered":"<p>Amaco PC- Blue Midnight er en blank, nesten svart glasur som bryter i bl\u00e5 toner der den p\u00e5f\u00f8res tykt. De bl\u00e5 h\u00f8ylysene fremheves s\u00e6rlig i struktur og gir et levende og dypt uttrykk. Glasuren egner seg godt til teksturerte arbeider og kan ogs\u00e5 brukes i kombinasjon med andre glasurer for varierte overflateeffekter. Best resultat oppn\u00e5s ved rikelig p\u00e5f\u00f8ring.<br \/>\nSluttresultatet vil kunne variere avhengig av blant annet leiretype, p\u00e5f\u00f8ring, lagtykkelse og brenning. Det anbefales \u00e5 teste glasuren p\u00e5 pr\u00f8veemner f\u00f8r bruk p\u00e5 ferdige arbeider, spesielt ved lagdeling. F\u00f8lg produsentens anvisninger for brenning og temperatur for best mulig resultat.<br \/>\nNoudata valmistajan ohjeita ja noudata tavanomaisia varotoimenpiteit\u00e4 lasitteita k\u00e4sitelless\u00e4si.<\/p>","protected":false},"excerpt":{"rendered":"<p>Blank glasur som fremst\u00e5r nesten svart, men f\u00e5r bl\u00e5 toner der den ligger tykt. Egner seg godt p\u00e5 flater med tydelig tekstur. Sendes innen 2\u20134 arbeidsdager.<\/p>","protected":false},"featured_media":552,"template":"","meta":{"_uag_custom_page_level_css":"","site-sidebar-layout":"default","site-content-layout":"","ast-site-content-layout":"default","site-content-style":"default","site-sidebar-style":"default","ast-global-header-display":"","ast-banner-title-visibility":"","ast-main-header-display":"","ast-hfb-above-header-display":"","ast-hfb-below-header-display":"","ast-hfb-mobile-header-display":"","site-post-title":"","ast-breadcrumbs-content":"","ast-featured-img":"","footer-sml-layout":"","ast-disable-related-posts":"","theme-transparent-header-meta":"default","adv-header-id-meta":"","stick-header-meta":"","header-above-stick-meta":"","header-main-stick-meta":"","header-below-stick-meta":"","astra-migrate-meta-layouts":"set","ast-page-background-enabled":"default","ast-page-background-meta":{"desktop":{"background-color":"var(--ast-global-color-5)","background-image":"","background-repeat":"repeat","background-position":"center center","background-size":"auto","background-attachment":"scroll","background-type":"","background-media":"","overlay-type":"","overlay-color":"","overlay-opacity":"","overlay-gradient":""},"tablet":{"background-color":"","background-image":"","background-repeat":"repeat","background-position":"center center","background-size":"auto","background-attachment":"scroll","background-type":"","background-media":"","overlay-type":"","overlay-color":"","overlay-opacity":"","overlay-gradient":""},"mobile":{"background-color":"","background-image":"","background-repeat":"repeat","background-position":"center center","background-size":"auto","background-attachment":"scroll","background-type":"","background-media":"","overlay-type":"","overlay-color":"","overlay-opacity":"","overlay-gradient":""}},"ast-content-background-meta":{"desktop":{"background-color":"var(--ast-global-color-4)","background-image":"","background-repeat":"repeat","background-position":"center center","background-size":"auto","background-attachment":"scroll","background-type":"","background-media":"","overlay-type":"","overlay-color":"","overlay-opacity":"","overlay-gradient":""},"tablet":{"background-color":"var(--ast-global-color-4)","background-image":"","background-repeat":"repeat","background-position":"center center","background-size":"auto","background-attachment":"scroll","background-type":"","background-media":"","overlay-type":"","overlay-color":"","overlay-opacity":"","overlay-gradient":""},"mobile":{"background-color":"var(--ast-global-color-4)","background-image":"","background-repeat":"repeat","background-position":"center center","background-size":"auto","background-attachment":"scroll","background-type":"","background-media":"","overlay-type":"","overlay-color":"","overlay-opacity":"","overlay-gradient":""}}},"product_brand":[],"product_cat":[76,80],"product_tag":[],"giftcard-category":[],"class_list":{"0":"post-553","1":"product","2":"type-product","3":"status-publish","4":"has-post-thumbnail","6":"product_cat-amaco-glasurer","7":"product_cat-amaco-potters-choice-amaco-glasurer","8":"pa_matsikker-matsikker","9":"pa_temperatur-hoybrent-steingods","10":"desktop-align-center","11":"tablet-align-left","12":"mobile-align-left","14":"first","15":"instock","16":"taxable","17":"shipping-taxable","18":"purchasable","19":"product-type-simple"},"uagb_featured_image_src":{"full":["https:\/\/nordglaze.no\/wp-content\/uploads\/2026\/02\/pc-12-blue-midnight-stoneware-glaze.jpg",800,745,false],"thumbnail":["https:\/\/nordglaze.no\/wp-content\/uploads\/2026\/02\/pc-12-blue-midnight-stoneware-glaze-150x150.jpg",150,150,true],"medium":["https:\/\/nordglaze.no\/wp-content\/uploads\/2026\/02\/pc-12-blue-midnight-stoneware-glaze-300x279.jpg",300,279,true],"medium_large":["https:\/\/nordglaze.no\/wp-content\/uploads\/2026\/02\/pc-12-blue-midnight-stoneware-glaze-768x715.jpg",768,715,true],"large":["https:\/\/nordglaze.no\/wp-content\/uploads\/2026\/02\/pc-12-blue-midnight-stoneware-glaze.jpg",800,745,false],"1536x1536":["https:\/\/nordglaze.no\/wp-content\/uploads\/2026\/02\/pc-12-blue-midnight-stoneware-glaze.jpg",800,745,false],"2048x2048":["https:\/\/nordglaze.no\/wp-content\/uploads\/2026\/02\/pc-12-blue-midnight-stoneware-glaze.jpg",800,745,false],"trp-custom-language-flag":["https:\/\/nordglaze.no\/wp-content\/uploads\/2026\/02\/pc-12-blue-midnight-stoneware-glaze.jpg",13,12,false],"woocommerce_thumbnail":["https:\/\/nordglaze.no\/wp-content\/uploads\/2026\/02\/pc-12-blue-midnight-stoneware-glaze-300x279.jpg",300,279,true],"woocommerce_single":["https:\/\/nordglaze.no\/wp-content\/uploads\/2026\/02\/pc-12-blue-midnight-stoneware-glaze-600x559.jpg",600,559,true],"woocommerce_gallery_thumbnail":["https:\/\/nordglaze.no\/wp-content\/uploads\/2026\/02\/pc-12-blue-midnight-stoneware-glaze-100x100.jpg",100,100,true],"variation_swatches_image_size":["https:\/\/nordglaze.no\/wp-content\/uploads\/2026\/02\/pc-12-blue-midnight-stoneware-glaze.jpg",50,47,false],"variation_swatches_tooltip_size":["https:\/\/nordglaze.no\/wp-content\/uploads\/2026\/02\/pc-12-blue-midnight-stoneware-glaze.jpg",100,93,false]},"uagb_author_info":{"display_name":"jennifer-admin","author_link":"https:\/\/nordglaze.no\/fi\/author\/"},"uagb_comment_info":0,"uagb_excerpt":"Blank glasur som fremst\u00e5r nesten svart, men f\u00e5r bl\u00e5 toner der den ligger tykt. Egner seg godt p\u00e5 flater med tydelig tekstur. Sendes innen 2\u20134 arbeidsdager.","_links":{"self":[{"href":"https:\/\/nordglaze.no\/fi\/wp-json\/wp\/v2\/product\/553","targetHints":{"allow":["GET"]}}],"collection":[{"href":"https:\/\/nordglaze.no\/fi\/wp-json\/wp\/v2\/product"}],"about":[{"href":"https:\/\/nordglaze.no\/fi\/wp-json\/wp\/v2\/types\/product"}],"wp:featuredmedia":[{"embeddable":true,"href":"https:\/\/nordglaze.no\/fi\/wp-json\/wp\/v2\/media\/552"}],"wp:attachment":[{"href":"https:\/\/nordglaze.no\/fi\/wp-json\/wp\/v2\/media?parent=553"}],"wp:term":[{"taxonomy":"product_brand","embeddable":true,"href":"https:\/\/nordglaze.no\/fi\/wp-json\/wp\/v2\/product_brand?post=553"},{"taxonomy":"product_cat","embeddable":true,"href":"https:\/\/nordglaze.no\/fi\/wp-json\/wp\/v2\/product_cat?post=553"},{"taxonomy":"product_tag","embeddable":true,"href":"https:\/\/nordglaze.no\/fi\/wp-json\/wp\/v2\/product_tag?post=553"},{"taxonomy":"giftcard-category","embeddable":true,"href":"https:\/\/nordglaze.no\/fi\/wp-json\/wp\/v2\/giftcard-category?post=553"}],"curies":[{"name":"wp","href":"https:\/\/api.w.org\/{rel}","templated":true}]}}