{"id":567,"date":"2026-02-04T18:15:31","date_gmt":"2026-02-04T18:15:31","guid":{"rendered":"https:\/\/nordglaze.no\/produkt\/iron-yellow\/"},"modified":"2026-03-23T23:41:44","modified_gmt":"2026-03-23T23:41:44","slug":"iron-yellow","status":"publish","type":"product","link":"https:\/\/nordglaze.no\/fi\/tuote\/iron-yellow\/","title":{"rendered":"Rautakeltainen"},"content":{"rendered":"<p>Amaco PC- Iron Yellow on kiilt\u00e4v\u00e4 ja pehme\u00e4n keltainen lasite, jossa on n\u00e4kyvi\u00e4 rautapilkkuja pinnassa. Lasite on melko peitt\u00e4v\u00e4 ja erottuu selv\u00e4sti tekstuurissa, mik\u00e4 antaa el\u00e4v\u00e4n ja l\u00e4mpim\u00e4n ilmeen. Se sopii erityisen hyvin sis\u00e4lasitteeksi astioihin, joissa halutaan antaa ulkopinnan olla enemm\u00e4n huomion keskipisteen\u00e4.<br \/>\nTulos voi vaihdella muun muassa savityypin, levityksen, kerrospaksuuden ja polton mukaan. On suositeltavaa testata lasitetta koekappaleilla ennen valmiiden t\u00f6iden k\u00e4ytt\u00f6\u00e4, erityisesti kerrostettaessa tai yhdistett\u00e4ess\u00e4 muihin lasitteisiin. Noudata valmistajan ohjeita poltosta ja l\u00e4mp\u00f6tilasta parhaan mahdollisen tuloksen saavuttamiseksi.<br \/>\nNoudata valmistajan ohjeita ja noudata tavanomaisia varotoimenpiteit\u00e4 lasitteita k\u00e4sitelless\u00e4si.<\/p>","protected":false},"excerpt":{"rendered":"<p>Pehme\u00e4 ja kiilt\u00e4v\u00e4 keltainen lasite pienill\u00e4 rautapisteill\u00e4, sopii hyvin sek\u00e4 muottien sis\u00e4puolelle ett\u00e4 kontrastilasitteeksi. Toimitus 2\u20134 arkip\u00e4iv\u00e4ss\u00e4.<\/p>","protected":false},"featured_media":566,"template":"","meta":{"_uag_custom_page_level_css":"","site-sidebar-layout":"default","site-content-layout":"","ast-site-content-layout":"default","site-content-style":"default","site-sidebar-style":"default","ast-global-header-display":"","ast-banner-title-visibility":"","ast-main-header-display":"","ast-hfb-above-header-display":"","ast-hfb-below-header-display":"","ast-hfb-mobile-header-display":"","site-post-title":"","ast-breadcrumbs-content":"","ast-featured-img":"","footer-sml-layout":"","ast-disable-related-posts":"","theme-transparent-header-meta":"default","adv-header-id-meta":"","stick-header-meta":"","header-above-stick-meta":"","header-main-stick-meta":"","header-below-stick-meta":"","astra-migrate-meta-layouts":"set","ast-page-background-enabled":"default","ast-page-background-meta":{"desktop":{"background-color":"var(--ast-global-color-5)","background-image":"","background-repeat":"repeat","background-position":"center center","background-size":"auto","background-attachment":"scroll","background-type":"","background-media":"","overlay-type":"","overlay-color":"","overlay-opacity":"","overlay-gradient":""},"tablet":{"background-color":"","background-image":"","background-repeat":"repeat","background-position":"center center","background-size":"auto","background-attachment":"scroll","background-type":"","background-media":"","overlay-type":"","overlay-color":"","overlay-opacity":"","overlay-gradient":""},"mobile":{"background-color":"","background-image":"","background-repeat":"repeat","background-position":"center center","background-size":"auto","background-attachment":"scroll","background-type":"","background-media":"","overlay-type":"","overlay-color":"","overlay-opacity":"","overlay-gradient":""}},"ast-content-background-meta":{"desktop":{"background-color":"var(--ast-global-color-4)","background-image":"","background-repeat":"repeat","background-position":"center center","background-size":"auto","background-attachment":"scroll","background-type":"","background-media":"","overlay-type":"","overlay-color":"","overlay-opacity":"","overlay-gradient":""},"tablet":{"background-color":"var(--ast-global-color-4)","background-image":"","background-repeat":"repeat","background-position":"center center","background-size":"auto","background-attachment":"scroll","background-type":"","background-media":"","overlay-type":"","overlay-color":"","overlay-opacity":"","overlay-gradient":""},"mobile":{"background-color":"var(--ast-global-color-4)","background-image":"","background-repeat":"repeat","background-position":"center center","background-size":"auto","background-attachment":"scroll","background-type":"","background-media":"","overlay-type":"","overlay-color":"","overlay-opacity":"","overlay-gradient":""}}},"product_brand":[],"product_cat":[76,80,78],"product_tag":[],"giftcard-category":[],"class_list":{"0":"post-567","1":"product","2":"type-product","3":"status-publish","4":"has-post-thumbnail","6":"product_cat-amaco-glasurer","7":"product_cat-amaco-potters-choice-amaco-glasurer","8":"product_cat-amaco-potters-choice","9":"pa_matsikker-matsikker","10":"pa_temperatur-hoybrent-steingods","11":"desktop-align-center","12":"tablet-align-left","13":"mobile-align-left","15":"first","16":"instock","17":"featured","18":"taxable","19":"shipping-taxable","20":"purchasable","21":"product-type-simple"},"uagb_featured_image_src":{"full":["https:\/\/nordglaze.no\/wp-content\/uploads\/2026\/02\/pc-38-iron-yellow-stoneware-glaze.jpg",800,745,false],"thumbnail":["https:\/\/nordglaze.no\/wp-content\/uploads\/2026\/02\/pc-38-iron-yellow-stoneware-glaze-150x150.jpg",150,150,true],"medium":["https:\/\/nordglaze.no\/wp-content\/uploads\/2026\/02\/pc-38-iron-yellow-stoneware-glaze-300x279.jpg",300,279,true],"medium_large":["https:\/\/nordglaze.no\/wp-content\/uploads\/2026\/02\/pc-38-iron-yellow-stoneware-glaze-768x715.jpg",768,715,true],"large":["https:\/\/nordglaze.no\/wp-content\/uploads\/2026\/02\/pc-38-iron-yellow-stoneware-glaze.jpg",800,745,false],"1536x1536":["https:\/\/nordglaze.no\/wp-content\/uploads\/2026\/02\/pc-38-iron-yellow-stoneware-glaze.jpg",800,745,false],"2048x2048":["https:\/\/nordglaze.no\/wp-content\/uploads\/2026\/02\/pc-38-iron-yellow-stoneware-glaze.jpg",800,745,false],"trp-custom-language-flag":["https:\/\/nordglaze.no\/wp-content\/uploads\/2026\/02\/pc-38-iron-yellow-stoneware-glaze.jpg",13,12,false],"woocommerce_thumbnail":["https:\/\/nordglaze.no\/wp-content\/uploads\/2026\/02\/pc-38-iron-yellow-stoneware-glaze-300x279.jpg",300,279,true],"woocommerce_single":["https:\/\/nordglaze.no\/wp-content\/uploads\/2026\/02\/pc-38-iron-yellow-stoneware-glaze-600x559.jpg",600,559,true],"woocommerce_gallery_thumbnail":["https:\/\/nordglaze.no\/wp-content\/uploads\/2026\/02\/pc-38-iron-yellow-stoneware-glaze-100x100.jpg",100,100,true],"variation_swatches_image_size":["https:\/\/nordglaze.no\/wp-content\/uploads\/2026\/02\/pc-38-iron-yellow-stoneware-glaze.jpg",50,47,false],"variation_swatches_tooltip_size":["https:\/\/nordglaze.no\/wp-content\/uploads\/2026\/02\/pc-38-iron-yellow-stoneware-glaze.jpg",100,93,false]},"uagb_author_info":{"display_name":"jennifer-admin","author_link":"https:\/\/nordglaze.no\/fi\/author\/"},"uagb_comment_info":0,"uagb_excerpt":"Myk og blank gul glasur med sm\u00e5 jernflekker, som fungerer fint b\u00e5de p\u00e5 innsiden av former og som kontrastglasur. Sendes innen 2\u20134 arbeidsdager.","_links":{"self":[{"href":"https:\/\/nordglaze.no\/fi\/wp-json\/wp\/v2\/product\/567","targetHints":{"allow":["GET"]}}],"collection":[{"href":"https:\/\/nordglaze.no\/fi\/wp-json\/wp\/v2\/product"}],"about":[{"href":"https:\/\/nordglaze.no\/fi\/wp-json\/wp\/v2\/types\/product"}],"wp:featuredmedia":[{"embeddable":true,"href":"https:\/\/nordglaze.no\/fi\/wp-json\/wp\/v2\/media\/566"}],"wp:attachment":[{"href":"https:\/\/nordglaze.no\/fi\/wp-json\/wp\/v2\/media?parent=567"}],"wp:term":[{"taxonomy":"product_brand","embeddable":true,"href":"https:\/\/nordglaze.no\/fi\/wp-json\/wp\/v2\/product_brand?post=567"},{"taxonomy":"product_cat","embeddable":true,"href":"https:\/\/nordglaze.no\/fi\/wp-json\/wp\/v2\/product_cat?post=567"},{"taxonomy":"product_tag","embeddable":true,"href":"https:\/\/nordglaze.no\/fi\/wp-json\/wp\/v2\/product_tag?post=567"},{"taxonomy":"giftcard-category","embeddable":true,"href":"https:\/\/nordglaze.no\/fi\/wp-json\/wp\/v2\/giftcard-category?post=567"}],"curies":[{"name":"wp","href":"https:\/\/api.w.org\/{rel}","templated":true}]}}