{"id":583,"date":"2026-02-04T18:15:44","date_gmt":"2026-02-04T18:15:44","guid":{"rendered":"https:\/\/nordglaze.no\/produkt\/seaweed\/"},"modified":"2026-03-30T09:33:01","modified_gmt":"2026-03-30T07:33:01","slug":"seaweed","status":"publish","type":"product","link":"https:\/\/nordglaze.no\/fi\/tuote\/seaweed\/","title":{"rendered":"Merilev\u00e4"},"content":{"rendered":"<p>Amaco PC Seaweed er en dyp gr\u00f8nn glasur med god flyt, som egner seg godt til lagdeling. I teksturer bryter fargen over i brunlige toner, og ved tykkere p\u00e5f\u00f8ring blir glasuren mer bevegelig i overflaten. Dette gir levende uttrykk, men gj\u00f8r ogs\u00e5 at p\u00e5f\u00f8ringen b\u00f8r gj\u00f8res med litt omtanke for \u00e5 unng\u00e5 at glasuren renner.<br \/>\nResultatet kan variere avhengig av blant annet leiretype, p\u00e5f\u00f8ring, lagtykkelse og brenning. For best mulig resultat anbefales det \u00e5 teste glasuren p\u00e5 pr\u00f8veemner f\u00f8r bruk p\u00e5 ferdige arbeider, s\u00e6rlig ved lagdeling. F\u00f8lg produsentens anvisninger for brenning og temperatur.<br \/>\nNoudata valmistajan ohjeita ja noudata tavanomaisia varotoimenpiteit\u00e4 lasitteita k\u00e4sitelless\u00e4si.<\/p>","protected":false},"excerpt":{"rendered":"<p>Dyp gr\u00f8nn glasur med god flyt, som f\u00e5r brunlige toner i teksturen og b\u00f8r p\u00e5f\u00f8res med litt kontroll. Sendes innen 2\u20134 arbeidsdager.<\/p>","protected":false},"featured_media":582,"template":"","meta":{"_uag_custom_page_level_css":"","site-sidebar-layout":"default","site-content-layout":"","ast-site-content-layout":"default","site-content-style":"default","site-sidebar-style":"default","ast-global-header-display":"","ast-banner-title-visibility":"","ast-main-header-display":"","ast-hfb-above-header-display":"","ast-hfb-below-header-display":"","ast-hfb-mobile-header-display":"","site-post-title":"","ast-breadcrumbs-content":"","ast-featured-img":"","footer-sml-layout":"","ast-disable-related-posts":"","theme-transparent-header-meta":"default","adv-header-id-meta":"","stick-header-meta":"","header-above-stick-meta":"","header-main-stick-meta":"","header-below-stick-meta":"","astra-migrate-meta-layouts":"set","ast-page-background-enabled":"default","ast-page-background-meta":{"desktop":{"background-color":"var(--ast-global-color-5)","background-image":"","background-repeat":"repeat","background-position":"center center","background-size":"auto","background-attachment":"scroll","background-type":"","background-media":"","overlay-type":"","overlay-color":"","overlay-opacity":"","overlay-gradient":""},"tablet":{"background-color":"","background-image":"","background-repeat":"repeat","background-position":"center center","background-size":"auto","background-attachment":"scroll","background-type":"","background-media":"","overlay-type":"","overlay-color":"","overlay-opacity":"","overlay-gradient":""},"mobile":{"background-color":"","background-image":"","background-repeat":"repeat","background-position":"center center","background-size":"auto","background-attachment":"scroll","background-type":"","background-media":"","overlay-type":"","overlay-color":"","overlay-opacity":"","overlay-gradient":""}},"ast-content-background-meta":{"desktop":{"background-color":"var(--ast-global-color-4)","background-image":"","background-repeat":"repeat","background-position":"center center","background-size":"auto","background-attachment":"scroll","background-type":"","background-media":"","overlay-type":"","overlay-color":"","overlay-opacity":"","overlay-gradient":""},"tablet":{"background-color":"var(--ast-global-color-4)","background-image":"","background-repeat":"repeat","background-position":"center center","background-size":"auto","background-attachment":"scroll","background-type":"","background-media":"","overlay-type":"","overlay-color":"","overlay-opacity":"","overlay-gradient":""},"mobile":{"background-color":"var(--ast-global-color-4)","background-image":"","background-repeat":"repeat","background-position":"center center","background-size":"auto","background-attachment":"scroll","background-type":"","background-media":"","overlay-type":"","overlay-color":"","overlay-opacity":"","overlay-gradient":""}}},"product_brand":[],"product_cat":[76,80],"product_tag":[],"giftcard-category":[],"class_list":{"0":"post-583","1":"product","2":"type-product","3":"status-publish","4":"has-post-thumbnail","6":"product_cat-amaco-glasurer","7":"product_cat-amaco-potters-choice-amaco-glasurer","8":"pa_matsikker-matsikker","9":"pa_temperatur-hoybrent-steingods","10":"desktop-align-center","11":"tablet-align-left","12":"mobile-align-left","14":"first","15":"instock","16":"taxable","17":"shipping-taxable","18":"purchasable","19":"product-type-simple"},"uagb_featured_image_src":{"full":["https:\/\/nordglaze.no\/wp-content\/uploads\/2026\/02\/pc-42-seaweed-stoneware-glaze.jpg",800,745,false],"thumbnail":["https:\/\/nordglaze.no\/wp-content\/uploads\/2026\/02\/pc-42-seaweed-stoneware-glaze-150x150.jpg",150,150,true],"medium":["https:\/\/nordglaze.no\/wp-content\/uploads\/2026\/02\/pc-42-seaweed-stoneware-glaze-300x279.jpg",300,279,true],"medium_large":["https:\/\/nordglaze.no\/wp-content\/uploads\/2026\/02\/pc-42-seaweed-stoneware-glaze-768x715.jpg",768,715,true],"large":["https:\/\/nordglaze.no\/wp-content\/uploads\/2026\/02\/pc-42-seaweed-stoneware-glaze.jpg",800,745,false],"1536x1536":["https:\/\/nordglaze.no\/wp-content\/uploads\/2026\/02\/pc-42-seaweed-stoneware-glaze.jpg",800,745,false],"2048x2048":["https:\/\/nordglaze.no\/wp-content\/uploads\/2026\/02\/pc-42-seaweed-stoneware-glaze.jpg",800,745,false],"trp-custom-language-flag":["https:\/\/nordglaze.no\/wp-content\/uploads\/2026\/02\/pc-42-seaweed-stoneware-glaze.jpg",13,12,false],"woocommerce_thumbnail":["https:\/\/nordglaze.no\/wp-content\/uploads\/2026\/02\/pc-42-seaweed-stoneware-glaze-300x279.jpg",300,279,true],"woocommerce_single":["https:\/\/nordglaze.no\/wp-content\/uploads\/2026\/02\/pc-42-seaweed-stoneware-glaze-600x559.jpg",600,559,true],"woocommerce_gallery_thumbnail":["https:\/\/nordglaze.no\/wp-content\/uploads\/2026\/02\/pc-42-seaweed-stoneware-glaze-100x100.jpg",100,100,true],"variation_swatches_image_size":["https:\/\/nordglaze.no\/wp-content\/uploads\/2026\/02\/pc-42-seaweed-stoneware-glaze.jpg",50,47,false],"variation_swatches_tooltip_size":["https:\/\/nordglaze.no\/wp-content\/uploads\/2026\/02\/pc-42-seaweed-stoneware-glaze.jpg",100,93,false]},"uagb_author_info":{"display_name":"jennifer-admin","author_link":"https:\/\/nordglaze.no\/fi\/author\/"},"uagb_comment_info":0,"uagb_excerpt":"Dyp gr\u00f8nn glasur med god flyt, som f\u00e5r brunlige toner i teksturen og b\u00f8r p\u00e5f\u00f8res med litt kontroll. Sendes innen 2\u20134 arbeidsdager.","_links":{"self":[{"href":"https:\/\/nordglaze.no\/fi\/wp-json\/wp\/v2\/product\/583","targetHints":{"allow":["GET"]}}],"collection":[{"href":"https:\/\/nordglaze.no\/fi\/wp-json\/wp\/v2\/product"}],"about":[{"href":"https:\/\/nordglaze.no\/fi\/wp-json\/wp\/v2\/types\/product"}],"wp:featuredmedia":[{"embeddable":true,"href":"https:\/\/nordglaze.no\/fi\/wp-json\/wp\/v2\/media\/582"}],"wp:attachment":[{"href":"https:\/\/nordglaze.no\/fi\/wp-json\/wp\/v2\/media?parent=583"}],"wp:term":[{"taxonomy":"product_brand","embeddable":true,"href":"https:\/\/nordglaze.no\/fi\/wp-json\/wp\/v2\/product_brand?post=583"},{"taxonomy":"product_cat","embeddable":true,"href":"https:\/\/nordglaze.no\/fi\/wp-json\/wp\/v2\/product_cat?post=583"},{"taxonomy":"product_tag","embeddable":true,"href":"https:\/\/nordglaze.no\/fi\/wp-json\/wp\/v2\/product_tag?post=583"},{"taxonomy":"giftcard-category","embeddable":true,"href":"https:\/\/nordglaze.no\/fi\/wp-json\/wp\/v2\/giftcard-category?post=583"}],"curies":[{"name":"wp","href":"https:\/\/api.w.org\/{rel}","templated":true}]}}