{"id":621,"date":"2026-02-04T18:16:09","date_gmt":"2026-02-04T18:16:09","guid":{"rendered":"https:\/\/nordglaze.no\/produkt\/white-mudcrack\/"},"modified":"2026-03-23T23:41:47","modified_gmt":"2026-03-23T23:41:47","slug":"white-mudcrack","status":"publish","type":"product","link":"https:\/\/nordglaze.no\/fi\/tuote\/white-mudcrack\/","title":{"rendered":"Valkoinen Mudcrack"},"content":{"rendered":"<p>Mayco ST- Mudcrack er en glasur som er utviklet for \u00e5 gi en kraftig, opph\u00f8yd og tydelig sprukket overflate. Hvor markant teksturen blir, avhenger av hvor tykt glasuren legges p\u00e5. Et tynnere lag gir en jevnere overflate med fine sprekker, mens tykkere p\u00e5f\u00f8ring gir st\u00f8rre sprekker og et mer markant, taktilt uttrykk.<br \/>\nLasite voidaan levitt\u00e4\u00e4 suoraan raakapoltettuihin tuotteisiin tai sit\u00e4 voidaan k\u00e4ytt\u00e4\u00e4 yhdess\u00e4 muiden lasitteiden kanssa samalla l\u00e4mp\u00f6tila-alueella. Jos lasite levitet\u00e4\u00e4n hyvin paksusti, polttamaton lasite voi irrota pinnasta ennen polttoa. Jos lasite on sakeaa, perusteellinen sekoittaminen tai ravistelu voi auttaa parantamaan virtausta.<br \/>\nLopputulokseen vaikuttavat savityyppi, levitys, kerrospaksuus ja poltto. Esitetyt esimerkkilaatat on poltettu tasaiseksi valkoisella savella eri l\u00e4mp\u00f6tiloissa ja polttomenetelmill\u00e4. Parhaan hallinnan varmistamiseksi on suositeltavaa testata lasite koekappaleilla ennen kuin sit\u00e4 k\u00e4ytet\u00e4\u00e4n valmiisiin t\u00f6ihin.<br \/>\nNoudata valmistajan poltto- ja l\u00e4mp\u00f6tilaohjeita ja noudata tavanomaisia varotoimia lasitteita k\u00e4sitelless\u00e4si.<\/p>","protected":false},"excerpt":{"rendered":"<p>Raskasrakenteinen lasite, joka antaa halkeilevan, halkeilevan pinnan, jossa paksumpi levitys saa aikaan suurempia halkeamia. <strong>Toimitetaan 2-4 ty\u00f6p\u00e4iv\u00e4n kuluessa.<\/strong><\/p>","protected":false},"featured_media":620,"template":"","meta":{"_uag_custom_page_level_css":"","site-sidebar-layout":"default","site-content-layout":"","ast-site-content-layout":"default","site-content-style":"default","site-sidebar-style":"default","ast-global-header-display":"","ast-banner-title-visibility":"","ast-main-header-display":"","ast-hfb-above-header-display":"","ast-hfb-below-header-display":"","ast-hfb-mobile-header-display":"","site-post-title":"","ast-breadcrumbs-content":"","ast-featured-img":"","footer-sml-layout":"","ast-disable-related-posts":"","theme-transparent-header-meta":"default","adv-header-id-meta":"","stick-header-meta":"","header-above-stick-meta":"","header-main-stick-meta":"","header-below-stick-meta":"","astra-migrate-meta-layouts":"set","ast-page-background-enabled":"default","ast-page-background-meta":{"desktop":{"background-color":"var(--ast-global-color-5)","background-image":"","background-repeat":"repeat","background-position":"center center","background-size":"auto","background-attachment":"scroll","background-type":"","background-media":"","overlay-type":"","overlay-color":"","overlay-opacity":"","overlay-gradient":""},"tablet":{"background-color":"","background-image":"","background-repeat":"repeat","background-position":"center center","background-size":"auto","background-attachment":"scroll","background-type":"","background-media":"","overlay-type":"","overlay-color":"","overlay-opacity":"","overlay-gradient":""},"mobile":{"background-color":"","background-image":"","background-repeat":"repeat","background-position":"center center","background-size":"auto","background-attachment":"scroll","background-type":"","background-media":"","overlay-type":"","overlay-color":"","overlay-opacity":"","overlay-gradient":""}},"ast-content-background-meta":{"desktop":{"background-color":"var(--ast-global-color-4)","background-image":"","background-repeat":"repeat","background-position":"center center","background-size":"auto","background-attachment":"scroll","background-type":"","background-media":"","overlay-type":"","overlay-color":"","overlay-opacity":"","overlay-gradient":""},"tablet":{"background-color":"var(--ast-global-color-4)","background-image":"","background-repeat":"repeat","background-position":"center center","background-size":"auto","background-attachment":"scroll","background-type":"","background-media":"","overlay-type":"","overlay-color":"","overlay-opacity":"","overlay-gradient":""},"mobile":{"background-color":"var(--ast-global-color-4)","background-image":"","background-repeat":"repeat","background-position":"center center","background-size":"auto","background-attachment":"scroll","background-type":"","background-media":"","overlay-type":"","overlay-color":"","overlay-opacity":"","overlay-gradient":""}}},"product_brand":[],"product_cat":[68,87,92],"product_tag":[],"giftcard-category":[],"class_list":{"0":"post-621","1":"product","2":"type-product","3":"status-publish","4":"has-post-thumbnail","6":"product_cat-mayco","7":"product_cat-mayco-underglasur","8":"product_cat-mayco-stoneware","9":"pa_matsikker-ikke-matsikker","10":"pa_temperatur-hoybrent-steingods","11":"desktop-align-center","12":"tablet-align-left","13":"mobile-align-left","15":"first","16":"instock","17":"taxable","18":"shipping-taxable","19":"purchasable","20":"product-type-simple"},"uagb_featured_image_src":{"full":["https:\/\/nordglaze.no\/wp-content\/uploads\/2026\/02\/sw-403-white-mudcrack-stoneware-glaze.jpg",800,745,false],"thumbnail":["https:\/\/nordglaze.no\/wp-content\/uploads\/2026\/02\/sw-403-white-mudcrack-stoneware-glaze-150x150.jpg",150,150,true],"medium":["https:\/\/nordglaze.no\/wp-content\/uploads\/2026\/02\/sw-403-white-mudcrack-stoneware-glaze-300x279.jpg",300,279,true],"medium_large":["https:\/\/nordglaze.no\/wp-content\/uploads\/2026\/02\/sw-403-white-mudcrack-stoneware-glaze-768x715.jpg",768,715,true],"large":["https:\/\/nordglaze.no\/wp-content\/uploads\/2026\/02\/sw-403-white-mudcrack-stoneware-glaze.jpg",800,745,false],"1536x1536":["https:\/\/nordglaze.no\/wp-content\/uploads\/2026\/02\/sw-403-white-mudcrack-stoneware-glaze.jpg",800,745,false],"2048x2048":["https:\/\/nordglaze.no\/wp-content\/uploads\/2026\/02\/sw-403-white-mudcrack-stoneware-glaze.jpg",800,745,false],"trp-custom-language-flag":["https:\/\/nordglaze.no\/wp-content\/uploads\/2026\/02\/sw-403-white-mudcrack-stoneware-glaze.jpg",13,12,false],"woocommerce_thumbnail":["https:\/\/nordglaze.no\/wp-content\/uploads\/2026\/02\/sw-403-white-mudcrack-stoneware-glaze-300x279.jpg",300,279,true],"woocommerce_single":["https:\/\/nordglaze.no\/wp-content\/uploads\/2026\/02\/sw-403-white-mudcrack-stoneware-glaze-600x559.jpg",600,559,true],"woocommerce_gallery_thumbnail":["https:\/\/nordglaze.no\/wp-content\/uploads\/2026\/02\/sw-403-white-mudcrack-stoneware-glaze-100x100.jpg",100,100,true],"variation_swatches_image_size":["https:\/\/nordglaze.no\/wp-content\/uploads\/2026\/02\/sw-403-white-mudcrack-stoneware-glaze.jpg",50,47,false],"variation_swatches_tooltip_size":["https:\/\/nordglaze.no\/wp-content\/uploads\/2026\/02\/sw-403-white-mudcrack-stoneware-glaze.jpg",100,93,false]},"uagb_author_info":{"display_name":"jennifer-admin","author_link":"https:\/\/nordglaze.no\/fi\/author\/"},"uagb_comment_info":0,"uagb_excerpt":"Kraftig teksturglasur som gir en sprukket, krakelert overflate, der tykkere p\u00e5f\u00f8ring gir st\u00f8rre sprekker. Sendes innen 2\u20134 arbeidsdager.","_links":{"self":[{"href":"https:\/\/nordglaze.no\/fi\/wp-json\/wp\/v2\/product\/621","targetHints":{"allow":["GET"]}}],"collection":[{"href":"https:\/\/nordglaze.no\/fi\/wp-json\/wp\/v2\/product"}],"about":[{"href":"https:\/\/nordglaze.no\/fi\/wp-json\/wp\/v2\/types\/product"}],"wp:featuredmedia":[{"embeddable":true,"href":"https:\/\/nordglaze.no\/fi\/wp-json\/wp\/v2\/media\/620"}],"wp:attachment":[{"href":"https:\/\/nordglaze.no\/fi\/wp-json\/wp\/v2\/media?parent=621"}],"wp:term":[{"taxonomy":"product_brand","embeddable":true,"href":"https:\/\/nordglaze.no\/fi\/wp-json\/wp\/v2\/product_brand?post=621"},{"taxonomy":"product_cat","embeddable":true,"href":"https:\/\/nordglaze.no\/fi\/wp-json\/wp\/v2\/product_cat?post=621"},{"taxonomy":"product_tag","embeddable":true,"href":"https:\/\/nordglaze.no\/fi\/wp-json\/wp\/v2\/product_tag?post=621"},{"taxonomy":"giftcard-category","embeddable":true,"href":"https:\/\/nordglaze.no\/fi\/wp-json\/wp\/v2\/giftcard-category?post=621"}],"curies":[{"name":"wp","href":"https:\/\/api.w.org\/{rel}","templated":true}]}}