{"id":783,"date":"2026-02-20T18:40:02","date_gmt":"2026-02-20T18:40:02","guid":{"rendered":"https:\/\/nordglaze.no\/produkt\/fire-engine-red\/"},"modified":"2026-03-23T23:41:48","modified_gmt":"2026-03-23T23:41:48","slug":"fire-engine-red","status":"publish","type":"product","link":"https:\/\/nordglaze.no\/fi\/tuote\/fire-engine-red\/","title":{"rendered":"Palokunnanpunainen (lasitteen alla)"},"content":{"rendered":"<p>T\u00e4m\u00e4 lasitteen alla k\u00e4ytett\u00e4v\u00e4 v\u00e4ri on itsest\u00e4\u00e4n lasittuva. Se tarkoittaa, ett\u00e4 sen p\u00e4\u00e4lle ei tarvitse lis\u00e4t\u00e4 l\u00e4pin\u00e4kyv\u00e4\u00e4 lasitekerrosta saadaksesi kiilt\u00e4v\u00e4n pinnan.<br \/>\nSe voidaan levitt\u00e4\u00e4 sek\u00e4 ennen raakapolttoa ett\u00e4 sen j\u00e4lkeen.<br \/>\nLevit\u00e4 3 ohutta kerrosta ja anna jokaisen kerroksen kuivua hyvin muutaman sekunnin ajan ennen seuraavan levitt\u00e4mist\u00e4.<br \/>\nPoltto 1200-1250 \u00b0C:ssa (Cone 5-6).<\/p>","protected":false},"excerpt":{"rendered":"<p>Toimitetaan 2-4 ty\u00f6p\u00e4iv\u00e4n kuluessa.<\/p>","protected":false},"featured_media":2317,"template":"","meta":{"_uag_custom_page_level_css":"","site-sidebar-layout":"default","site-content-layout":"","ast-site-content-layout":"default","site-content-style":"default","site-sidebar-style":"default","ast-global-header-display":"","ast-banner-title-visibility":"","ast-main-header-display":"","ast-hfb-above-header-display":"","ast-hfb-below-header-display":"","ast-hfb-mobile-header-display":"","site-post-title":"","ast-breadcrumbs-content":"","ast-featured-img":"","footer-sml-layout":"","ast-disable-related-posts":"","theme-transparent-header-meta":"default","adv-header-id-meta":"","stick-header-meta":"","header-above-stick-meta":"","header-main-stick-meta":"","header-below-stick-meta":"","astra-migrate-meta-layouts":"set","ast-page-background-enabled":"default","ast-page-background-meta":{"desktop":{"background-color":"var(--ast-global-color-5)","background-image":"","background-repeat":"repeat","background-position":"center center","background-size":"auto","background-attachment":"scroll","background-type":"","background-media":"","overlay-type":"","overlay-color":"","overlay-opacity":"","overlay-gradient":""},"tablet":{"background-color":"","background-image":"","background-repeat":"repeat","background-position":"center center","background-size":"auto","background-attachment":"scroll","background-type":"","background-media":"","overlay-type":"","overlay-color":"","overlay-opacity":"","overlay-gradient":""},"mobile":{"background-color":"","background-image":"","background-repeat":"repeat","background-position":"center center","background-size":"auto","background-attachment":"scroll","background-type":"","background-media":"","overlay-type":"","overlay-color":"","overlay-opacity":"","overlay-gradient":""}},"ast-content-background-meta":{"desktop":{"background-color":"var(--ast-global-color-4)","background-image":"","background-repeat":"repeat","background-position":"center center","background-size":"auto","background-attachment":"scroll","background-type":"","background-media":"","overlay-type":"","overlay-color":"","overlay-opacity":"","overlay-gradient":""},"tablet":{"background-color":"var(--ast-global-color-4)","background-image":"","background-repeat":"repeat","background-position":"center center","background-size":"auto","background-attachment":"scroll","background-type":"","background-media":"","overlay-type":"","overlay-color":"","overlay-opacity":"","overlay-gradient":""},"mobile":{"background-color":"var(--ast-global-color-4)","background-image":"","background-repeat":"repeat","background-position":"center center","background-size":"auto","background-attachment":"scroll","background-type":"","background-media":"","overlay-type":"","overlay-color":"","overlay-opacity":"","overlay-gradient":""}}},"product_brand":[],"product_cat":[71,73],"product_tag":[],"giftcard-category":[],"class_list":{"0":"post-783","1":"product","2":"type-product","3":"status-publish","4":"has-post-thumbnail","6":"product_cat-spectrum-underglasur","7":"product_cat-superstrokes","8":"pa_matsikker-matsikker","9":"pa_temperatur-hoybrent-steingods","10":"desktop-align-center","11":"tablet-align-left","12":"mobile-align-left","14":"first","15":"instock","16":"taxable","17":"shipping-taxable","18":"purchasable","19":"product-type-simple"},"uagb_featured_image_src":{"full":["https:\/\/nordglaze.no\/wp-content\/uploads\/2026\/03\/48.png",600,600,false],"thumbnail":["https:\/\/nordglaze.no\/wp-content\/uploads\/2026\/03\/48-150x150.png",150,150,true],"medium":["https:\/\/nordglaze.no\/wp-content\/uploads\/2026\/03\/48-300x300.png",300,300,true],"medium_large":["https:\/\/nordglaze.no\/wp-content\/uploads\/2026\/03\/48.png",600,600,false],"large":["https:\/\/nordglaze.no\/wp-content\/uploads\/2026\/03\/48.png",600,600,false],"1536x1536":["https:\/\/nordglaze.no\/wp-content\/uploads\/2026\/03\/48.png",600,600,false],"2048x2048":["https:\/\/nordglaze.no\/wp-content\/uploads\/2026\/03\/48.png",600,600,false],"trp-custom-language-flag":["https:\/\/nordglaze.no\/wp-content\/uploads\/2026\/03\/48-12x12.png",12,12,true],"woocommerce_thumbnail":["https:\/\/nordglaze.no\/wp-content\/uploads\/2026\/03\/48-300x300.png",300,300,true],"woocommerce_single":["https:\/\/nordglaze.no\/wp-content\/uploads\/2026\/03\/48.png",600,600,false],"woocommerce_gallery_thumbnail":["https:\/\/nordglaze.no\/wp-content\/uploads\/2026\/03\/48-100x100.png",100,100,true],"variation_swatches_image_size":["https:\/\/nordglaze.no\/wp-content\/uploads\/2026\/03\/48-50x50.png",50,50,true],"variation_swatches_tooltip_size":["https:\/\/nordglaze.no\/wp-content\/uploads\/2026\/03\/48-100x100.png",100,100,true]},"uagb_author_info":{"display_name":"jennifer-admin","author_link":"https:\/\/nordglaze.no\/fi\/author\/"},"uagb_comment_info":0,"uagb_excerpt":"Sendes innen 2\u20134 arbeidsdager.","_links":{"self":[{"href":"https:\/\/nordglaze.no\/fi\/wp-json\/wp\/v2\/product\/783","targetHints":{"allow":["GET"]}}],"collection":[{"href":"https:\/\/nordglaze.no\/fi\/wp-json\/wp\/v2\/product"}],"about":[{"href":"https:\/\/nordglaze.no\/fi\/wp-json\/wp\/v2\/types\/product"}],"wp:featuredmedia":[{"embeddable":true,"href":"https:\/\/nordglaze.no\/fi\/wp-json\/wp\/v2\/media\/2317"}],"wp:attachment":[{"href":"https:\/\/nordglaze.no\/fi\/wp-json\/wp\/v2\/media?parent=783"}],"wp:term":[{"taxonomy":"product_brand","embeddable":true,"href":"https:\/\/nordglaze.no\/fi\/wp-json\/wp\/v2\/product_brand?post=783"},{"taxonomy":"product_cat","embeddable":true,"href":"https:\/\/nordglaze.no\/fi\/wp-json\/wp\/v2\/product_cat?post=783"},{"taxonomy":"product_tag","embeddable":true,"href":"https:\/\/nordglaze.no\/fi\/wp-json\/wp\/v2\/product_tag?post=783"},{"taxonomy":"giftcard-category","embeddable":true,"href":"https:\/\/nordglaze.no\/fi\/wp-json\/wp\/v2\/giftcard-category?post=783"}],"curies":[{"name":"wp","href":"https:\/\/api.w.org\/{rel}","templated":true}]}}