{"id":836,"date":"2026-02-20T18:40:22","date_gmt":"2026-02-20T18:40:22","guid":{"rendered":"https:\/\/nordglaze.no\/produkt\/blush-2\/"},"modified":"2026-03-23T23:41:55","modified_gmt":"2026-03-23T23:41:55","slug":"blush-2","status":"publish","type":"product","link":"https:\/\/nordglaze.no\/fi\/tuote\/blush-2\/","title":{"rendered":"Blush (Underglasur)"},"content":{"rendered":"<p>Sit\u00e4 voidaan k\u00e4ytt\u00e4\u00e4 sellaisenaan mattapintaisena tai peitt\u00e4\u00e4 l\u00e4pin\u00e4kyv\u00e4ll\u00e4 lasitteella ennen lopullista polttoa kiilt\u00e4v\u00e4n pinnan aikaansaamiseksi.<br \/>\nSit\u00e4 voidaan levitt\u00e4\u00e4 sek\u00e4 ennen ett\u00e4 j\u00e4lkeen polttamisen, mutta suosittelemme, ett\u00e4 aluslasite levitet\u00e4\u00e4n ennen polttamista. Kun savi on nahkakovaa tai l\u00e4hes kuivaa, saavutetaan parhaat tulokset.<br \/>\nLevit\u00e4 3 ohutta kerrosta ja anna jokaisen kerroksen kuivua hyvin muutaman sekunnin ajan ennen seuraavan levitt\u00e4mist\u00e4.<br \/>\nPoltto 1200-1250 \u00b0C:ssa (Cone 5-6).<\/p>","protected":false},"excerpt":{"rendered":"<p>Toimitetaan 2-4 ty\u00f6p\u00e4iv\u00e4n kuluessa.<\/p>","protected":false},"featured_media":2367,"template":"","meta":{"_uag_custom_page_level_css":"","site-sidebar-layout":"default","site-content-layout":"","ast-site-content-layout":"default","site-content-style":"default","site-sidebar-style":"default","ast-global-header-display":"","ast-banner-title-visibility":"","ast-main-header-display":"","ast-hfb-above-header-display":"","ast-hfb-below-header-display":"","ast-hfb-mobile-header-display":"","site-post-title":"","ast-breadcrumbs-content":"","ast-featured-img":"","footer-sml-layout":"","ast-disable-related-posts":"","theme-transparent-header-meta":"default","adv-header-id-meta":"","stick-header-meta":"","header-above-stick-meta":"","header-main-stick-meta":"","header-below-stick-meta":"","astra-migrate-meta-layouts":"set","ast-page-background-enabled":"default","ast-page-background-meta":{"desktop":{"background-color":"var(--ast-global-color-5)","background-image":"","background-repeat":"repeat","background-position":"center center","background-size":"auto","background-attachment":"scroll","background-type":"","background-media":"","overlay-type":"","overlay-color":"","overlay-opacity":"","overlay-gradient":""},"tablet":{"background-color":"","background-image":"","background-repeat":"repeat","background-position":"center center","background-size":"auto","background-attachment":"scroll","background-type":"","background-media":"","overlay-type":"","overlay-color":"","overlay-opacity":"","overlay-gradient":""},"mobile":{"background-color":"","background-image":"","background-repeat":"repeat","background-position":"center center","background-size":"auto","background-attachment":"scroll","background-type":"","background-media":"","overlay-type":"","overlay-color":"","overlay-opacity":"","overlay-gradient":""}},"ast-content-background-meta":{"desktop":{"background-color":"var(--ast-global-color-4)","background-image":"","background-repeat":"repeat","background-position":"center center","background-size":"auto","background-attachment":"scroll","background-type":"","background-media":"","overlay-type":"","overlay-color":"","overlay-opacity":"","overlay-gradient":""},"tablet":{"background-color":"var(--ast-global-color-4)","background-image":"","background-repeat":"repeat","background-position":"center center","background-size":"auto","background-attachment":"scroll","background-type":"","background-media":"","overlay-type":"","overlay-color":"","overlay-opacity":"","overlay-gradient":""},"mobile":{"background-color":"var(--ast-global-color-4)","background-image":"","background-repeat":"repeat","background-position":"center center","background-size":"auto","background-attachment":"scroll","background-type":"","background-media":"","overlay-type":"","overlay-color":"","overlay-opacity":"","overlay-gradient":""}}},"product_brand":[],"product_cat":[67,89,19],"product_tag":[],"giftcard-category":[],"class_list":{"0":"post-836","1":"product","2":"type-product","3":"status-publish","4":"has-post-thumbnail","6":"product_cat-spectrum","7":"product_cat-spectrum-underglasur-spectrum","8":"product_cat-underglasur","9":"pa_matsikker-matsikker","10":"pa_temperatur-hoybrent-steingods","11":"desktop-align-center","12":"tablet-align-left","13":"mobile-align-left","15":"first","16":"instock","17":"taxable","18":"shipping-taxable","19":"purchasable","20":"product-type-simple"},"uagb_featured_image_src":{"full":["https:\/\/nordglaze.no\/wp-content\/uploads\/2026\/03\/32.png",600,600,false],"thumbnail":["https:\/\/nordglaze.no\/wp-content\/uploads\/2026\/03\/32-150x150.png",150,150,true],"medium":["https:\/\/nordglaze.no\/wp-content\/uploads\/2026\/03\/32-300x300.png",300,300,true],"medium_large":["https:\/\/nordglaze.no\/wp-content\/uploads\/2026\/03\/32.png",600,600,false],"large":["https:\/\/nordglaze.no\/wp-content\/uploads\/2026\/03\/32.png",600,600,false],"1536x1536":["https:\/\/nordglaze.no\/wp-content\/uploads\/2026\/03\/32.png",600,600,false],"2048x2048":["https:\/\/nordglaze.no\/wp-content\/uploads\/2026\/03\/32.png",600,600,false],"trp-custom-language-flag":["https:\/\/nordglaze.no\/wp-content\/uploads\/2026\/03\/32-12x12.png",12,12,true],"woocommerce_thumbnail":["https:\/\/nordglaze.no\/wp-content\/uploads\/2026\/03\/32-300x300.png",300,300,true],"woocommerce_single":["https:\/\/nordglaze.no\/wp-content\/uploads\/2026\/03\/32.png",600,600,false],"woocommerce_gallery_thumbnail":["https:\/\/nordglaze.no\/wp-content\/uploads\/2026\/03\/32-100x100.png",100,100,true],"variation_swatches_image_size":["https:\/\/nordglaze.no\/wp-content\/uploads\/2026\/03\/32-50x50.png",50,50,true],"variation_swatches_tooltip_size":["https:\/\/nordglaze.no\/wp-content\/uploads\/2026\/03\/32-100x100.png",100,100,true]},"uagb_author_info":{"display_name":"jennifer-admin","author_link":"https:\/\/nordglaze.no\/fi\/author\/"},"uagb_comment_info":0,"uagb_excerpt":"Sendes innen 2\u20134 arbeidsdager.","_links":{"self":[{"href":"https:\/\/nordglaze.no\/fi\/wp-json\/wp\/v2\/product\/836","targetHints":{"allow":["GET"]}}],"collection":[{"href":"https:\/\/nordglaze.no\/fi\/wp-json\/wp\/v2\/product"}],"about":[{"href":"https:\/\/nordglaze.no\/fi\/wp-json\/wp\/v2\/types\/product"}],"wp:featuredmedia":[{"embeddable":true,"href":"https:\/\/nordglaze.no\/fi\/wp-json\/wp\/v2\/media\/2367"}],"wp:attachment":[{"href":"https:\/\/nordglaze.no\/fi\/wp-json\/wp\/v2\/media?parent=836"}],"wp:term":[{"taxonomy":"product_brand","embeddable":true,"href":"https:\/\/nordglaze.no\/fi\/wp-json\/wp\/v2\/product_brand?post=836"},{"taxonomy":"product_cat","embeddable":true,"href":"https:\/\/nordglaze.no\/fi\/wp-json\/wp\/v2\/product_cat?post=836"},{"taxonomy":"product_tag","embeddable":true,"href":"https:\/\/nordglaze.no\/fi\/wp-json\/wp\/v2\/product_tag?post=836"},{"taxonomy":"giftcard-category","embeddable":true,"href":"https:\/\/nordglaze.no\/fi\/wp-json\/wp\/v2\/giftcard-category?post=836"}],"curies":[{"name":"wp","href":"https:\/\/api.w.org\/{rel}","templated":true}]}}