{"id":553,"date":"2026-02-04T18:15:22","date_gmt":"2026-02-04T18:15:22","guid":{"rendered":"https:\/\/nordglaze.no\/produkt\/blue-midnight\/"},"modified":"2026-04-04T20:36:18","modified_gmt":"2026-04-04T18:36:18","slug":"blue-midnight","status":"publish","type":"product","link":"https:\/\/nordglaze.no\/sv\/produkt\/blue-midnight\/","title":{"rendered":"Bl\u00e5 midnatt"},"content":{"rendered":"<p>Amaco PC- Blue Midnight \u00e4r en blank, n\u00e4stan svart glasyr som bryter i bl\u00e5 toner d\u00e4r den appliceras tjockt. De bl\u00e5 h\u00f6gdagrarna framh\u00e4vs s\u00e4rskilt i struktur och ger ett levande och djupt uttryck. Glasyren l\u00e4mpar sig v\u00e4l f\u00f6r texturerade arbeten och kan \u00e4ven anv\u00e4ndas i kombination med andra glasyrer f\u00f6r varierade yteffekter. B\u00e4sta resultat uppn\u00e5s vid riklig p\u00e5f\u00f6ring.<br \/>\nSlutresultatet kan variera beroende p\u00e5 bland annat lertyp, applicering, skikttjocklek och br\u00e4nning. Det rekommenderas att testa glasyren p\u00e5 provobjekt f\u00f6re anv\u00e4ndning p\u00e5 f\u00e4rdiga arbeten, speciellt vid skiktning. F\u00f6lj tillverkarens anvisningar f\u00f6r br\u00e4nning och temperatur f\u00f6r b\u00e4sta m\u00f6jliga resultat.<br \/>\nF\u00f6lj tillverkarens anvisningar och anv\u00e4nd vanliga f\u00f6rsiktighets\u00e5tg\u00e4rder vid hantering av glasyrer.<\/p>","protected":false},"excerpt":{"rendered":"<p>Blank glasyr som framst\u00e5r n\u00e4stan svart, men f\u00e5r bl\u00e5 toner d\u00e4r den ligger tjockt. L\u00e4mpar sig v\u00e4l p\u00e5 ytor med tydlig textur. Skickas inom 2\u20134 arbetsdagar.<\/p>","protected":false},"featured_media":552,"template":"","meta":{"_uag_custom_page_level_css":"","site-sidebar-layout":"default","site-content-layout":"","ast-site-content-layout":"default","site-content-style":"default","site-sidebar-style":"default","ast-global-header-display":"","ast-banner-title-visibility":"","ast-main-header-display":"","ast-hfb-above-header-display":"","ast-hfb-below-header-display":"","ast-hfb-mobile-header-display":"","site-post-title":"","ast-breadcrumbs-content":"","ast-featured-img":"","footer-sml-layout":"","ast-disable-related-posts":"","theme-transparent-header-meta":"default","adv-header-id-meta":"","stick-header-meta":"","header-above-stick-meta":"","header-main-stick-meta":"","header-below-stick-meta":"","astra-migrate-meta-layouts":"set","ast-page-background-enabled":"default","ast-page-background-meta":{"desktop":{"background-color":"var(--ast-global-color-5)","background-image":"","background-repeat":"repeat","background-position":"center center","background-size":"auto","background-attachment":"scroll","background-type":"","background-media":"","overlay-type":"","overlay-color":"","overlay-opacity":"","overlay-gradient":""},"tablet":{"background-color":"","background-image":"","background-repeat":"repeat","background-position":"center center","background-size":"auto","background-attachment":"scroll","background-type":"","background-media":"","overlay-type":"","overlay-color":"","overlay-opacity":"","overlay-gradient":""},"mobile":{"background-color":"","background-image":"","background-repeat":"repeat","background-position":"center center","background-size":"auto","background-attachment":"scroll","background-type":"","background-media":"","overlay-type":"","overlay-color":"","overlay-opacity":"","overlay-gradient":""}},"ast-content-background-meta":{"desktop":{"background-color":"var(--ast-global-color-4)","background-image":"","background-repeat":"repeat","background-position":"center center","background-size":"auto","background-attachment":"scroll","background-type":"","background-media":"","overlay-type":"","overlay-color":"","overlay-opacity":"","overlay-gradient":""},"tablet":{"background-color":"var(--ast-global-color-4)","background-image":"","background-repeat":"repeat","background-position":"center center","background-size":"auto","background-attachment":"scroll","background-type":"","background-media":"","overlay-type":"","overlay-color":"","overlay-opacity":"","overlay-gradient":""},"mobile":{"background-color":"var(--ast-global-color-4)","background-image":"","background-repeat":"repeat","background-position":"center center","background-size":"auto","background-attachment":"scroll","background-type":"","background-media":"","overlay-type":"","overlay-color":"","overlay-opacity":"","overlay-gradient":""}}},"product_brand":[],"product_cat":[76,80],"product_tag":[],"giftcard-category":[],"class_list":{"0":"post-553","1":"product","2":"type-product","3":"status-publish","4":"has-post-thumbnail","6":"product_cat-amaco-glasurer","7":"product_cat-amaco-potters-choice-amaco-glasurer","8":"pa_matsikker-matsikker","9":"pa_temperatur-hoybrent-steingods","10":"desktop-align-center","11":"tablet-align-left","12":"mobile-align-left","14":"first","15":"instock","16":"taxable","17":"shipping-taxable","18":"purchasable","19":"product-type-simple"},"uagb_featured_image_src":{"full":["https:\/\/nordglaze.no\/wp-content\/uploads\/2026\/02\/pc-12-blue-midnight-stoneware-glaze.jpg",800,745,false],"thumbnail":["https:\/\/nordglaze.no\/wp-content\/uploads\/2026\/02\/pc-12-blue-midnight-stoneware-glaze-150x150.jpg",150,150,true],"medium":["https:\/\/nordglaze.no\/wp-content\/uploads\/2026\/02\/pc-12-blue-midnight-stoneware-glaze-300x279.jpg",300,279,true],"medium_large":["https:\/\/nordglaze.no\/wp-content\/uploads\/2026\/02\/pc-12-blue-midnight-stoneware-glaze-768x715.jpg",768,715,true],"large":["https:\/\/nordglaze.no\/wp-content\/uploads\/2026\/02\/pc-12-blue-midnight-stoneware-glaze.jpg",800,745,false],"1536x1536":["https:\/\/nordglaze.no\/wp-content\/uploads\/2026\/02\/pc-12-blue-midnight-stoneware-glaze.jpg",800,745,false],"2048x2048":["https:\/\/nordglaze.no\/wp-content\/uploads\/2026\/02\/pc-12-blue-midnight-stoneware-glaze.jpg",800,745,false],"trp-custom-language-flag":["https:\/\/nordglaze.no\/wp-content\/uploads\/2026\/02\/pc-12-blue-midnight-stoneware-glaze.jpg",13,12,false],"woocommerce_thumbnail":["https:\/\/nordglaze.no\/wp-content\/uploads\/2026\/02\/pc-12-blue-midnight-stoneware-glaze-300x279.jpg",300,279,true],"woocommerce_single":["https:\/\/nordglaze.no\/wp-content\/uploads\/2026\/02\/pc-12-blue-midnight-stoneware-glaze-600x559.jpg",600,559,true],"woocommerce_gallery_thumbnail":["https:\/\/nordglaze.no\/wp-content\/uploads\/2026\/02\/pc-12-blue-midnight-stoneware-glaze-100x100.jpg",100,100,true],"variation_swatches_image_size":["https:\/\/nordglaze.no\/wp-content\/uploads\/2026\/02\/pc-12-blue-midnight-stoneware-glaze.jpg",50,47,false],"variation_swatches_tooltip_size":["https:\/\/nordglaze.no\/wp-content\/uploads\/2026\/02\/pc-12-blue-midnight-stoneware-glaze.jpg",100,93,false]},"uagb_author_info":{"display_name":"jennifer-admin","author_link":"https:\/\/nordglaze.no\/sv\/author\/"},"uagb_comment_info":0,"uagb_excerpt":"Blank glasur som fremst\u00e5r nesten svart, men f\u00e5r bl\u00e5 toner der den ligger tykt. Egner seg godt p\u00e5 flater med tydelig tekstur. Sendes innen 2\u20134 arbeidsdager.","_links":{"self":[{"href":"https:\/\/nordglaze.no\/sv\/wp-json\/wp\/v2\/product\/553","targetHints":{"allow":["GET"]}}],"collection":[{"href":"https:\/\/nordglaze.no\/sv\/wp-json\/wp\/v2\/product"}],"about":[{"href":"https:\/\/nordglaze.no\/sv\/wp-json\/wp\/v2\/types\/product"}],"wp:featuredmedia":[{"embeddable":true,"href":"https:\/\/nordglaze.no\/sv\/wp-json\/wp\/v2\/media\/552"}],"wp:attachment":[{"href":"https:\/\/nordglaze.no\/sv\/wp-json\/wp\/v2\/media?parent=553"}],"wp:term":[{"taxonomy":"product_brand","embeddable":true,"href":"https:\/\/nordglaze.no\/sv\/wp-json\/wp\/v2\/product_brand?post=553"},{"taxonomy":"product_cat","embeddable":true,"href":"https:\/\/nordglaze.no\/sv\/wp-json\/wp\/v2\/product_cat?post=553"},{"taxonomy":"product_tag","embeddable":true,"href":"https:\/\/nordglaze.no\/sv\/wp-json\/wp\/v2\/product_tag?post=553"},{"taxonomy":"giftcard-category","embeddable":true,"href":"https:\/\/nordglaze.no\/sv\/wp-json\/wp\/v2\/giftcard-category?post=553"}],"curies":[{"name":"wp","href":"https:\/\/api.w.org\/{rel}","templated":true}]}}