{"id":581,"date":"2026-02-04T18:15:43","date_gmt":"2026-02-04T18:15:43","guid":{"rendered":"https:\/\/nordglaze.no\/produkt\/satin-oribe\/"},"modified":"2026-03-23T23:41:44","modified_gmt":"2026-03-23T23:41:44","slug":"satin-oribe","status":"publish","type":"product","link":"https:\/\/nordglaze.no\/sv\/produkt\/satin-oribe\/","title":{"rendered":"Satin Oribe"},"content":{"rendered":"<p>Amaco PC Satin Oribe \u00e4r en modern variant av den klassiska japanska Oribe-glasyren. Den har ett bl\u00e5gr\u00f6nt, l\u00e4tt br\u00e4nt uttryck med en satinmatt yta som ger en sofistikerad och lugn k\u00e4nsla. I texturer samlas f\u00e4rgen i djupare gr\u00f6nare partier, medan ljusare gr\u00e5 toner framtr\u00e4der och skapar fina kontraster i ytan.<br \/>\nUtseendet kan variera beroende p\u00e5 bland annat lera, applicering, skiktjocklek och br\u00e4nning. F\u00f6r b\u00e4sta m\u00f6jliga resultat rekommenderas det att testa glasyren p\u00e5 provbitar f\u00f6re anv\u00e4ndning p\u00e5 f\u00e4rdiga arbeten, s\u00e4rskilt vid skiktning eller kombination med andra glasyrer. F\u00f6lj tillverkarens anvisningar f\u00f6r br\u00e4nning och temperatur.<br \/>\nF\u00f6lj tillverkarens anvisningar och anv\u00e4nd vanliga f\u00f6rsiktighets\u00e5tg\u00e4rder vid hantering av glasyrer.<\/p>","protected":false},"excerpt":{"rendered":"<p>Bl\u00e5gr\u00f6n glasyr med satinmatt yta, inspirerad av japansk Oribe, med ett djupt och elegant uttryck. Skickas inom 2-4 arbetsdagar.<\/p>","protected":false},"featured_media":580,"template":"","meta":{"_uag_custom_page_level_css":"","site-sidebar-layout":"default","site-content-layout":"","ast-site-content-layout":"default","site-content-style":"default","site-sidebar-style":"default","ast-global-header-display":"","ast-banner-title-visibility":"","ast-main-header-display":"","ast-hfb-above-header-display":"","ast-hfb-below-header-display":"","ast-hfb-mobile-header-display":"","site-post-title":"","ast-breadcrumbs-content":"","ast-featured-img":"","footer-sml-layout":"","ast-disable-related-posts":"","theme-transparent-header-meta":"default","adv-header-id-meta":"","stick-header-meta":"","header-above-stick-meta":"","header-main-stick-meta":"","header-below-stick-meta":"","astra-migrate-meta-layouts":"set","ast-page-background-enabled":"default","ast-page-background-meta":{"desktop":{"background-color":"var(--ast-global-color-5)","background-image":"","background-repeat":"repeat","background-position":"center center","background-size":"auto","background-attachment":"scroll","background-type":"","background-media":"","overlay-type":"","overlay-color":"","overlay-opacity":"","overlay-gradient":""},"tablet":{"background-color":"","background-image":"","background-repeat":"repeat","background-position":"center center","background-size":"auto","background-attachment":"scroll","background-type":"","background-media":"","overlay-type":"","overlay-color":"","overlay-opacity":"","overlay-gradient":""},"mobile":{"background-color":"","background-image":"","background-repeat":"repeat","background-position":"center center","background-size":"auto","background-attachment":"scroll","background-type":"","background-media":"","overlay-type":"","overlay-color":"","overlay-opacity":"","overlay-gradient":""}},"ast-content-background-meta":{"desktop":{"background-color":"var(--ast-global-color-4)","background-image":"","background-repeat":"repeat","background-position":"center center","background-size":"auto","background-attachment":"scroll","background-type":"","background-media":"","overlay-type":"","overlay-color":"","overlay-opacity":"","overlay-gradient":""},"tablet":{"background-color":"var(--ast-global-color-4)","background-image":"","background-repeat":"repeat","background-position":"center center","background-size":"auto","background-attachment":"scroll","background-type":"","background-media":"","overlay-type":"","overlay-color":"","overlay-opacity":"","overlay-gradient":""},"mobile":{"background-color":"var(--ast-global-color-4)","background-image":"","background-repeat":"repeat","background-position":"center center","background-size":"auto","background-attachment":"scroll","background-type":"","background-media":"","overlay-type":"","overlay-color":"","overlay-opacity":"","overlay-gradient":""}}},"product_brand":[],"product_cat":[76,80,78],"product_tag":[],"giftcard-category":[],"class_list":{"0":"post-581","1":"product","2":"type-product","3":"status-publish","4":"has-post-thumbnail","6":"product_cat-amaco-glasurer","7":"product_cat-amaco-potters-choice-amaco-glasurer","8":"product_cat-amaco-potters-choice","9":"pa_matsikker-matsikker","10":"pa_temperatur-hoybrent-steingods","11":"desktop-align-center","12":"tablet-align-left","13":"mobile-align-left","15":"first","16":"instock","17":"taxable","18":"shipping-taxable","19":"purchasable","20":"product-type-simple"},"uagb_featured_image_src":{"full":["https:\/\/nordglaze.no\/wp-content\/uploads\/2026\/02\/pc-15-satin-oribe-stoneware-glaze.jpg",800,745,false],"thumbnail":["https:\/\/nordglaze.no\/wp-content\/uploads\/2026\/02\/pc-15-satin-oribe-stoneware-glaze-150x150.jpg",150,150,true],"medium":["https:\/\/nordglaze.no\/wp-content\/uploads\/2026\/02\/pc-15-satin-oribe-stoneware-glaze-300x279.jpg",300,279,true],"medium_large":["https:\/\/nordglaze.no\/wp-content\/uploads\/2026\/02\/pc-15-satin-oribe-stoneware-glaze-768x715.jpg",768,715,true],"large":["https:\/\/nordglaze.no\/wp-content\/uploads\/2026\/02\/pc-15-satin-oribe-stoneware-glaze.jpg",800,745,false],"1536x1536":["https:\/\/nordglaze.no\/wp-content\/uploads\/2026\/02\/pc-15-satin-oribe-stoneware-glaze.jpg",800,745,false],"2048x2048":["https:\/\/nordglaze.no\/wp-content\/uploads\/2026\/02\/pc-15-satin-oribe-stoneware-glaze.jpg",800,745,false],"trp-custom-language-flag":["https:\/\/nordglaze.no\/wp-content\/uploads\/2026\/02\/pc-15-satin-oribe-stoneware-glaze.jpg",13,12,false],"woocommerce_thumbnail":["https:\/\/nordglaze.no\/wp-content\/uploads\/2026\/02\/pc-15-satin-oribe-stoneware-glaze-300x279.jpg",300,279,true],"woocommerce_single":["https:\/\/nordglaze.no\/wp-content\/uploads\/2026\/02\/pc-15-satin-oribe-stoneware-glaze-600x559.jpg",600,559,true],"woocommerce_gallery_thumbnail":["https:\/\/nordglaze.no\/wp-content\/uploads\/2026\/02\/pc-15-satin-oribe-stoneware-glaze-100x100.jpg",100,100,true],"variation_swatches_image_size":["https:\/\/nordglaze.no\/wp-content\/uploads\/2026\/02\/pc-15-satin-oribe-stoneware-glaze.jpg",50,47,false],"variation_swatches_tooltip_size":["https:\/\/nordglaze.no\/wp-content\/uploads\/2026\/02\/pc-15-satin-oribe-stoneware-glaze.jpg",100,93,false]},"uagb_author_info":{"display_name":"jennifer-admin","author_link":"https:\/\/nordglaze.no\/sv\/author\/"},"uagb_comment_info":0,"uagb_excerpt":"Bl\u00e5gr\u00f8nn glasur med satin-matt overflate, inspirert av japansk Oribe, med et dypt og elegant uttrykk. Sendes innen 2\u20134 arbeidsdager.","_links":{"self":[{"href":"https:\/\/nordglaze.no\/sv\/wp-json\/wp\/v2\/product\/581","targetHints":{"allow":["GET"]}}],"collection":[{"href":"https:\/\/nordglaze.no\/sv\/wp-json\/wp\/v2\/product"}],"about":[{"href":"https:\/\/nordglaze.no\/sv\/wp-json\/wp\/v2\/types\/product"}],"wp:featuredmedia":[{"embeddable":true,"href":"https:\/\/nordglaze.no\/sv\/wp-json\/wp\/v2\/media\/580"}],"wp:attachment":[{"href":"https:\/\/nordglaze.no\/sv\/wp-json\/wp\/v2\/media?parent=581"}],"wp:term":[{"taxonomy":"product_brand","embeddable":true,"href":"https:\/\/nordglaze.no\/sv\/wp-json\/wp\/v2\/product_brand?post=581"},{"taxonomy":"product_cat","embeddable":true,"href":"https:\/\/nordglaze.no\/sv\/wp-json\/wp\/v2\/product_cat?post=581"},{"taxonomy":"product_tag","embeddable":true,"href":"https:\/\/nordglaze.no\/sv\/wp-json\/wp\/v2\/product_tag?post=581"},{"taxonomy":"giftcard-category","embeddable":true,"href":"https:\/\/nordglaze.no\/sv\/wp-json\/wp\/v2\/giftcard-category?post=581"}],"curies":[{"name":"wp","href":"https:\/\/api.w.org\/{rel}","templated":true}]}}