{"id":609,"date":"2026-02-04T18:15:59","date_gmt":"2026-02-04T18:15:59","guid":{"rendered":"https:\/\/nordglaze.no\/produkt\/light-magma\/"},"modified":"2026-04-01T07:33:36","modified_gmt":"2026-04-01T05:33:36","slug":"light-magma","status":"publish","type":"product","link":"https:\/\/nordglaze.no\/sv\/produkt\/light-magma\/","title":{"rendered":"Ljus Magma"},"content":{"rendered":"<p>Mayco SW- Magma \u00e4r en lasyr som har utvecklats f\u00f6r att ge en distinkt, grov yta med tydliga kraterliknande strukturer. Styrkan i strukturen beror p\u00e5 hur tjockt glasyren appliceras. Ett tunnare lager ger ett mer d\u00e4mpat uttryck med mindre kratrar, medan en tjockare applicering ger st\u00f6rre kratrar och en mer taktil yta.<br \/>\nGlasyren kan anv\u00e4ndas direkt p\u00e5 r\u00e5br\u00e4nda varor eller kombineras med andra glasyrer inom samma temperaturintervall. Slutresultatet varierar beroende p\u00e5 typ av lera, applicering, skikttjocklek och br\u00e4nning. F\u00f6r b\u00e4sta kontroll rekommenderas att glasyren testas p\u00e5 provf\u00f6rem\u00e5l innan den anv\u00e4nds p\u00e5 f\u00e4rdiga f\u00f6rem\u00e5l.<br \/>\nF\u00f6lj tillverkarens anvisningar f\u00f6r br\u00e4nning och temperatur och iaktta normala f\u00f6rsiktighets\u00e5tg\u00e4rder vid hantering av glasyrer.<\/p>","protected":false},"excerpt":{"rendered":"<p>En l\u00e4ttare version av Magma, med en skrovlig yta och tydlig kraterliknande struktur. Levereras inom 2-4 arbetsdagar.<\/p>","protected":false},"featured_media":608,"template":"","meta":{"_uag_custom_page_level_css":"","site-sidebar-layout":"default","site-content-layout":"","ast-site-content-layout":"default","site-content-style":"default","site-sidebar-style":"default","ast-global-header-display":"","ast-banner-title-visibility":"","ast-main-header-display":"","ast-hfb-above-header-display":"","ast-hfb-below-header-display":"","ast-hfb-mobile-header-display":"","site-post-title":"","ast-breadcrumbs-content":"","ast-featured-img":"","footer-sml-layout":"","ast-disable-related-posts":"","theme-transparent-header-meta":"default","adv-header-id-meta":"","stick-header-meta":"","header-above-stick-meta":"","header-main-stick-meta":"","header-below-stick-meta":"","astra-migrate-meta-layouts":"set","ast-page-background-enabled":"default","ast-page-background-meta":{"desktop":{"background-color":"var(--ast-global-color-5)","background-image":"","background-repeat":"repeat","background-position":"center center","background-size":"auto","background-attachment":"scroll","background-type":"","background-media":"","overlay-type":"","overlay-color":"","overlay-opacity":"","overlay-gradient":""},"tablet":{"background-color":"","background-image":"","background-repeat":"repeat","background-position":"center center","background-size":"auto","background-attachment":"scroll","background-type":"","background-media":"","overlay-type":"","overlay-color":"","overlay-opacity":"","overlay-gradient":""},"mobile":{"background-color":"","background-image":"","background-repeat":"repeat","background-position":"center center","background-size":"auto","background-attachment":"scroll","background-type":"","background-media":"","overlay-type":"","overlay-color":"","overlay-opacity":"","overlay-gradient":""}},"ast-content-background-meta":{"desktop":{"background-color":"var(--ast-global-color-4)","background-image":"","background-repeat":"repeat","background-position":"center center","background-size":"auto","background-attachment":"scroll","background-type":"","background-media":"","overlay-type":"","overlay-color":"","overlay-opacity":"","overlay-gradient":""},"tablet":{"background-color":"var(--ast-global-color-4)","background-image":"","background-repeat":"repeat","background-position":"center center","background-size":"auto","background-attachment":"scroll","background-type":"","background-media":"","overlay-type":"","overlay-color":"","overlay-opacity":"","overlay-gradient":""},"mobile":{"background-color":"var(--ast-global-color-4)","background-image":"","background-repeat":"repeat","background-position":"center center","background-size":"auto","background-attachment":"scroll","background-type":"","background-media":"","overlay-type":"","overlay-color":"","overlay-opacity":"","overlay-gradient":""}}},"product_brand":[],"product_cat":[91,92],"product_tag":[],"giftcard-category":[],"class_list":{"0":"post-609","1":"product","2":"type-product","3":"status-publish","4":"has-post-thumbnail","6":"product_cat-mayco-glasurer","7":"product_cat-mayco-stoneware","8":"pa_matsikker-ikke-matsikker","9":"pa_temperatur-hoybrent-steingods","10":"desktop-align-center","11":"tablet-align-left","12":"mobile-align-left","14":"first","15":"instock","16":"taxable","17":"shipping-taxable","18":"purchasable","19":"product-type-simple"},"uagb_featured_image_src":{"full":["https:\/\/nordglaze.no\/wp-content\/uploads\/2026\/02\/sw-405-light-magma-stoneware-glaze.jpg",800,745,false],"thumbnail":["https:\/\/nordglaze.no\/wp-content\/uploads\/2026\/02\/sw-405-light-magma-stoneware-glaze-150x150.jpg",150,150,true],"medium":["https:\/\/nordglaze.no\/wp-content\/uploads\/2026\/02\/sw-405-light-magma-stoneware-glaze-300x279.jpg",300,279,true],"medium_large":["https:\/\/nordglaze.no\/wp-content\/uploads\/2026\/02\/sw-405-light-magma-stoneware-glaze-768x715.jpg",768,715,true],"large":["https:\/\/nordglaze.no\/wp-content\/uploads\/2026\/02\/sw-405-light-magma-stoneware-glaze.jpg",800,745,false],"1536x1536":["https:\/\/nordglaze.no\/wp-content\/uploads\/2026\/02\/sw-405-light-magma-stoneware-glaze.jpg",800,745,false],"2048x2048":["https:\/\/nordglaze.no\/wp-content\/uploads\/2026\/02\/sw-405-light-magma-stoneware-glaze.jpg",800,745,false],"trp-custom-language-flag":["https:\/\/nordglaze.no\/wp-content\/uploads\/2026\/02\/sw-405-light-magma-stoneware-glaze.jpg",13,12,false],"woocommerce_thumbnail":["https:\/\/nordglaze.no\/wp-content\/uploads\/2026\/02\/sw-405-light-magma-stoneware-glaze-300x279.jpg",300,279,true],"woocommerce_single":["https:\/\/nordglaze.no\/wp-content\/uploads\/2026\/02\/sw-405-light-magma-stoneware-glaze-600x559.jpg",600,559,true],"woocommerce_gallery_thumbnail":["https:\/\/nordglaze.no\/wp-content\/uploads\/2026\/02\/sw-405-light-magma-stoneware-glaze-100x100.jpg",100,100,true],"variation_swatches_image_size":["https:\/\/nordglaze.no\/wp-content\/uploads\/2026\/02\/sw-405-light-magma-stoneware-glaze.jpg",50,47,false],"variation_swatches_tooltip_size":["https:\/\/nordglaze.no\/wp-content\/uploads\/2026\/02\/sw-405-light-magma-stoneware-glaze.jpg",100,93,false]},"uagb_author_info":{"display_name":"jennifer-admin","author_link":"https:\/\/nordglaze.no\/sv\/author\/"},"uagb_comment_info":0,"uagb_excerpt":"En lysere utgave av Magma, med ru overflate og tydelig kraterlignende struktur. Sendes innen 2\u20134 arbeidsdager.","_links":{"self":[{"href":"https:\/\/nordglaze.no\/sv\/wp-json\/wp\/v2\/product\/609","targetHints":{"allow":["GET"]}}],"collection":[{"href":"https:\/\/nordglaze.no\/sv\/wp-json\/wp\/v2\/product"}],"about":[{"href":"https:\/\/nordglaze.no\/sv\/wp-json\/wp\/v2\/types\/product"}],"wp:featuredmedia":[{"embeddable":true,"href":"https:\/\/nordglaze.no\/sv\/wp-json\/wp\/v2\/media\/608"}],"wp:attachment":[{"href":"https:\/\/nordglaze.no\/sv\/wp-json\/wp\/v2\/media?parent=609"}],"wp:term":[{"taxonomy":"product_brand","embeddable":true,"href":"https:\/\/nordglaze.no\/sv\/wp-json\/wp\/v2\/product_brand?post=609"},{"taxonomy":"product_cat","embeddable":true,"href":"https:\/\/nordglaze.no\/sv\/wp-json\/wp\/v2\/product_cat?post=609"},{"taxonomy":"product_tag","embeddable":true,"href":"https:\/\/nordglaze.no\/sv\/wp-json\/wp\/v2\/product_tag?post=609"},{"taxonomy":"giftcard-category","embeddable":true,"href":"https:\/\/nordglaze.no\/sv\/wp-json\/wp\/v2\/giftcard-category?post=609"}],"curies":[{"name":"wp","href":"https:\/\/api.w.org\/{rel}","templated":true}]}}