{"id":815,"date":"2026-02-20T18:40:14","date_gmt":"2026-02-20T18:40:14","guid":{"rendered":"https:\/\/nordglaze.no\/produkt\/demin-blue\/"},"modified":"2026-03-23T23:41:52","modified_gmt":"2026-03-23T23:41:52","slug":"demin-blue","status":"publish","type":"product","link":"https:\/\/nordglaze.no\/sv\/produkt\/demin-blue\/","title":{"rendered":"Demin Bl\u00e5 (sj\u00e4lvglaserande)"},"content":{"rendered":"<p>Denna underglasyr \u00e4r sj\u00e4lvglaserande. Det betyder att du inte beh\u00f6ver l\u00e4gga ett lager transparent glasyr ovanp\u00e5 f\u00f6r att f\u00e5 en blank finish.<br \/>\nDen kan p\u00e5f\u00f6ras b\u00e5de f\u00f6re och efter r\u00e5br\u00e4nning.<br \/>\nApplicera 3 tunna lager och l\u00e5t varje lager torka ordentligt i n\u00e5gra sekunder innan du applicerar n\u00e4sta.<br \/>\nBr\u00e4nns p\u00e5 1200\u20131250 \u00b0C (Cone 5\u20136).<\/p>","protected":false},"excerpt":{"rendered":"<p>Levereras inom 2-4 arbetsdagar.<\/p>","protected":false},"featured_media":2347,"template":"","meta":{"_uag_custom_page_level_css":"","site-sidebar-layout":"default","site-content-layout":"","ast-site-content-layout":"default","site-content-style":"default","site-sidebar-style":"default","ast-global-header-display":"","ast-banner-title-visibility":"","ast-main-header-display":"","ast-hfb-above-header-display":"","ast-hfb-below-header-display":"","ast-hfb-mobile-header-display":"","site-post-title":"","ast-breadcrumbs-content":"","ast-featured-img":"","footer-sml-layout":"","ast-disable-related-posts":"","theme-transparent-header-meta":"default","adv-header-id-meta":"","stick-header-meta":"","header-above-stick-meta":"","header-main-stick-meta":"","header-below-stick-meta":"","astra-migrate-meta-layouts":"set","ast-page-background-enabled":"default","ast-page-background-meta":{"desktop":{"background-color":"var(--ast-global-color-5)","background-image":"","background-repeat":"repeat","background-position":"center center","background-size":"auto","background-attachment":"scroll","background-type":"","background-media":"","overlay-type":"","overlay-color":"","overlay-opacity":"","overlay-gradient":""},"tablet":{"background-color":"","background-image":"","background-repeat":"repeat","background-position":"center center","background-size":"auto","background-attachment":"scroll","background-type":"","background-media":"","overlay-type":"","overlay-color":"","overlay-opacity":"","overlay-gradient":""},"mobile":{"background-color":"","background-image":"","background-repeat":"repeat","background-position":"center center","background-size":"auto","background-attachment":"scroll","background-type":"","background-media":"","overlay-type":"","overlay-color":"","overlay-opacity":"","overlay-gradient":""}},"ast-content-background-meta":{"desktop":{"background-color":"var(--ast-global-color-4)","background-image":"","background-repeat":"repeat","background-position":"center center","background-size":"auto","background-attachment":"scroll","background-type":"","background-media":"","overlay-type":"","overlay-color":"","overlay-opacity":"","overlay-gradient":""},"tablet":{"background-color":"var(--ast-global-color-4)","background-image":"","background-repeat":"repeat","background-position":"center center","background-size":"auto","background-attachment":"scroll","background-type":"","background-media":"","overlay-type":"","overlay-color":"","overlay-opacity":"","overlay-gradient":""},"mobile":{"background-color":"var(--ast-global-color-4)","background-image":"","background-repeat":"repeat","background-position":"center center","background-size":"auto","background-attachment":"scroll","background-type":"","background-media":"","overlay-type":"","overlay-color":"","overlay-opacity":"","overlay-gradient":""}}},"product_brand":[],"product_cat":[19],"product_tag":[],"giftcard-category":[],"class_list":{"0":"post-815","1":"product","2":"type-product","3":"status-publish","4":"has-post-thumbnail","6":"product_cat-underglasur","7":"pa_matsikker-matsikker","8":"pa_temperatur-hoybrent-steingods","9":"desktop-align-center","10":"tablet-align-left","11":"mobile-align-left","13":"first","14":"instock","15":"taxable","16":"shipping-taxable","17":"purchasable","18":"product-type-simple"},"uagb_featured_image_src":{"full":["https:\/\/nordglaze.no\/wp-content\/uploads\/2026\/03\/79.png",600,600,false],"thumbnail":["https:\/\/nordglaze.no\/wp-content\/uploads\/2026\/03\/79-150x150.png",150,150,true],"medium":["https:\/\/nordglaze.no\/wp-content\/uploads\/2026\/03\/79-300x300.png",300,300,true],"medium_large":["https:\/\/nordglaze.no\/wp-content\/uploads\/2026\/03\/79.png",600,600,false],"large":["https:\/\/nordglaze.no\/wp-content\/uploads\/2026\/03\/79.png",600,600,false],"1536x1536":["https:\/\/nordglaze.no\/wp-content\/uploads\/2026\/03\/79.png",600,600,false],"2048x2048":["https:\/\/nordglaze.no\/wp-content\/uploads\/2026\/03\/79.png",600,600,false],"trp-custom-language-flag":["https:\/\/nordglaze.no\/wp-content\/uploads\/2026\/03\/79-12x12.png",12,12,true],"woocommerce_thumbnail":["https:\/\/nordglaze.no\/wp-content\/uploads\/2026\/03\/79-300x300.png",300,300,true],"woocommerce_single":["https:\/\/nordglaze.no\/wp-content\/uploads\/2026\/03\/79.png",600,600,false],"woocommerce_gallery_thumbnail":["https:\/\/nordglaze.no\/wp-content\/uploads\/2026\/03\/79-100x100.png",100,100,true],"variation_swatches_image_size":["https:\/\/nordglaze.no\/wp-content\/uploads\/2026\/03\/79-50x50.png",50,50,true],"variation_swatches_tooltip_size":["https:\/\/nordglaze.no\/wp-content\/uploads\/2026\/03\/79-100x100.png",100,100,true]},"uagb_author_info":{"display_name":"jennifer-admin","author_link":"https:\/\/nordglaze.no\/sv\/author\/"},"uagb_comment_info":0,"uagb_excerpt":"Sendes innen 2\u20134 arbeidsdager.","_links":{"self":[{"href":"https:\/\/nordglaze.no\/sv\/wp-json\/wp\/v2\/product\/815","targetHints":{"allow":["GET"]}}],"collection":[{"href":"https:\/\/nordglaze.no\/sv\/wp-json\/wp\/v2\/product"}],"about":[{"href":"https:\/\/nordglaze.no\/sv\/wp-json\/wp\/v2\/types\/product"}],"wp:featuredmedia":[{"embeddable":true,"href":"https:\/\/nordglaze.no\/sv\/wp-json\/wp\/v2\/media\/2347"}],"wp:attachment":[{"href":"https:\/\/nordglaze.no\/sv\/wp-json\/wp\/v2\/media?parent=815"}],"wp:term":[{"taxonomy":"product_brand","embeddable":true,"href":"https:\/\/nordglaze.no\/sv\/wp-json\/wp\/v2\/product_brand?post=815"},{"taxonomy":"product_cat","embeddable":true,"href":"https:\/\/nordglaze.no\/sv\/wp-json\/wp\/v2\/product_cat?post=815"},{"taxonomy":"product_tag","embeddable":true,"href":"https:\/\/nordglaze.no\/sv\/wp-json\/wp\/v2\/product_tag?post=815"},{"taxonomy":"giftcard-category","embeddable":true,"href":"https:\/\/nordglaze.no\/sv\/wp-json\/wp\/v2\/giftcard-category?post=815"}],"curies":[{"name":"wp","href":"https:\/\/api.w.org\/{rel}","templated":true}]}}